{"id":17618,"date":"2024-03-21T23:55:17","date_gmt":"2024-03-21T22:55:17","guid":{"rendered":"https:\/\/www.yvar-bregeant.com\/?page_id=17618"},"modified":"2026-01-11T22:26:10","modified_gmt":"2026-01-11T21:26:10","slug":"biografia-contacto-2","status":"publish","type":"page","link":"https:\/\/www.yvar-bregeant.com\/es\/biografia-contacto-2\/","title":{"rendered":"Biograf\u00eda"},"content":{"rendered":"<style>.elementor-17618 .elementor-element.elementor-element-7eb037f5 > .elementor-container{max-width:1290px;}.elementor-17618 .elementor-element.elementor-element-7eb037f5:not(.elementor-motion-effects-element-type-background), .elementor-17618 .elementor-element.elementor-element-7eb037f5 > .elementor-motion-effects-container > .elementor-motion-effects-layer{background-image:url(\"https:\/\/www.yvar-bregeant.com\/wp-content\/uploads\/2023\/06\/livre1-1.jpg\");background-position:0% 65%;background-repeat:no-repeat;background-size:cover;}.elementor-17618 .elementor-element.elementor-element-7eb037f5 > .elementor-background-overlay{background-color:transparent;background-image:linear-gradient(180deg, #0B0A15BA 30%, #0B0A15 100%);opacity:1;transition:background 0.3s, border-radius 0.3s, opacity 0.3s;}.elementor-17618 .elementor-element.elementor-element-7eb037f5{transition:background 0.3s, border 0.3s, border-radius 0.3s, box-shadow 0.3s;margin-top:-95px;margin-bottom:0px;padding:300px 0px 130px 0px;z-index:0;}.elementor-17618 .elementor-element.elementor-element-450b1869{text-align:start;}.elementor-17618 .elementor-element.elementor-element-450b1869 .elementor-heading-title{font-family:\"Girassol\", Sans-serif;font-size:42px;font-weight:500;text-transform:uppercase;letter-spacing:5px;color:#FFFFFF;}.elementor-17618 .elementor-element.elementor-element-450b1869 > .elementor-widget-container{margin:0px 0px 0px 0px;}.elementor-17618 .elementor-element.elementor-element-e9e7ee9{--display:flex;}.elementor-17618 .elementor-element.elementor-element-5b41d35{text-align:justify;font-family:\"Times New Roman\", Sans-serif;font-size:18px;color:var( --e-global-color-40e36de );}.elementor-17618 .elementor-element.elementor-element-5b41d35 > .elementor-widget-container{padding:10px 10px 10px 10px;}:root{--page-title-display:none;}@media(max-width:1024px){.elementor-17618 .elementor-element.elementor-element-7eb037f5:not(.elementor-motion-effects-element-type-background), .elementor-17618 .elementor-element.elementor-element-7eb037f5 > .elementor-motion-effects-container > .elementor-motion-effects-layer{background-position:0px 0px;}.elementor-17618 .elementor-element.elementor-element-7eb037f5{padding:250px 0px 100px 0px;}.elementor-17618 .elementor-element.elementor-element-2b18fd31 > .elementor-element-populated{margin:0px 10px 0px 10px;--e-column-margin-right:10px;--e-column-margin-left:10px;}.elementor-17618 .elementor-element.elementor-element-450b1869 .elementor-heading-title{font-size:42px;line-height:1.2em;}}@media(max-width:767px){.elementor-17618 .elementor-element.elementor-element-7eb037f5:not(.elementor-motion-effects-element-type-background), .elementor-17618 .elementor-element.elementor-element-7eb037f5 > .elementor-motion-effects-container > .elementor-motion-effects-layer{background-position:80% 0px;}.elementor-17618 .elementor-element.elementor-element-7eb037f5{padding:220px 0px 50px 0px;}.elementor-17618 .elementor-element.elementor-element-2b18fd31 > .elementor-element-populated{margin:0px 5px 0px 5px;--e-column-margin-right:5px;--e-column-margin-left:5px;}.elementor-17618 .elementor-element.elementor-element-450b1869{text-align:center;}.elementor-17618 .elementor-element.elementor-element-450b1869 .elementor-heading-title{font-size:42px;line-height:1.2em;}.elementor-17618 .elementor-element.elementor-element-5b41d35{font-size:16px;}}<\/style>\t\t<div data-elementor-type=\"wp-page\" data-elementor-id=\"17618\" class=\"elementor elementor-17618\" data-elementor-post-type=\"page\">\n\t\t\t\t\t\t<section class=\"elementor-section elementor-top-section elementor-element elementor-element-7eb037f5 elementor-section-boxed elementor-section-height-default elementor-section-height-default\" data-id=\"7eb037f5\" data-element_type=\"section\" data-e-type=\"section\" data-settings=\"{&quot;background_background&quot;:&quot;classic&quot;}\">\n\t\t\t\t\t\t\t<div class=\"elementor-background-overlay\"><\/div>\n\t\t\t\t\t\t\t<div class=\"elementor-container elementor-column-gap-default\">\n\t\t\t\t\t<div class=\"elementor-column elementor-col-100 elementor-top-column elementor-element elementor-element-2b18fd31\" data-id=\"2b18fd31\" data-element_type=\"column\" data-e-type=\"column\">\n\t\t\t<div class=\"elementor-widget-wrap elementor-element-populated\">\n\t\t\t\t\t\t<div class=\"elementor-element elementor-element-450b1869 elementor-widget elementor-widget-heading\" data-id=\"450b1869\" data-element_type=\"widget\" data-e-type=\"widget\" data-widget_type=\"heading.default\">\n\t\t\t\t<div class=\"elementor-widget-container\">\n\t\t\t\t\t<h1 class=\"elementor-heading-title elementor-size-default\">Biograf\u00eda<\/h1>\t\t\t\t<\/div>\n\t\t\t\t<\/div>\n\t\t\t\t\t<\/div>\n\t\t<\/div>\n\t\t\t\t\t<\/div>\n\t\t<\/section>\n\t\t<div class=\"elementor-element elementor-element-e9e7ee9 e-flex e-con-boxed e-con e-parent\" data-id=\"e9e7ee9\" data-element_type=\"container\" data-e-type=\"container\">\n\t\t\t\t\t<div class=\"e-con-inner\">\n\t\t\t\t<div class=\"elementor-element elementor-element-1d66a66 elementor-widget elementor-widget-heading\" data-id=\"1d66a66\" data-element_type=\"widget\" data-e-type=\"widget\" data-widget_type=\"heading.default\">\n\t\t\t\t<div class=\"elementor-widget-container\">\n\t\t\t\t\t<h2 class=\"elementor-heading-title elementor-size-default\">\u00bfqui\u00e9n es yvar bregeant?<\/h2>\t\t\t\t<\/div>\n\t\t\t\t<\/div>\n\t\t\t\t<div class=\"elementor-element elementor-element-5b41d35 elementor-widget elementor-widget-text-editor\" data-id=\"5b41d35\" data-element_type=\"widget\" data-e-type=\"widget\" data-widget_type=\"text-editor.default\">\n\t\t\t\t<div class=\"elementor-widget-container\">\n\t\t\t\t\t\t\t\t\t<p><span style=\"color: #000000;\">Soy un investigador independiente franc\u00e9s, cristiano Testigo de Jehov\u00e1, de 55 a\u00f1os, casado y con dos hijos peque\u00f1os. <\/span><\/p><p><span style=\"color: #000000;\">Fui misionero en el mundo \u00e1rabe egipcio (copto y musulm\u00e1n) durante m\u00e1s de 10 a\u00f1os, entre los 20 y los 30 a\u00f1os.<\/span><\/p><p><span style=\"color: #000000;\">Hablo \u00e1rabe, pero tambi\u00e9n soy pol\u00edglota y me apasionan las lenguas y culturas extranjeras. <\/span><\/p><p><span style=\"color: #000000;\">Especialista en lenguas arcaicas (sumeria y jerogl\u00edfica), s\u00edmbolos, mitos, cultos y religiones.<\/span><\/p><p><span style=\"color: #000000;\">Mis \u00e1reas de especializaci\u00f3n son la ling\u00fc\u00edstica arcaica, la simbolog\u00eda comparada, la mitolog\u00eda comparada y la teolog\u00eda comparada.<\/span><\/p>\t\t\t\t\t\t\t\t<\/div>\n\t\t\t\t<\/div>\n\t\t\t\t\t<\/div>\n\t\t\t\t<\/div>\n\t\t\t\t<\/div>\n\t\t","protected":false},"excerpt":{"rendered":"<p>Biograf\u00eda \u00bfqui\u00e9n es yvar bregeant? Soy un investigador independiente franc\u00e9s, cristiano Testigo de Jehov\u00e1, de 55 a\u00f1os, casado y con dos hijos peque\u00f1os. Fui misionero en el mundo \u00e1rabe egipcio (copto y musulm\u00e1n) durante m\u00e1s de 10 a\u00f1os, entre los 20 y los 30 a\u00f1os. Hablo \u00e1rabe, pero tambi\u00e9n soy pol\u00edglota y me apasionan las [&hellip;]<\/p>\n","protected":false},"author":4,"featured_media":18053,"parent":0,"menu_order":0,"comment_status":"closed","ping_status":"closed","template":"elementor_header_footer","meta":{"footnotes":""},"class_list":["post-17618","page","type-page","status-publish","has-post-thumbnail","hentry"],"yoast_head":"<!-- This site is optimized with the Yoast SEO plugin v27.4 - https:\/\/yoast.com\/product\/yoast-seo-wordpress\/ -->\n<title>Biograf\u00eda \/ Yvar Bregeant | Autor<\/title>\n<meta name=\"description\" content=\"Esta p\u00e1gina contiene una breve biograf\u00eda de Yvar Bregeant.\" \/>\n<meta name=\"robots\" content=\"index, follow, max-snippet:-1, max-image-preview:large, max-video-preview:-1\" \/>\n<link rel=\"canonical\" href=\"https:\/\/www.yvar-bregeant.com\/es\/biografia-contacto-2\/\" \/>\n<meta property=\"og:locale\" content=\"es_ES\" \/>\n<meta property=\"og:type\" content=\"article\" \/>\n<meta property=\"og:title\" content=\"Biograf\u00eda \/ Yvar Bregeant | Autor\" \/>\n<meta property=\"og:description\" content=\"Esta p\u00e1gina contiene una breve biograf\u00eda de Yvar Bregeant.\" \/>\n<meta property=\"og:url\" content=\"https:\/\/www.yvar-bregeant.com\/es\/biografia-contacto-2\/\" \/>\n<meta property=\"og:site_name\" content=\"Yvar Bregeant\" \/>\n<meta property=\"article:publisher\" content=\"https:\/\/www.facebook.com\/profile.php?id=61553731625098\" \/>\n<meta property=\"article:modified_time\" content=\"2026-01-11T21:26:10+00:00\" \/>\n<meta property=\"og:image\" content=\"https:\/\/www.yvar-bregeant.com\/wp-content\/uploads\/2024\/03\/Moine-wattpad.jpg\" \/>\n\t<meta property=\"og:image:width\" content=\"328\" \/>\n\t<meta property=\"og:image:height\" content=\"401\" \/>\n\t<meta property=\"og:image:type\" content=\"image\/jpeg\" \/>\n<meta name=\"twitter:card\" content=\"summary_large_image\" \/>\n<meta name=\"twitter:label1\" content=\"Tiempo de lectura\" \/>\n\t<meta name=\"twitter:data1\" content=\"1 minuto\" \/>\n<script type=\"application\/ld+json\" class=\"yoast-schema-graph\">{\"@context\":\"https:\\\/\\\/schema.org\",\"@graph\":[{\"@type\":\"WebPage\",\"@id\":\"https:\\\/\\\/www.yvar-bregeant.com\\\/es\\\/biografia-contacto-2\\\/\",\"url\":\"https:\\\/\\\/www.yvar-bregeant.com\\\/es\\\/biografia-contacto-2\\\/\",\"name\":\"Biograf\u00eda \\\/ Yvar Bregeant | Autor\",\"isPartOf\":{\"@id\":\"https:\\\/\\\/www.yvar-bregeant.com\\\/es\\\/#website\"},\"primaryImageOfPage\":{\"@id\":\"https:\\\/\\\/www.yvar-bregeant.com\\\/es\\\/biografia-contacto-2\\\/#primaryimage\"},\"image\":{\"@id\":\"https:\\\/\\\/www.yvar-bregeant.com\\\/es\\\/biografia-contacto-2\\\/#primaryimage\"},\"thumbnailUrl\":\"https:\\\/\\\/www.yvar-bregeant.com\\\/wp-content\\\/uploads\\\/2024\\\/03\\\/Moine-wattpad.jpg\",\"datePublished\":\"2024-03-21T22:55:17+00:00\",\"dateModified\":\"2026-01-11T21:26:10+00:00\",\"description\":\"Esta p\u00e1gina contiene una breve biograf\u00eda de Yvar Bregeant.\",\"breadcrumb\":{\"@id\":\"https:\\\/\\\/www.yvar-bregeant.com\\\/es\\\/biografia-contacto-2\\\/#breadcrumb\"},\"inLanguage\":\"es\",\"potentialAction\":[{\"@type\":\"ReadAction\",\"target\":[\"https:\\\/\\\/www.yvar-bregeant.com\\\/es\\\/biografia-contacto-2\\\/\"]}]},{\"@type\":\"ImageObject\",\"inLanguage\":\"es\",\"@id\":\"https:\\\/\\\/www.yvar-bregeant.com\\\/es\\\/biografia-contacto-2\\\/#primaryimage\",\"url\":\"https:\\\/\\\/www.yvar-bregeant.com\\\/wp-content\\\/uploads\\\/2024\\\/03\\\/Moine-wattpad.jpg\",\"contentUrl\":\"https:\\\/\\\/www.yvar-bregeant.com\\\/wp-content\\\/uploads\\\/2024\\\/03\\\/Moine-wattpad.jpg\",\"width\":328,\"height\":401},{\"@type\":\"BreadcrumbList\",\"@id\":\"https:\\\/\\\/www.yvar-bregeant.com\\\/es\\\/biografia-contacto-2\\\/#breadcrumb\",\"itemListElement\":[{\"@type\":\"ListItem\",\"position\":1,\"name\":\"Accueil\",\"item\":\"https:\\\/\\\/www.yvar-bregeant.com\\\/es\\\/\"},{\"@type\":\"ListItem\",\"position\":2,\"name\":\"Biograf\u00eda\"}]},{\"@type\":\"WebSite\",\"@id\":\"https:\\\/\\\/www.yvar-bregeant.com\\\/es\\\/#website\",\"url\":\"https:\\\/\\\/www.yvar-bregeant.com\\\/es\\\/\",\"name\":\"Yvar Bregeant\",\"description\":\"\",\"publisher\":{\"@id\":\"https:\\\/\\\/www.yvar-bregeant.com\\\/es\\\/#organization\"},\"potentialAction\":[{\"@type\":\"SearchAction\",\"target\":{\"@type\":\"EntryPoint\",\"urlTemplate\":\"https:\\\/\\\/www.yvar-bregeant.com\\\/es\\\/?s={search_term_string}\"},\"query-input\":{\"@type\":\"PropertyValueSpecification\",\"valueRequired\":true,\"valueName\":\"search_term_string\"}}],\"inLanguage\":\"es\"},{\"@type\":\"Organization\",\"@id\":\"https:\\\/\\\/www.yvar-bregeant.com\\\/es\\\/#organization\",\"name\":\"Yvar Bregeant\",\"url\":\"https:\\\/\\\/www.yvar-bregeant.com\\\/es\\\/\",\"logo\":{\"@type\":\"ImageObject\",\"inLanguage\":\"es\",\"@id\":\"https:\\\/\\\/www.yvar-bregeant.com\\\/es\\\/#\\\/schema\\\/logo\\\/image\\\/\",\"url\":\"https:\\\/\\\/www.yvar-bregeant.com\\\/wp-content\\\/uploads\\\/2023\\\/12\\\/Logo-de-presentation-onglet-structuration-russe.jpg\",\"contentUrl\":\"https:\\\/\\\/www.yvar-bregeant.com\\\/wp-content\\\/uploads\\\/2023\\\/12\\\/Logo-de-presentation-onglet-structuration-russe.jpg\",\"width\":612,\"height\":586,\"caption\":\"Yvar Bregeant\"},\"image\":{\"@id\":\"https:\\\/\\\/www.yvar-bregeant.com\\\/es\\\/#\\\/schema\\\/logo\\\/image\\\/\"},\"sameAs\":[\"https:\\\/\\\/www.facebook.com\\\/profile.php?id=61553731625098\"]}]}<\/script>\n<!-- \/ Yoast SEO plugin. -->","yoast_head_json":{"title":"Biograf\u00eda \/ Yvar Bregeant | Autor","description":"Esta p\u00e1gina contiene una breve biograf\u00eda de Yvar Bregeant.","robots":{"index":"index","follow":"follow","max-snippet":"max-snippet:-1","max-image-preview":"max-image-preview:large","max-video-preview":"max-video-preview:-1"},"canonical":"https:\/\/www.yvar-bregeant.com\/es\/biografia-contacto-2\/","og_locale":"es_ES","og_type":"article","og_title":"Biograf\u00eda \/ Yvar Bregeant | Autor","og_description":"Esta p\u00e1gina contiene una breve biograf\u00eda de Yvar Bregeant.","og_url":"https:\/\/www.yvar-bregeant.com\/es\/biografia-contacto-2\/","og_site_name":"Yvar Bregeant","article_publisher":"https:\/\/www.facebook.com\/profile.php?id=61553731625098","article_modified_time":"2026-01-11T21:26:10+00:00","og_image":[{"width":328,"height":401,"url":"https:\/\/www.yvar-bregeant.com\/wp-content\/uploads\/2024\/03\/Moine-wattpad.jpg","type":"image\/jpeg"}],"twitter_card":"summary_large_image","twitter_misc":{"Tiempo de lectura":"1 minuto"},"schema":{"@context":"https:\/\/schema.org","@graph":[{"@type":"WebPage","@id":"https:\/\/www.yvar-bregeant.com\/es\/biografia-contacto-2\/","url":"https:\/\/www.yvar-bregeant.com\/es\/biografia-contacto-2\/","name":"Biograf\u00eda \/ Yvar Bregeant | Autor","isPartOf":{"@id":"https:\/\/www.yvar-bregeant.com\/es\/#website"},"primaryImageOfPage":{"@id":"https:\/\/www.yvar-bregeant.com\/es\/biografia-contacto-2\/#primaryimage"},"image":{"@id":"https:\/\/www.yvar-bregeant.com\/es\/biografia-contacto-2\/#primaryimage"},"thumbnailUrl":"https:\/\/www.yvar-bregeant.com\/wp-content\/uploads\/2024\/03\/Moine-wattpad.jpg","datePublished":"2024-03-21T22:55:17+00:00","dateModified":"2026-01-11T21:26:10+00:00","description":"Esta p\u00e1gina contiene una breve biograf\u00eda de Yvar Bregeant.","breadcrumb":{"@id":"https:\/\/www.yvar-bregeant.com\/es\/biografia-contacto-2\/#breadcrumb"},"inLanguage":"es","potentialAction":[{"@type":"ReadAction","target":["https:\/\/www.yvar-bregeant.com\/es\/biografia-contacto-2\/"]}]},{"@type":"ImageObject","inLanguage":"es","@id":"https:\/\/www.yvar-bregeant.com\/es\/biografia-contacto-2\/#primaryimage","url":"https:\/\/www.yvar-bregeant.com\/wp-content\/uploads\/2024\/03\/Moine-wattpad.jpg","contentUrl":"https:\/\/www.yvar-bregeant.com\/wp-content\/uploads\/2024\/03\/Moine-wattpad.jpg","width":328,"height":401},{"@type":"BreadcrumbList","@id":"https:\/\/www.yvar-bregeant.com\/es\/biografia-contacto-2\/#breadcrumb","itemListElement":[{"@type":"ListItem","position":1,"name":"Accueil","item":"https:\/\/www.yvar-bregeant.com\/es\/"},{"@type":"ListItem","position":2,"name":"Biograf\u00eda"}]},{"@type":"WebSite","@id":"https:\/\/www.yvar-bregeant.com\/es\/#website","url":"https:\/\/www.yvar-bregeant.com\/es\/","name":"Yvar Bregeant","description":"","publisher":{"@id":"https:\/\/www.yvar-bregeant.com\/es\/#organization"},"potentialAction":[{"@type":"SearchAction","target":{"@type":"EntryPoint","urlTemplate":"https:\/\/www.yvar-bregeant.com\/es\/?s={search_term_string}"},"query-input":{"@type":"PropertyValueSpecification","valueRequired":true,"valueName":"search_term_string"}}],"inLanguage":"es"},{"@type":"Organization","@id":"https:\/\/www.yvar-bregeant.com\/es\/#organization","name":"Yvar Bregeant","url":"https:\/\/www.yvar-bregeant.com\/es\/","logo":{"@type":"ImageObject","inLanguage":"es","@id":"https:\/\/www.yvar-bregeant.com\/es\/#\/schema\/logo\/image\/","url":"https:\/\/www.yvar-bregeant.com\/wp-content\/uploads\/2023\/12\/Logo-de-presentation-onglet-structuration-russe.jpg","contentUrl":"https:\/\/www.yvar-bregeant.com\/wp-content\/uploads\/2023\/12\/Logo-de-presentation-onglet-structuration-russe.jpg","width":612,"height":586,"caption":"Yvar Bregeant"},"image":{"@id":"https:\/\/www.yvar-bregeant.com\/es\/#\/schema\/logo\/image\/"},"sameAs":["https:\/\/www.facebook.com\/profile.php?id=61553731625098"]}]}},"_links":{"self":[{"href":"https:\/\/www.yvar-bregeant.com\/es\/wp-json\/wp\/v2\/pages\/17618","targetHints":{"allow":["GET"]}}],"collection":[{"href":"https:\/\/www.yvar-bregeant.com\/es\/wp-json\/wp\/v2\/pages"}],"about":[{"href":"https:\/\/www.yvar-bregeant.com\/es\/wp-json\/wp\/v2\/types\/page"}],"author":[{"embeddable":true,"href":"https:\/\/www.yvar-bregeant.com\/es\/wp-json\/wp\/v2\/users\/4"}],"replies":[{"embeddable":true,"href":"https:\/\/www.yvar-bregeant.com\/es\/wp-json\/wp\/v2\/comments?post=17618"}],"version-history":[{"count":2,"href":"https:\/\/www.yvar-bregeant.com\/es\/wp-json\/wp\/v2\/pages\/17618\/revisions"}],"predecessor-version":[{"id":42997,"href":"https:\/\/www.yvar-bregeant.com\/es\/wp-json\/wp\/v2\/pages\/17618\/revisions\/42997"}],"wp:featuredmedia":[{"embeddable":true,"href":"https:\/\/www.yvar-bregeant.com\/es\/wp-json\/wp\/v2\/media\/18053"}],"wp:attachment":[{"href":"https:\/\/www.yvar-bregeant.com\/es\/wp-json\/wp\/v2\/media?parent=17618"}],"curies":[{"name":"wp","href":"https:\/\/api.w.org\/{rel}","templated":true}]}}