{"id":17980,"date":"2024-03-24T10:08:31","date_gmt":"2024-03-24T10:08:31","guid":{"rendered":"https:\/\/www.yvar-bregeant.com\/?page_id=17980"},"modified":"2024-03-26T17:45:36","modified_gmt":"2024-03-26T17:45:36","slug":"prefacio-revista-de-prensa-2","status":"publish","type":"page","link":"https:\/\/www.yvar-bregeant.com\/es\/prefacio-revista-de-prensa-2\/","title":{"rendered":"Revista de prensa"},"content":{"rendered":"\t\t<div data-elementor-type=\"wp-page\" data-elementor-id=\"17980\" class=\"elementor elementor-17980 elementor-17973\" data-elementor-post-type=\"page\">\n\t\t\t\t\t\t<section class=\"elementor-section elementor-top-section elementor-element elementor-element-4d9f341d elementor-section-boxed elementor-section-height-default elementor-section-height-default\" data-id=\"4d9f341d\" data-element_type=\"section\" data-e-type=\"section\" data-settings=\"{&quot;background_background&quot;:&quot;classic&quot;}\">\n\t\t\t\t\t\t\t<div class=\"elementor-background-overlay\"><\/div>\n\t\t\t\t\t\t\t<div class=\"elementor-container elementor-column-gap-default\">\n\t\t\t\t\t<div class=\"elementor-column elementor-col-100 elementor-top-column elementor-element elementor-element-8cc621\" data-id=\"8cc621\" data-element_type=\"column\" data-e-type=\"column\">\n\t\t\t<div class=\"elementor-widget-wrap elementor-element-populated\">\n\t\t\t\t\t\t<div class=\"elementor-element elementor-element-26ce84b1 elementor-widget elementor-widget-heading\" data-id=\"26ce84b1\" data-element_type=\"widget\" data-e-type=\"widget\" data-widget_type=\"heading.default\">\n\t\t\t\t<div class=\"elementor-widget-container\">\n\t\t\t\t\t<h1 class=\"elementor-heading-title elementor-size-default\">Revista de prensa<\/h1>\t\t\t\t<\/div>\n\t\t\t\t<\/div>\n\t\t\t\t\t<\/div>\n\t\t<\/div>\n\t\t\t\t\t<\/div>\n\t\t<\/section>\n\t\t<div class=\"elementor-element elementor-element-cf186a2 e-flex e-con-boxed e-con e-parent\" data-id=\"cf186a2\" data-element_type=\"container\" data-e-type=\"container\">\n\t\t\t\t\t<div class=\"e-con-inner\">\n\t\t\t\t<div class=\"elementor-element elementor-element-384ceb2 elementor-widget-divider--view-line elementor-widget elementor-widget-divider\" data-id=\"384ceb2\" data-element_type=\"widget\" data-e-type=\"widget\" data-widget_type=\"divider.default\">\n\t\t\t\t<div class=\"elementor-widget-container\">\n\t\t\t\t\t\t\t<div class=\"elementor-divider\">\n\t\t\t<span class=\"elementor-divider-separator\">\n\t\t\t\t\t\t<\/span>\n\t\t<\/div>\n\t\t\t\t\t\t<\/div>\n\t\t\t\t<\/div>\n\t\t\t\t<div class=\"elementor-element elementor-element-b64e223 elementor-widget-divider--view-line elementor-widget elementor-widget-divider\" data-id=\"b64e223\" data-element_type=\"widget\" data-e-type=\"widget\" data-widget_type=\"divider.default\">\n\t\t\t\t<div class=\"elementor-widget-container\">\n\t\t\t\t\t\t\t<div class=\"elementor-divider\">\n\t\t\t<span class=\"elementor-divider-separator\">\n\t\t\t\t\t\t<\/span>\n\t\t<\/div>\n\t\t\t\t\t\t<\/div>\n\t\t\t\t<\/div>\n\t\t\t\t<div class=\"elementor-element elementor-element-6b7314c elementor-widget elementor-widget-heading\" data-id=\"6b7314c\" data-element_type=\"widget\" data-e-type=\"widget\" data-widget_type=\"heading.default\">\n\t\t\t\t<div class=\"elementor-widget-container\">\n\t\t\t\t\t<h2 class=\"elementor-heading-title elementor-size-default\">Comentarios de los lectores de monbestseller.com<\/h2>\t\t\t\t<\/div>\n\t\t\t\t<\/div>\n\t\t\t\t<div class=\"elementor-element elementor-element-fdfcde9 elementor-widget elementor-widget-spacer\" data-id=\"fdfcde9\" data-element_type=\"widget\" data-e-type=\"widget\" data-widget_type=\"spacer.default\">\n\t\t\t\t<div class=\"elementor-widget-container\">\n\t\t\t\t\t\t\t<div class=\"elementor-spacer\">\n\t\t\t<div class=\"elementor-spacer-inner\"><\/div>\n\t\t<\/div>\n\t\t\t\t\t\t<\/div>\n\t\t\t\t<\/div>\n\t\t\t\t<div class=\"elementor-element elementor-element-761aef2 elementor-widget elementor-widget-text-editor\" data-id=\"761aef2\" data-element_type=\"widget\" data-e-type=\"widget\" data-widget_type=\"text-editor.default\">\n\t\t\t\t<div class=\"elementor-widget-container\">\n\t\t\t\t\t\t\t\t\t<p>Le invito a que eche un vistazo a los libros que ya se han publicado y a los numerosos comentarios positivos que se han hecho sobre cada uno de ellos.<\/p>\n<p>Me gustar\u00eda dejar claro que estos comentarios no son fruto de mi imaginaci\u00f3n, mi ego o incluso una inteligente mezcla de ambos.<\/p>\n<p>Ni amigos o familiares comprensivos&#8230;<\/p>\n<p>Como comprobaci\u00f3n leg\u00edtima, puede visitar el sitio web monbestseller.com, donde inicialmente puse las versiones completas de los libros disponibles para su lectura gratuita (ahora hay extractos disponibles). <\/p>\n<p>Los comentarios proceden de los autores y lectores de este sitio. <\/p>\n<p>Aqu\u00ed est\u00e1n los enlaces respectivos de cada libro para que pueda comprobarlo usted mismo si es necesario: <\/p>\n<p><a href=\"https:\/\/www.monbestseller.com\/manuscrit\/13910-la-reelle-histoire-de-lhumanite-et-de-dieu-tome-1-la-revelation-de-la-genese\">https:\/\/www.monbestseller.com\/manuscrit\/13910-la-reelle-histoire-de-lhumanite-et-de-dieu-tome-1-la-revelation-de-la-genese<\/a><\/p>\n<p><a href=\"https:\/\/www.monbestseller.com\/manuscrit\/18505-le-dechiffrage-du-langage-des-cavernes\">https:\/\/www.monbestseller.com\/manuscrit\/18505-le-dechiffrage-du-langage-des-cavernes<\/a><\/p>\n<p><a href=\"https:\/\/www.monbestseller.com\/manuscrit\/19429-les-temples-megalithiques-de-malte-gobekli-tepe-et-stonehenge\">https:\/\/www.monbestseller.com\/manuscrit\/19429-les-temples-megalithiques-de-malte-gobekli-tepe-et-stonehenge<\/a><\/p>\n\t\t\t\t\t\t\t\t<\/div>\n\t\t\t\t<\/div>\n\t\t\t\t<div class=\"elementor-element elementor-element-171c2fe elementor-widget elementor-widget-spacer\" data-id=\"171c2fe\" data-element_type=\"widget\" data-e-type=\"widget\" data-widget_type=\"spacer.default\">\n\t\t\t\t<div class=\"elementor-widget-container\">\n\t\t\t\t\t\t\t<div class=\"elementor-spacer\">\n\t\t\t<div class=\"elementor-spacer-inner\"><\/div>\n\t\t<\/div>\n\t\t\t\t\t\t<\/div>\n\t\t\t\t<\/div>\n\t\t\t\t<div class=\"elementor-element elementor-element-9260e60 elementor-widget elementor-widget-heading\" data-id=\"9260e60\" data-element_type=\"widget\" data-e-type=\"widget\" data-widget_type=\"heading.default\">\n\t\t\t\t<div class=\"elementor-widget-container\">\n\t\t\t\t\t<h2 class=\"elementor-heading-title elementor-size-default\">Bolet\u00edn bimestral \"Movimientos religiosos\". Mr Blandre. Director de la publicaci\u00f3n. Profesor de Historia<\/h2>\t\t\t\t<\/div>\n\t\t\t\t<\/div>\n\t\t\t\t<div class=\"elementor-element elementor-element-6bfc5a3 elementor-widget elementor-widget-spacer\" data-id=\"6bfc5a3\" data-element_type=\"widget\" data-e-type=\"widget\" data-widget_type=\"spacer.default\">\n\t\t\t\t<div class=\"elementor-widget-container\">\n\t\t\t\t\t\t\t<div class=\"elementor-spacer\">\n\t\t\t<div class=\"elementor-spacer-inner\"><\/div>\n\t\t<\/div>\n\t\t\t\t\t\t<\/div>\n\t\t\t\t<\/div>\n\t\t\t\t<div class=\"elementor-element elementor-element-a86ce1d elementor-widget elementor-widget-text-editor\" data-id=\"a86ce1d\" data-element_type=\"widget\" data-e-type=\"widget\" data-widget_type=\"text-editor.default\">\n\t\t\t\t<div class=\"elementor-widget-container\">\n\t\t\t\t\t\t\t\t\t<p>Mi \u00faltimo libro, titulado \u00abLe d\u00e9chiffrage du langage des cavernes\u00bb (que demuestra que las pinturas rupestres (animales y signos) del Paleol\u00edtico Superior corresponden al lenguaje ideogr\u00e1fico proto-sumeria).<\/p>\n<p><blockquote class=\"wp-embedded-content\" data-secret=\"Mn2mJHFz3D\"><a href=\"https:\/\/www.yvar-bregeant.com\/le-dechiffrage-du-language-des-cavernes\/\">Le d\u00e9chiffrage du language des cavernes<\/a><\/blockquote><iframe class=\"wp-embedded-content\" sandbox=\"allow-scripts\" security=\"restricted\" style=\"position: absolute; clip: rect(1px, 1px, 1px, 1px);\" title=\"\u00ab\u00a0Le d\u00e9chiffrage du language des cavernes\u00a0\u00bb &#8212; Yvar Bregeant\" src=\"https:\/\/www.yvar-bregeant.com\/le-dechiffrage-du-language-des-cavernes\/embed\/#?secret=lCFpiLyIM1#?secret=Mn2mJHFz3D\" data-secret=\"Mn2mJHFz3D\" width=\"600\" height=\"338\" frameborder=\"0\" marginwidth=\"0\" marginheight=\"0\" scrolling=\"no\"><\/iframe><\/p>\n<p>fue objeto de una lectura exhaustiva, seguida de un resumen en las p\u00e1ginas 19 a 24 del n\u00famero de septiembre de octubre.<\/p>\n<p>Le invito a consultarlo aqu\u00ed:<\/p>\n<p><a href=\"https:\/\/www.yvar-bregeant.com\/wp-content\/uploads\/2023\/11\/BULLETIN-MOUVEMENTS-RELIGIEUX-DE-SEPTEMBRE-OCTOBRE-2023.pdf\">BOLET\u00cdN MOVIMIENTOS RELIGIOSOS SEPTIEMBRE OCTUBRE 2023<\/a><\/p>\n<p>Tras esta publicaci\u00f3n, simplemente me puse en contacto con el Sr. BLANDRE para corregir su punto de vista sobre mis creencias personales:<\/p>\n<p>Desgraciadamente, a partir de mis escritos ha llegado a la conclusi\u00f3n de que formo parte de lo que \u00e9l califica de esoterismo y que he renegado de mi fe cristiana inicial.<\/p>\n<p>Lo cual es un error porque soy (y he seguido siendo) cristiano.<\/p>\n<p>El hecho de que mis investigaciones me hayan llevado a descubrir la verdadera naturaleza de la religi\u00f3n prehist\u00f3rica original no significa que me adhiera a ella. <\/p>\n<p>Simplemente intento, cuando entro en el meollo del asunto, en el an\u00e1lisis, presentar siempre el material de forma neutra, acad\u00e9mica, una neutralidad que puede llevar al lector a pensar que apoyo la visi\u00f3n mitol\u00f3gica en lugar de la versi\u00f3n b\u00edblica.<\/p>\n<p>S\u00f3lo en las introducciones o conclusiones de mis libros o en mi sitio web expongo mis creencias y mi opci\u00f3n o punto de vista personal. Espero que sean lo suficientemente claros como para comprender que soy cristiano de coraz\u00f3n, de vida y de esp\u00edritu, aunque, una vez m\u00e1s, intente prescindir totalmente de mi punto de vista en el desarrollo de los libros* y sus respectivos temas.<\/p>\n<p>Hay otras cosas que oponer a la observaci\u00f3n y al an\u00e1lisis del Sr. BLANDRE, pero no quiero entrar aqu\u00ed en pol\u00e9mica. Estoy convencido de que mi escritura hablar\u00e1 poco a poco por m\u00ed. <\/p>\n<p>Nuestras discusiones prosiguen de manera muy cordial y, sin duda, har\u00e9 un derecho de r\u00e9plica sobre este tema de mi fe personal, a principios de 2024, en un pr\u00f3ximo n\u00famero del bolet\u00edn. Aparte de eso, este art\u00edculo es bastante elogioso sobre mi persona, por lo que doy las gracias al Sr. BLANDRE, en cuanto a su inter\u00e9s por mis investigaciones y su evidente esfuerzo sincero por sintetizar el fruto de mi trabajo, que es, reconozc\u00e1moslo, bastante sustancial.<\/p>\n\t\t\t\t\t\t\t\t<\/div>\n\t\t\t\t<\/div>\n\t\t\t\t\t<\/div>\n\t\t\t\t<\/div>\n\t\t\t\t<\/div>\n\t\t","protected":false},"excerpt":{"rendered":"<p>Revista de prensa Comentarios de los lectores de monbestseller.com Le invito a que eche un vistazo a los libros que ya se han publicado y a los numerosos comentarios positivos que se han hecho sobre cada uno de ellos. Me gustar\u00eda dejar claro que estos comentarios no son fruto de mi imaginaci\u00f3n, mi ego o [&hellip;]<\/p>\n","protected":false},"author":4,"featured_media":4707,"parent":0,"menu_order":0,"comment_status":"closed","ping_status":"closed","template":"elementor_header_footer","meta":{"footnotes":""},"class_list":["post-17980","page","type-page","status-publish","has-post-thumbnail","hentry"],"yoast_head":"<!-- This site is optimized with the Yoast SEO plugin v27.5 - https:\/\/yoast.com\/product\/yoast-seo-wordpress\/ -->\n<title>C\u00f3mo descubrir la verdadera historia de las religiones de la humanidad<\/title>\n<meta name=\"description\" content=\"\u00bfC\u00f3mo podemos averiguar los verdaderos or\u00edgenes y la historia de las religiones de la humanidad? Lea el prefacio de la serie literaria de Yvar Bregeant\" \/>\n<meta name=\"robots\" content=\"index, follow, max-snippet:-1, max-image-preview:large, max-video-preview:-1\" \/>\n<link rel=\"canonical\" href=\"https:\/\/www.yvar-bregeant.com\/es\/prefacio-revista-de-prensa-2\/\" \/>\n<meta property=\"og:locale\" content=\"es_ES\" \/>\n<meta property=\"og:type\" content=\"article\" \/>\n<meta property=\"og:title\" content=\"C\u00f3mo descubrir la verdadera historia de las religiones de la humanidad\" \/>\n<meta property=\"og:description\" content=\"\u00bfC\u00f3mo podemos averiguar los verdaderos or\u00edgenes y la historia de las religiones de la humanidad? Lea el prefacio de la serie literaria de Yvar Bregeant\" \/>\n<meta property=\"og:url\" content=\"https:\/\/www.yvar-bregeant.com\/es\/prefacio-revista-de-prensa-2\/\" \/>\n<meta property=\"og:site_name\" content=\"Yvar Bregeant\" \/>\n<meta property=\"article:publisher\" content=\"https:\/\/www.facebook.com\/profile.php?id=61553731625098\" \/>\n<meta property=\"article:modified_time\" content=\"2024-03-26T17:45:36+00:00\" \/>\n<meta property=\"og:image\" content=\"https:\/\/www.yvar-bregeant.com\/wp-content\/uploads\/2023\/12\/Logo-de-presentation-onglet-structuration-1.jpg\" \/>\n\t<meta property=\"og:image:width\" content=\"612\" \/>\n\t<meta property=\"og:image:height\" content=\"586\" \/>\n\t<meta property=\"og:image:type\" content=\"image\/jpeg\" \/>\n<meta name=\"twitter:card\" content=\"summary_large_image\" \/>\n<meta name=\"twitter:label1\" content=\"Tiempo de lectura\" \/>\n\t<meta name=\"twitter:data1\" content=\"103 minutos\" \/>\n<script type=\"application\/ld+json\" class=\"yoast-schema-graph\">{\"@context\":\"https:\\\/\\\/schema.org\",\"@graph\":[{\"@type\":\"WebPage\",\"@id\":\"https:\\\/\\\/www.yvar-bregeant.com\\\/es\\\/prefacio-revista-de-prensa-2\\\/\",\"url\":\"https:\\\/\\\/www.yvar-bregeant.com\\\/es\\\/prefacio-revista-de-prensa-2\\\/\",\"name\":\"C\u00f3mo descubrir la verdadera historia de las religiones de la humanidad\",\"isPartOf\":{\"@id\":\"https:\\\/\\\/www.yvar-bregeant.com\\\/es\\\/#website\"},\"primaryImageOfPage\":{\"@id\":\"https:\\\/\\\/www.yvar-bregeant.com\\\/es\\\/prefacio-revista-de-prensa-2\\\/#primaryimage\"},\"image\":{\"@id\":\"https:\\\/\\\/www.yvar-bregeant.com\\\/es\\\/prefacio-revista-de-prensa-2\\\/#primaryimage\"},\"thumbnailUrl\":\"https:\\\/\\\/www.yvar-bregeant.com\\\/wp-content\\\/uploads\\\/2023\\\/12\\\/Logo-de-presentation-onglet-structuration-1.jpg\",\"datePublished\":\"2024-03-24T10:08:31+00:00\",\"dateModified\":\"2024-03-26T17:45:36+00:00\",\"description\":\"\u00bfC\u00f3mo podemos averiguar los verdaderos or\u00edgenes y la historia de las religiones de la humanidad? Lea el prefacio de la serie literaria de Yvar Bregeant\",\"breadcrumb\":{\"@id\":\"https:\\\/\\\/www.yvar-bregeant.com\\\/es\\\/prefacio-revista-de-prensa-2\\\/#breadcrumb\"},\"inLanguage\":\"es\",\"potentialAction\":[{\"@type\":\"ReadAction\",\"target\":[\"https:\\\/\\\/www.yvar-bregeant.com\\\/es\\\/prefacio-revista-de-prensa-2\\\/\"]}]},{\"@type\":\"ImageObject\",\"inLanguage\":\"es\",\"@id\":\"https:\\\/\\\/www.yvar-bregeant.com\\\/es\\\/prefacio-revista-de-prensa-2\\\/#primaryimage\",\"url\":\"https:\\\/\\\/www.yvar-bregeant.com\\\/wp-content\\\/uploads\\\/2023\\\/12\\\/Logo-de-presentation-onglet-structuration-1.jpg\",\"contentUrl\":\"https:\\\/\\\/www.yvar-bregeant.com\\\/wp-content\\\/uploads\\\/2023\\\/12\\\/Logo-de-presentation-onglet-structuration-1.jpg\",\"width\":612,\"height\":586},{\"@type\":\"BreadcrumbList\",\"@id\":\"https:\\\/\\\/www.yvar-bregeant.com\\\/es\\\/prefacio-revista-de-prensa-2\\\/#breadcrumb\",\"itemListElement\":[{\"@type\":\"ListItem\",\"position\":1,\"name\":\"Accueil\",\"item\":\"https:\\\/\\\/www.yvar-bregeant.com\\\/es\\\/\"},{\"@type\":\"ListItem\",\"position\":2,\"name\":\"Revista de prensa\"}]},{\"@type\":\"WebSite\",\"@id\":\"https:\\\/\\\/www.yvar-bregeant.com\\\/es\\\/#website\",\"url\":\"https:\\\/\\\/www.yvar-bregeant.com\\\/es\\\/\",\"name\":\"Yvar Bregeant\",\"description\":\"\",\"publisher\":{\"@id\":\"https:\\\/\\\/www.yvar-bregeant.com\\\/es\\\/#organization\"},\"potentialAction\":[{\"@type\":\"SearchAction\",\"target\":{\"@type\":\"EntryPoint\",\"urlTemplate\":\"https:\\\/\\\/www.yvar-bregeant.com\\\/es\\\/?s={search_term_string}\"},\"query-input\":{\"@type\":\"PropertyValueSpecification\",\"valueRequired\":true,\"valueName\":\"search_term_string\"}}],\"inLanguage\":\"es\"},{\"@type\":\"Organization\",\"@id\":\"https:\\\/\\\/www.yvar-bregeant.com\\\/es\\\/#organization\",\"name\":\"Yvar Bregeant\",\"url\":\"https:\\\/\\\/www.yvar-bregeant.com\\\/es\\\/\",\"logo\":{\"@type\":\"ImageObject\",\"inLanguage\":\"es\",\"@id\":\"https:\\\/\\\/www.yvar-bregeant.com\\\/es\\\/#\\\/schema\\\/logo\\\/image\\\/\",\"url\":\"https:\\\/\\\/www.yvar-bregeant.com\\\/wp-content\\\/uploads\\\/2023\\\/12\\\/Logo-de-presentation-onglet-structuration-russe.jpg\",\"contentUrl\":\"https:\\\/\\\/www.yvar-bregeant.com\\\/wp-content\\\/uploads\\\/2023\\\/12\\\/Logo-de-presentation-onglet-structuration-russe.jpg\",\"width\":612,\"height\":586,\"caption\":\"Yvar Bregeant\"},\"image\":{\"@id\":\"https:\\\/\\\/www.yvar-bregeant.com\\\/es\\\/#\\\/schema\\\/logo\\\/image\\\/\"},\"sameAs\":[\"https:\\\/\\\/www.facebook.com\\\/profile.php?id=61553731625098\"]}]}<\/script>\n<!-- \/ Yoast SEO plugin. -->","yoast_head_json":{"title":"C\u00f3mo descubrir la verdadera historia de las religiones de la humanidad","description":"\u00bfC\u00f3mo podemos averiguar los verdaderos or\u00edgenes y la historia de las religiones de la humanidad? Lea el prefacio de la serie literaria de Yvar Bregeant","robots":{"index":"index","follow":"follow","max-snippet":"max-snippet:-1","max-image-preview":"max-image-preview:large","max-video-preview":"max-video-preview:-1"},"canonical":"https:\/\/www.yvar-bregeant.com\/es\/prefacio-revista-de-prensa-2\/","og_locale":"es_ES","og_type":"article","og_title":"C\u00f3mo descubrir la verdadera historia de las religiones de la humanidad","og_description":"\u00bfC\u00f3mo podemos averiguar los verdaderos or\u00edgenes y la historia de las religiones de la humanidad? Lea el prefacio de la serie literaria de Yvar Bregeant","og_url":"https:\/\/www.yvar-bregeant.com\/es\/prefacio-revista-de-prensa-2\/","og_site_name":"Yvar Bregeant","article_publisher":"https:\/\/www.facebook.com\/profile.php?id=61553731625098","article_modified_time":"2024-03-26T17:45:36+00:00","og_image":[{"width":612,"height":586,"url":"https:\/\/www.yvar-bregeant.com\/wp-content\/uploads\/2023\/12\/Logo-de-presentation-onglet-structuration-1.jpg","type":"image\/jpeg"}],"twitter_card":"summary_large_image","twitter_misc":{"Tiempo de lectura":"103 minutos"},"schema":{"@context":"https:\/\/schema.org","@graph":[{"@type":"WebPage","@id":"https:\/\/www.yvar-bregeant.com\/es\/prefacio-revista-de-prensa-2\/","url":"https:\/\/www.yvar-bregeant.com\/es\/prefacio-revista-de-prensa-2\/","name":"C\u00f3mo descubrir la verdadera historia de las religiones de la humanidad","isPartOf":{"@id":"https:\/\/www.yvar-bregeant.com\/es\/#website"},"primaryImageOfPage":{"@id":"https:\/\/www.yvar-bregeant.com\/es\/prefacio-revista-de-prensa-2\/#primaryimage"},"image":{"@id":"https:\/\/www.yvar-bregeant.com\/es\/prefacio-revista-de-prensa-2\/#primaryimage"},"thumbnailUrl":"https:\/\/www.yvar-bregeant.com\/wp-content\/uploads\/2023\/12\/Logo-de-presentation-onglet-structuration-1.jpg","datePublished":"2024-03-24T10:08:31+00:00","dateModified":"2024-03-26T17:45:36+00:00","description":"\u00bfC\u00f3mo podemos averiguar los verdaderos or\u00edgenes y la historia de las religiones de la humanidad? Lea el prefacio de la serie literaria de Yvar Bregeant","breadcrumb":{"@id":"https:\/\/www.yvar-bregeant.com\/es\/prefacio-revista-de-prensa-2\/#breadcrumb"},"inLanguage":"es","potentialAction":[{"@type":"ReadAction","target":["https:\/\/www.yvar-bregeant.com\/es\/prefacio-revista-de-prensa-2\/"]}]},{"@type":"ImageObject","inLanguage":"es","@id":"https:\/\/www.yvar-bregeant.com\/es\/prefacio-revista-de-prensa-2\/#primaryimage","url":"https:\/\/www.yvar-bregeant.com\/wp-content\/uploads\/2023\/12\/Logo-de-presentation-onglet-structuration-1.jpg","contentUrl":"https:\/\/www.yvar-bregeant.com\/wp-content\/uploads\/2023\/12\/Logo-de-presentation-onglet-structuration-1.jpg","width":612,"height":586},{"@type":"BreadcrumbList","@id":"https:\/\/www.yvar-bregeant.com\/es\/prefacio-revista-de-prensa-2\/#breadcrumb","itemListElement":[{"@type":"ListItem","position":1,"name":"Accueil","item":"https:\/\/www.yvar-bregeant.com\/es\/"},{"@type":"ListItem","position":2,"name":"Revista de prensa"}]},{"@type":"WebSite","@id":"https:\/\/www.yvar-bregeant.com\/es\/#website","url":"https:\/\/www.yvar-bregeant.com\/es\/","name":"Yvar Bregeant","description":"","publisher":{"@id":"https:\/\/www.yvar-bregeant.com\/es\/#organization"},"potentialAction":[{"@type":"SearchAction","target":{"@type":"EntryPoint","urlTemplate":"https:\/\/www.yvar-bregeant.com\/es\/?s={search_term_string}"},"query-input":{"@type":"PropertyValueSpecification","valueRequired":true,"valueName":"search_term_string"}}],"inLanguage":"es"},{"@type":"Organization","@id":"https:\/\/www.yvar-bregeant.com\/es\/#organization","name":"Yvar Bregeant","url":"https:\/\/www.yvar-bregeant.com\/es\/","logo":{"@type":"ImageObject","inLanguage":"es","@id":"https:\/\/www.yvar-bregeant.com\/es\/#\/schema\/logo\/image\/","url":"https:\/\/www.yvar-bregeant.com\/wp-content\/uploads\/2023\/12\/Logo-de-presentation-onglet-structuration-russe.jpg","contentUrl":"https:\/\/www.yvar-bregeant.com\/wp-content\/uploads\/2023\/12\/Logo-de-presentation-onglet-structuration-russe.jpg","width":612,"height":586,"caption":"Yvar Bregeant"},"image":{"@id":"https:\/\/www.yvar-bregeant.com\/es\/#\/schema\/logo\/image\/"},"sameAs":["https:\/\/www.facebook.com\/profile.php?id=61553731625098"]}]}},"_links":{"self":[{"href":"https:\/\/www.yvar-bregeant.com\/es\/wp-json\/wp\/v2\/pages\/17980","targetHints":{"allow":["GET"]}}],"collection":[{"href":"https:\/\/www.yvar-bregeant.com\/es\/wp-json\/wp\/v2\/pages"}],"about":[{"href":"https:\/\/www.yvar-bregeant.com\/es\/wp-json\/wp\/v2\/types\/page"}],"author":[{"embeddable":true,"href":"https:\/\/www.yvar-bregeant.com\/es\/wp-json\/wp\/v2\/users\/4"}],"replies":[{"embeddable":true,"href":"https:\/\/www.yvar-bregeant.com\/es\/wp-json\/wp\/v2\/comments?post=17980"}],"version-history":[{"count":1,"href":"https:\/\/www.yvar-bregeant.com\/es\/wp-json\/wp\/v2\/pages\/17980\/revisions"}],"predecessor-version":[{"id":18341,"href":"https:\/\/www.yvar-bregeant.com\/es\/wp-json\/wp\/v2\/pages\/17980\/revisions\/18341"}],"wp:featuredmedia":[{"embeddable":true,"href":"https:\/\/www.yvar-bregeant.com\/es\/wp-json\/wp\/v2\/media\/4707"}],"wp:attachment":[{"href":"https:\/\/www.yvar-bregeant.com\/es\/wp-json\/wp\/v2\/media?parent=17980"}],"curies":[{"name":"wp","href":"https:\/\/api.w.org\/{rel}","templated":true}]}}