{"id":18491,"date":"2024-03-28T19:43:41","date_gmt":"2024-03-28T18:43:41","guid":{"rendered":"https:\/\/www.yvar-bregeant.com\/?page_id=18491"},"modified":"2025-04-04T18:33:19","modified_gmt":"2025-04-04T17:33:19","slug":"libros-ya-publicados-2","status":"publish","type":"page","link":"https:\/\/www.yvar-bregeant.com\/es\/libros-ya-publicados-2\/","title":{"rendered":"Mi pol\u00edtica de difusi\u00f3n de mis investigaciones"},"content":{"rendered":"\t\t<div data-elementor-type=\"wp-page\" data-elementor-id=\"18491\" class=\"elementor elementor-18491 elementor-18484\" data-elementor-post-type=\"page\">\n\t\t\t\t\t\t<section class=\"elementor-section elementor-top-section elementor-element elementor-element-4135eb54 elementor-section-boxed elementor-section-height-default elementor-section-height-default\" data-id=\"4135eb54\" data-element_type=\"section\" data-e-type=\"section\" data-settings=\"{&quot;background_background&quot;:&quot;classic&quot;}\">\n\t\t\t\t\t\t\t<div class=\"elementor-background-overlay\"><\/div>\n\t\t\t\t\t\t\t<div class=\"elementor-container elementor-column-gap-default\">\n\t\t\t\t\t<div class=\"elementor-column elementor-col-100 elementor-top-column elementor-element elementor-element-43041edf\" data-id=\"43041edf\" data-element_type=\"column\" data-e-type=\"column\">\n\t\t\t<div class=\"elementor-widget-wrap elementor-element-populated\">\n\t\t\t\t\t\t<div class=\"elementor-element elementor-element-792a7221 elementor-widget elementor-widget-heading\" data-id=\"792a7221\" data-element_type=\"widget\" data-e-type=\"widget\" data-widget_type=\"heading.default\">\n\t\t\t\t<div class=\"elementor-widget-container\">\n\t\t\t\t\t<h1 class=\"elementor-heading-title elementor-size-default\">Mi pol\u00edtica de difusi\u00f3n de mis investigaciones<\/h1>\t\t\t\t<\/div>\n\t\t\t\t<\/div>\n\t\t\t\t<div class=\"elementor-element elementor-element-6a323ba elementor-widget elementor-widget-spacer\" data-id=\"6a323ba\" data-element_type=\"widget\" data-e-type=\"widget\" data-widget_type=\"spacer.default\">\n\t\t\t\t<div class=\"elementor-widget-container\">\n\t\t\t\t\t\t\t<div class=\"elementor-spacer\">\n\t\t\t<div class=\"elementor-spacer-inner\"><\/div>\n\t\t<\/div>\n\t\t\t\t\t\t<\/div>\n\t\t\t\t<\/div>\n\t\t\t\t<div class=\"elementor-element elementor-element-054249f elementor-widget elementor-widget-spacer\" data-id=\"054249f\" data-element_type=\"widget\" data-e-type=\"widget\" data-widget_type=\"spacer.default\">\n\t\t\t\t<div class=\"elementor-widget-container\">\n\t\t\t\t\t\t\t<div class=\"elementor-spacer\">\n\t\t\t<div class=\"elementor-spacer-inner\"><\/div>\n\t\t<\/div>\n\t\t\t\t\t\t<\/div>\n\t\t\t\t<\/div>\n\t\t\t\t\t<\/div>\n\t\t<\/div>\n\t\t\t\t\t<\/div>\n\t\t<\/section>\n\t\t\t\t<section class=\"elementor-section elementor-top-section elementor-element elementor-element-9993bf9 elementor-section-boxed elementor-section-height-default elementor-section-height-default\" data-id=\"9993bf9\" data-element_type=\"section\" data-e-type=\"section\" data-settings=\"{&quot;background_background&quot;:&quot;gradient&quot;}\">\n\t\t\t\t\t\t<div class=\"elementor-container elementor-column-gap-no\">\n\t\t\t\t\t<div class=\"elementor-column elementor-col-100 elementor-top-column elementor-element elementor-element-22ab6e5\" data-id=\"22ab6e5\" data-element_type=\"column\" data-e-type=\"column\">\n\t\t\t<div class=\"elementor-widget-wrap elementor-element-populated\">\n\t\t\t\t\t\t<div class=\"elementor-element elementor-element-2893092 elementor-widget elementor-widget-html\" data-id=\"2893092\" data-element_type=\"widget\" data-e-type=\"widget\" data-widget_type=\"html.default\">\n\t\t\t\t<div class=\"elementor-widget-container\">\n\t\t\t\t\t<a href=\"https:\/\/fr.tipeee.com\/yvar-bregeant\" class=\"tipeee-goal-block\" data-color=\"blue\">Apoya a yvar bregeant en Tipeee<\/a>\r\n<script async=\"\" src=\"https:\/\/plugin.tipeee.com\/widget.js\" charset=\"utf-8\"><\/script>\t\t\t\t<\/div>\n\t\t\t\t<\/div>\n\t\t<div class=\"elementor-element elementor-element-0f2954c e-con-full e-flex e-con e-parent\" data-id=\"0f2954c\" data-element_type=\"container\" data-e-type=\"container\" data-settings=\"{&quot;background_background&quot;:&quot;classic&quot;}\">\n\t\t\t\t<div class=\"elementor-element elementor-element-1f03338 elementor-widget elementor-widget-text-editor\" data-id=\"1f03338\" data-element_type=\"widget\" data-e-type=\"widget\" data-widget_type=\"text-editor.default\">\n\t\t\t\t<div class=\"elementor-widget-container\">\n\t\t\t\t\t\t\t\t\t<p>Creo que la investigaci\u00f3n que he llevado a cabo es de inter\u00e9s p\u00fablico y, como tal, va mucho m\u00e1s all\u00e1 de mis intereses personales.<\/p><p>Por eso he querido poner gratuitamente en l\u00ednea todas mis publicaciones (libros, art\u00edculos y v\u00eddeos).<\/p><p>Me mueve un sincero deseo de compartir conocimientos que considero muy \u00fatiles para comprender nuestra historia, nuestros or\u00edgenes y nuestras creencias.<\/p><p>Por eso me he esforzado sinceramente en el pasado por poner todos mis libros en l\u00ednea en forma de art\u00edculos, desglosados en cap\u00edtulos. <br>Puede comprobarlo usted mismo visitando la p\u00e1gina :<\/p><p><strong><a href=\"https:\/\/www.yvar-bregeant.com\/es\/leer-en-linea\/\">ART\u00cdCULOS <\/a><\/strong><\/p><p>Sin embargo, como todo el mundo, me enfrento a limitaciones financieras y a la falta de tiempo para completar todo mi proyecto, aunque ya he finalizado toda mi investigaci\u00f3n y ahora s\u00f3lo es cuesti\u00f3n de montarlo.<\/p><p>He llegado a la conclusi\u00f3n de que la \u00fanica forma de continuar con este trabajo es financiarlo mediante la venta de mis libros.<\/p><p>Tambi\u00e9n espero encontrar pronto una editorial de renombre, para que mi obra pueda tener una difusi\u00f3n mucho m\u00e1s amplia.<\/p><p>En este sentido, estoy absolutamente convencido de que el Volumen 2 y cada uno de sus 10 libros despertar\u00e1n un enorme inter\u00e9s.<\/p><p>Mientras tanto, le recomiendo encarecidamente que lea el libro digital, ya que esto no cambiar\u00e1 nada en cuanto a su valor pr\u00e1ctico:<\/p><ul><li>El resumen digital del libro le da acceso instant\u00e1neo a la parte del libro que le interesa.<\/li><li>Acceso inmediato a un gran n\u00famero de referencias y notas a pie de p\u00e1gina que apoyan los argumentos desarrollados en el texto mediante enlaces de hipertexto. Esto facilita mucho la lectura y la navegaci\u00f3n.<\/li><li>Las im\u00e1genes jerogl\u00edficas tambi\u00e9n est\u00e1n presentes en los libros digitales, lo que no siempre es posible en los art\u00edculos en l\u00ednea porque me lleva demasiado tiempo insertarlas manualmente una a una. Con el tiempo, s\u00f3lo podr\u00e9 incluir logogramas o transliteraciones de jerogl\u00edficos en los art\u00edculos en l\u00ednea. Esta es otra de las razones por las que el libro en papel ser\u00e1 un reto, ya que la inserci\u00f3n de los jerogl\u00edficos hace que la maquetaci\u00f3n sea m\u00e1s compleja.  <\/li><\/ul>\t\t\t\t\t\t\t\t<\/div>\n\t\t\t\t<\/div>\n\t\t\t\t<\/div>\n\t\t\t\t<div class=\"elementor-element elementor-element-a86f541 elementor-widget__width-initial elementor-widget elementor-widget-text-editor\" data-id=\"a86f541\" data-element_type=\"widget\" data-e-type=\"widget\" data-widget_type=\"text-editor.default\">\n\t\t\t\t<div class=\"elementor-widget-container\">\n\t\t\t\t\t\t\t\t\t<p>Visite mi tienda en el <a href=\"https:\/\/www.yvar-bregeant.com\/es\/libros-ya-publicados\/\">LIBROS<\/a>  <\/p><p>Y no olvides apoyarme suscribi\u00e9ndote a mi p\u00e1gina de Facebook y a mi canal de Youtube.<\/p><p><strong>\u00a1SUSCR\u00cdBETE AHORA!<\/strong> (HAGA CLIC EN LOS ICONOS DE ABAJO)<\/p>\t\t\t\t\t\t\t\t<\/div>\n\t\t\t\t<\/div>\n\t\t\t\t<div class=\"elementor-element elementor-element-90769be elementor-shape-rounded elementor-grid-0 e-grid-align-center elementor-widget elementor-widget-social-icons\" data-id=\"90769be\" data-element_type=\"widget\" data-e-type=\"widget\" data-widget_type=\"social-icons.default\">\n\t\t\t\t<div class=\"elementor-widget-container\">\n\t\t\t\t\t\t\t<div class=\"elementor-social-icons-wrapper elementor-grid\" role=\"list\">\n\t\t\t\t\t\t\t<span class=\"elementor-grid-item\" role=\"listitem\">\n\t\t\t\t\t<a class=\"elementor-icon elementor-social-icon elementor-social-icon-facebook elementor-repeater-item-caf1fcc\" href=\"https:\/\/www.facebook.com\/profile.php?id=61553731625098\" target=\"_blank\">\n\t\t\t\t\t\t<span class=\"elementor-screen-only\">Facebook<\/span>\n\t\t\t\t\t\t<i aria-hidden=\"true\" class=\"fab fa-facebook\"><\/i>\t\t\t\t\t<\/a>\n\t\t\t\t<\/span>\n\t\t\t\t\t\t\t<span class=\"elementor-grid-item\" role=\"listitem\">\n\t\t\t\t\t<a class=\"elementor-icon elementor-social-icon elementor-social-icon-youtube elementor-repeater-item-04c1fda\" href=\"https:\/\/www.youtube.com\/channel\/UCghMOgQ5pn4mzwHvtYhrmnw\" target=\"_blank\">\n\t\t\t\t\t\t<span class=\"elementor-screen-only\">Youtube<\/span>\n\t\t\t\t\t\t<i aria-hidden=\"true\" class=\"fab fa-youtube\"><\/i>\t\t\t\t\t<\/a>\n\t\t\t\t<\/span>\n\t\t\t\t\t\t\t<span class=\"elementor-grid-item\" role=\"listitem\">\n\t\t\t\t\t<a class=\"elementor-icon elementor-social-icon elementor-social-icon-jki-shopping-cart1-light elementor-repeater-item-c4f3672\" href=\"https:\/\/laveritablehistoiredesreligionsdelhumanite.myshopify.com\/\" target=\"_blank\">\n\t\t\t\t\t\t<span class=\"elementor-screen-only\">Jki-shopping-cart1-light<\/span>\n\t\t\t\t\t\t<i aria-hidden=\"true\" class=\"jki jki-shopping-cart1-light\"><\/i>\t\t\t\t\t<\/a>\n\t\t\t\t<\/span>\n\t\t\t\t\t\t\t<span class=\"elementor-grid-item\" role=\"listitem\">\n\t\t\t\t\t<a class=\"elementor-icon elementor-social-icon elementor-social-icon-instagram elementor-repeater-item-f3c3a00\" href=\"https:\/\/www.instagram.com\/yvarbregeant\/\" target=\"_blank\">\n\t\t\t\t\t\t<span class=\"elementor-screen-only\">Instagram<\/span>\n\t\t\t\t\t\t<i aria-hidden=\"true\" class=\"fab fa-instagram\"><\/i>\t\t\t\t\t<\/a>\n\t\t\t\t<\/span>\n\t\t\t\t\t<\/div>\n\t\t\t\t\t\t<\/div>\n\t\t\t\t<\/div>\n\t\t\t\t<div class=\"elementor-element elementor-element-b900286 elementor-widget elementor-widget-text-editor\" data-id=\"b900286\" data-element_type=\"widget\" data-e-type=\"widget\" data-widget_type=\"text-editor.default\">\n\t\t\t\t<div class=\"elementor-widget-container\">\n\t\t\t\t\t\t\t\t\t<p>Por \u00faltimo, tenga en cuenta que el hecho de que ponga gratuitamente a disposici\u00f3n en este sitio partes significativas de mis libros, e incluso algunos de ellos en su totalidad por el momento, no significa que sean de dominio p\u00fablico. <br>Por el momento, en cualquier caso, sigo siendo el \u00fanico propietario de mis derechos de autor y, como tal, le pedir\u00eda que, como m\u00ednimo, reconociera los frutos de mi trabajo, por ejemplo, mediante posibles citas si mencionara parte de mi obra en sus propios escritos. <br>Es lo que intento sinceramente cada vez que cito a un autor de referencia. Puede verlo en mis notas a pie de p\u00e1gina y en la bibliograf\u00eda. <\/p><p>Y as\u00ed, como dice el viejo refr\u00e1n :<\/p><p>El C\u00f3digo franc\u00e9s de la Propiedad Intelectual proh\u00edbe las copias o reproducciones para uso colectivo. Toda representaci\u00f3n total o parcial por cualquier procedimiento sin el consentimiento del autor o de sus derechohabientes es il\u00edcita y constituye una falsificaci\u00f3n sancionada por los art\u00edculos L335-2 y siguientes del C\u00f3digo de la Propiedad Intelectual.<\/p><p>Dicho esto, espero que disfruten de la lectura y les agradezco de antemano su apoyo en todo lo que puedan.<\/p><p>Yvar<\/p>\t\t\t\t\t\t\t\t<\/div>\n\t\t\t\t<\/div>\n\t\t\t\t\t<\/div>\n\t\t<\/div>\n\t\t\t\t\t<\/div>\n\t\t<\/section>\n\t\t\t\t<\/div>\n\t\t","protected":false},"excerpt":{"rendered":"<p>Mi pol\u00edtica de difusi\u00f3n de mis investigaciones Apoya a yvar bregeant en Tipeee Creo que la investigaci\u00f3n que he llevado a cabo es de inter\u00e9s p\u00fablico y, como tal, va mucho m\u00e1s all\u00e1 de mis intereses personales. Por eso he querido poner gratuitamente en l\u00ednea todas mis publicaciones (libros, art\u00edculos y v\u00eddeos). Me mueve un [&hellip;]<\/p>\n","protected":false},"author":4,"featured_media":4707,"parent":0,"menu_order":0,"comment_status":"closed","ping_status":"closed","template":"elementor_header_footer","meta":{"footnotes":""},"class_list":["post-18491","page","type-page","status-publish","has-post-thumbnail","hentry"],"yoast_head":"<!-- This site is optimized with the Yoast SEO plugin v27.5 - https:\/\/yoast.com\/product\/yoast-seo-wordpress\/ -->\n<title>Descubre los libros de Yvar Bregeant<\/title>\n<meta name=\"description\" content=\"Lea la pol\u00edtica de Yvar Bregeant sobre la difusi\u00f3n de sus investigaciones en forma de libros digitales, v\u00eddeos y art\u00edculos en l\u00ednea.\" \/>\n<meta name=\"robots\" content=\"index, follow, max-snippet:-1, max-image-preview:large, max-video-preview:-1\" \/>\n<link rel=\"canonical\" href=\"https:\/\/www.yvar-bregeant.com\/es\/libros-ya-publicados-2\/\" \/>\n<meta property=\"og:locale\" content=\"es_ES\" \/>\n<meta property=\"og:type\" content=\"article\" \/>\n<meta property=\"og:title\" content=\"Descubre los libros de Yvar Bregeant\" \/>\n<meta property=\"og:description\" content=\"Lea la pol\u00edtica de Yvar Bregeant sobre la difusi\u00f3n de sus investigaciones en forma de libros digitales, v\u00eddeos y art\u00edculos en l\u00ednea.\" \/>\n<meta property=\"og:url\" content=\"https:\/\/www.yvar-bregeant.com\/es\/libros-ya-publicados-2\/\" \/>\n<meta property=\"og:site_name\" content=\"Yvar Bregeant\" \/>\n<meta property=\"article:publisher\" content=\"https:\/\/www.facebook.com\/profile.php?id=61553731625098\" \/>\n<meta property=\"article:modified_time\" content=\"2025-04-04T17:33:19+00:00\" \/>\n<meta property=\"og:image\" content=\"https:\/\/www.yvar-bregeant.com\/wp-content\/uploads\/2023\/12\/Logo-de-presentation-onglet-structuration-1.jpg\" \/>\n\t<meta property=\"og:image:width\" content=\"612\" \/>\n\t<meta property=\"og:image:height\" content=\"586\" \/>\n\t<meta property=\"og:image:type\" content=\"image\/jpeg\" \/>\n<meta name=\"twitter:card\" content=\"summary_large_image\" \/>\n<script type=\"application\/ld+json\" class=\"yoast-schema-graph\">{\"@context\":\"https:\\\/\\\/schema.org\",\"@graph\":[{\"@type\":\"WebPage\",\"@id\":\"https:\\\/\\\/www.yvar-bregeant.com\\\/es\\\/libros-ya-publicados-2\\\/\",\"url\":\"https:\\\/\\\/www.yvar-bregeant.com\\\/es\\\/libros-ya-publicados-2\\\/\",\"name\":\"Descubre los libros de Yvar Bregeant\",\"isPartOf\":{\"@id\":\"https:\\\/\\\/www.yvar-bregeant.com\\\/es\\\/#website\"},\"primaryImageOfPage\":{\"@id\":\"https:\\\/\\\/www.yvar-bregeant.com\\\/es\\\/libros-ya-publicados-2\\\/#primaryimage\"},\"image\":{\"@id\":\"https:\\\/\\\/www.yvar-bregeant.com\\\/es\\\/libros-ya-publicados-2\\\/#primaryimage\"},\"thumbnailUrl\":\"https:\\\/\\\/www.yvar-bregeant.com\\\/wp-content\\\/uploads\\\/2023\\\/12\\\/Logo-de-presentation-onglet-structuration-1.jpg\",\"datePublished\":\"2024-03-28T18:43:41+00:00\",\"dateModified\":\"2025-04-04T17:33:19+00:00\",\"description\":\"Lea la pol\u00edtica de Yvar Bregeant sobre la difusi\u00f3n de sus investigaciones en forma de libros digitales, v\u00eddeos y art\u00edculos en l\u00ednea.\",\"breadcrumb\":{\"@id\":\"https:\\\/\\\/www.yvar-bregeant.com\\\/es\\\/libros-ya-publicados-2\\\/#breadcrumb\"},\"inLanguage\":\"es\",\"potentialAction\":[{\"@type\":\"ReadAction\",\"target\":[\"https:\\\/\\\/www.yvar-bregeant.com\\\/es\\\/libros-ya-publicados-2\\\/\"]}]},{\"@type\":\"ImageObject\",\"inLanguage\":\"es\",\"@id\":\"https:\\\/\\\/www.yvar-bregeant.com\\\/es\\\/libros-ya-publicados-2\\\/#primaryimage\",\"url\":\"https:\\\/\\\/www.yvar-bregeant.com\\\/wp-content\\\/uploads\\\/2023\\\/12\\\/Logo-de-presentation-onglet-structuration-1.jpg\",\"contentUrl\":\"https:\\\/\\\/www.yvar-bregeant.com\\\/wp-content\\\/uploads\\\/2023\\\/12\\\/Logo-de-presentation-onglet-structuration-1.jpg\",\"width\":612,\"height\":586},{\"@type\":\"BreadcrumbList\",\"@id\":\"https:\\\/\\\/www.yvar-bregeant.com\\\/es\\\/libros-ya-publicados-2\\\/#breadcrumb\",\"itemListElement\":[{\"@type\":\"ListItem\",\"position\":1,\"name\":\"Accueil\",\"item\":\"https:\\\/\\\/www.yvar-bregeant.com\\\/es\\\/\"},{\"@type\":\"ListItem\",\"position\":2,\"name\":\"Mi pol\u00edtica de difusi\u00f3n de mis investigaciones\"}]},{\"@type\":\"WebSite\",\"@id\":\"https:\\\/\\\/www.yvar-bregeant.com\\\/es\\\/#website\",\"url\":\"https:\\\/\\\/www.yvar-bregeant.com\\\/es\\\/\",\"name\":\"Yvar Bregeant\",\"description\":\"\",\"publisher\":{\"@id\":\"https:\\\/\\\/www.yvar-bregeant.com\\\/es\\\/#organization\"},\"potentialAction\":[{\"@type\":\"SearchAction\",\"target\":{\"@type\":\"EntryPoint\",\"urlTemplate\":\"https:\\\/\\\/www.yvar-bregeant.com\\\/es\\\/?s={search_term_string}\"},\"query-input\":{\"@type\":\"PropertyValueSpecification\",\"valueRequired\":true,\"valueName\":\"search_term_string\"}}],\"inLanguage\":\"es\"},{\"@type\":\"Organization\",\"@id\":\"https:\\\/\\\/www.yvar-bregeant.com\\\/es\\\/#organization\",\"name\":\"Yvar Bregeant\",\"url\":\"https:\\\/\\\/www.yvar-bregeant.com\\\/es\\\/\",\"logo\":{\"@type\":\"ImageObject\",\"inLanguage\":\"es\",\"@id\":\"https:\\\/\\\/www.yvar-bregeant.com\\\/es\\\/#\\\/schema\\\/logo\\\/image\\\/\",\"url\":\"https:\\\/\\\/www.yvar-bregeant.com\\\/wp-content\\\/uploads\\\/2023\\\/12\\\/Logo-de-presentation-onglet-structuration-russe.jpg\",\"contentUrl\":\"https:\\\/\\\/www.yvar-bregeant.com\\\/wp-content\\\/uploads\\\/2023\\\/12\\\/Logo-de-presentation-onglet-structuration-russe.jpg\",\"width\":612,\"height\":586,\"caption\":\"Yvar Bregeant\"},\"image\":{\"@id\":\"https:\\\/\\\/www.yvar-bregeant.com\\\/es\\\/#\\\/schema\\\/logo\\\/image\\\/\"},\"sameAs\":[\"https:\\\/\\\/www.facebook.com\\\/profile.php?id=61553731625098\"]}]}<\/script>\n<!-- \/ Yoast SEO plugin. -->","yoast_head_json":{"title":"Descubre los libros de Yvar Bregeant","description":"Lea la pol\u00edtica de Yvar Bregeant sobre la difusi\u00f3n de sus investigaciones en forma de libros digitales, v\u00eddeos y art\u00edculos en l\u00ednea.","robots":{"index":"index","follow":"follow","max-snippet":"max-snippet:-1","max-image-preview":"max-image-preview:large","max-video-preview":"max-video-preview:-1"},"canonical":"https:\/\/www.yvar-bregeant.com\/es\/libros-ya-publicados-2\/","og_locale":"es_ES","og_type":"article","og_title":"Descubre los libros de Yvar Bregeant","og_description":"Lea la pol\u00edtica de Yvar Bregeant sobre la difusi\u00f3n de sus investigaciones en forma de libros digitales, v\u00eddeos y art\u00edculos en l\u00ednea.","og_url":"https:\/\/www.yvar-bregeant.com\/es\/libros-ya-publicados-2\/","og_site_name":"Yvar Bregeant","article_publisher":"https:\/\/www.facebook.com\/profile.php?id=61553731625098","article_modified_time":"2025-04-04T17:33:19+00:00","og_image":[{"width":612,"height":586,"url":"https:\/\/www.yvar-bregeant.com\/wp-content\/uploads\/2023\/12\/Logo-de-presentation-onglet-structuration-1.jpg","type":"image\/jpeg"}],"twitter_card":"summary_large_image","schema":{"@context":"https:\/\/schema.org","@graph":[{"@type":"WebPage","@id":"https:\/\/www.yvar-bregeant.com\/es\/libros-ya-publicados-2\/","url":"https:\/\/www.yvar-bregeant.com\/es\/libros-ya-publicados-2\/","name":"Descubre los libros de Yvar Bregeant","isPartOf":{"@id":"https:\/\/www.yvar-bregeant.com\/es\/#website"},"primaryImageOfPage":{"@id":"https:\/\/www.yvar-bregeant.com\/es\/libros-ya-publicados-2\/#primaryimage"},"image":{"@id":"https:\/\/www.yvar-bregeant.com\/es\/libros-ya-publicados-2\/#primaryimage"},"thumbnailUrl":"https:\/\/www.yvar-bregeant.com\/wp-content\/uploads\/2023\/12\/Logo-de-presentation-onglet-structuration-1.jpg","datePublished":"2024-03-28T18:43:41+00:00","dateModified":"2025-04-04T17:33:19+00:00","description":"Lea la pol\u00edtica de Yvar Bregeant sobre la difusi\u00f3n de sus investigaciones en forma de libros digitales, v\u00eddeos y art\u00edculos en l\u00ednea.","breadcrumb":{"@id":"https:\/\/www.yvar-bregeant.com\/es\/libros-ya-publicados-2\/#breadcrumb"},"inLanguage":"es","potentialAction":[{"@type":"ReadAction","target":["https:\/\/www.yvar-bregeant.com\/es\/libros-ya-publicados-2\/"]}]},{"@type":"ImageObject","inLanguage":"es","@id":"https:\/\/www.yvar-bregeant.com\/es\/libros-ya-publicados-2\/#primaryimage","url":"https:\/\/www.yvar-bregeant.com\/wp-content\/uploads\/2023\/12\/Logo-de-presentation-onglet-structuration-1.jpg","contentUrl":"https:\/\/www.yvar-bregeant.com\/wp-content\/uploads\/2023\/12\/Logo-de-presentation-onglet-structuration-1.jpg","width":612,"height":586},{"@type":"BreadcrumbList","@id":"https:\/\/www.yvar-bregeant.com\/es\/libros-ya-publicados-2\/#breadcrumb","itemListElement":[{"@type":"ListItem","position":1,"name":"Accueil","item":"https:\/\/www.yvar-bregeant.com\/es\/"},{"@type":"ListItem","position":2,"name":"Mi pol\u00edtica de difusi\u00f3n de mis investigaciones"}]},{"@type":"WebSite","@id":"https:\/\/www.yvar-bregeant.com\/es\/#website","url":"https:\/\/www.yvar-bregeant.com\/es\/","name":"Yvar Bregeant","description":"","publisher":{"@id":"https:\/\/www.yvar-bregeant.com\/es\/#organization"},"potentialAction":[{"@type":"SearchAction","target":{"@type":"EntryPoint","urlTemplate":"https:\/\/www.yvar-bregeant.com\/es\/?s={search_term_string}"},"query-input":{"@type":"PropertyValueSpecification","valueRequired":true,"valueName":"search_term_string"}}],"inLanguage":"es"},{"@type":"Organization","@id":"https:\/\/www.yvar-bregeant.com\/es\/#organization","name":"Yvar Bregeant","url":"https:\/\/www.yvar-bregeant.com\/es\/","logo":{"@type":"ImageObject","inLanguage":"es","@id":"https:\/\/www.yvar-bregeant.com\/es\/#\/schema\/logo\/image\/","url":"https:\/\/www.yvar-bregeant.com\/wp-content\/uploads\/2023\/12\/Logo-de-presentation-onglet-structuration-russe.jpg","contentUrl":"https:\/\/www.yvar-bregeant.com\/wp-content\/uploads\/2023\/12\/Logo-de-presentation-onglet-structuration-russe.jpg","width":612,"height":586,"caption":"Yvar Bregeant"},"image":{"@id":"https:\/\/www.yvar-bregeant.com\/es\/#\/schema\/logo\/image\/"},"sameAs":["https:\/\/www.facebook.com\/profile.php?id=61553731625098"]}]}},"_links":{"self":[{"href":"https:\/\/www.yvar-bregeant.com\/es\/wp-json\/wp\/v2\/pages\/18491","targetHints":{"allow":["GET"]}}],"collection":[{"href":"https:\/\/www.yvar-bregeant.com\/es\/wp-json\/wp\/v2\/pages"}],"about":[{"href":"https:\/\/www.yvar-bregeant.com\/es\/wp-json\/wp\/v2\/types\/page"}],"author":[{"embeddable":true,"href":"https:\/\/www.yvar-bregeant.com\/es\/wp-json\/wp\/v2\/users\/4"}],"replies":[{"embeddable":true,"href":"https:\/\/www.yvar-bregeant.com\/es\/wp-json\/wp\/v2\/comments?post=18491"}],"version-history":[{"count":2,"href":"https:\/\/www.yvar-bregeant.com\/es\/wp-json\/wp\/v2\/pages\/18491\/revisions"}],"predecessor-version":[{"id":39061,"href":"https:\/\/www.yvar-bregeant.com\/es\/wp-json\/wp\/v2\/pages\/18491\/revisions\/39061"}],"wp:featuredmedia":[{"embeddable":true,"href":"https:\/\/www.yvar-bregeant.com\/es\/wp-json\/wp\/v2\/media\/4707"}],"wp:attachment":[{"href":"https:\/\/www.yvar-bregeant.com\/es\/wp-json\/wp\/v2\/media?parent=18491"}],"curies":[{"name":"wp","href":"https:\/\/api.w.org\/{rel}","templated":true}]}}