{"id":19072,"date":"2024-04-01T16:14:47","date_gmt":"2024-04-01T15:14:47","guid":{"rendered":"https:\/\/www.yvar-bregeant.com\/financiacion-participativa-mi-agradecimiento-a-todos-mis-patrocinadores\/"},"modified":"2024-04-01T17:01:36","modified_gmt":"2024-04-01T17:01:36","slug":"financiacion-participativa-mi-agradecimiento-a-todos-mis-patrocinadores","status":"publish","type":"page","link":"https:\/\/www.yvar-bregeant.com\/es\/financiacion-participativa-mi-agradecimiento-a-todos-mis-patrocinadores\/","title":{"rendered":"Gracias a los patrocinadores"},"content":{"rendered":"\t\t<div data-elementor-type=\"wp-page\" data-elementor-id=\"19072\" class=\"elementor elementor-19072\" data-elementor-post-type=\"page\">\n\t\t\t\t<div class=\"elementor-element elementor-element-3e6cace e-flex e-con-boxed e-con e-parent\" data-id=\"3e6cace\" data-element_type=\"container\" data-e-type=\"container\">\n\t\t\t\t\t<div class=\"e-con-inner\">\n\t\t\t\t<div class=\"elementor-element elementor-element-0a2acfe elementor-widget elementor-widget-text-editor\" data-id=\"0a2acfe\" data-element_type=\"widget\" data-e-type=\"widget\" data-widget_type=\"text-editor.default\">\n\t\t\t\t<div class=\"elementor-widget-container\">\n\t\t\t\t\t\t\t\t\t<p><span style=\"color: #000000;\">En virtud de mi pol\u00edtica de poner a disposici\u00f3n mis investigaciones en forma de libros, art\u00edculos y v\u00eddeos, que le invito a releer en este enlace: <\/span><\/p>\n<p><span style=\"color: #3366ff;\"><strong><a style=\"color: #3366ff;\" href=\"https:\/\/www.yvar-bregeant.com\/es\/libros-ya-publicados-2\/\" target=\"_blank\" rel=\"noopener\">Mi pol\u00edtica de difusi\u00f3n de mis investigaciones<\/a><\/strong><\/span><\/p>\n<p><span style=\"color: #000000;\">Esto significa poner todo mi trabajo a disposici\u00f3n del mayor n\u00famero posible de personas, independientemente de su color, raza, credo, clase social y, en la medida de lo posible, idioma (mi sitio web aspira a estar totalmente traducido a 10 idiomas); y <\/span><span style=\"color: #000000;\">concederme s\u00f3lo 3 medios para intentar garantizarme un m\u00ednimo de autonom\u00eda financiera para acelerar mi producci\u00f3n y distribuirla m\u00e1s ampliamente:<\/span><\/p>\n<p><span style=\"color: #000000;\">Venta de libros digitales<\/span><\/p>\n<p><span style=\"color: #000000;\">Financiaci\u00f3n participativa<\/span><\/p>\n<p><span style=\"color: #000000;\">Ingresos publicitarios de mi canal de You tube<\/span><\/p>\n<p><span style=\"color: #000000;\">Esta p\u00e1gina, como su nombre indica, est\u00e1 dedicada a dar las gracias por su nombre a todos mis patrocinadores de todo el mundo que, a trav\u00e9s de diversas plataformas (sobre todo Quickstarter), han contribuido a apoyarme y sin los cuales, sin duda alguna, no habr\u00eda podido hacer todo en el poco tiempo que me queda.<\/span><\/p>\n<p><span style=\"color: #000000;\">A continuaci\u00f3n figura la lista, por orden alfab\u00e9tico, de todos mis patrocinadores y donantes, a los que agradezco enormemente su confianza y apoyo: <\/span><\/p><\/p>\n\t\t\t\t\t\t\t\t<\/div>\n\t\t\t\t<\/div>\n\t\t\t\t\t<\/div>\n\t\t\t\t<\/div>\n\t\t\t\t<\/div>\n\t\t","protected":false},"excerpt":{"rendered":"<p>En virtud de mi pol\u00edtica de poner a disposici\u00f3n mis investigaciones en forma de libros, art\u00edculos y v\u00eddeos, que le invito a releer en este enlace: Mi pol\u00edtica de difusi\u00f3n de mis investigaciones Esto significa poner todo mi trabajo a disposici\u00f3n del mayor n\u00famero posible de personas, independientemente de su color, raza, credo, clase social [&hellip;]<\/p>\n","protected":false},"author":4,"featured_media":0,"parent":0,"menu_order":0,"comment_status":"closed","ping_status":"closed","template":"","meta":{"footnotes":""},"class_list":["post-19072","page","type-page","status-publish","hentry"],"yoast_head":"<!-- This site is optimized with the Yoast SEO plugin v27.5 - https:\/\/yoast.com\/product\/yoast-seo-wordpress\/ -->\n<title>Gracias a los patrocinadores - Yvar Bregeant<\/title>\n<meta name=\"description\" content=\"En esta p\u00e1gina quiero dar las gracias por su nombre a todos los patrocinadores de todo el mundo que han cre\u00eddo en m\u00ed y me han apoyado en mi proyecto.\" \/>\n<meta name=\"robots\" content=\"index, follow, max-snippet:-1, max-image-preview:large, max-video-preview:-1\" \/>\n<link rel=\"canonical\" href=\"https:\/\/www.yvar-bregeant.com\/es\/financiacion-participativa-mi-agradecimiento-a-todos-mis-patrocinadores\/\" \/>\n<meta property=\"og:locale\" content=\"es_ES\" \/>\n<meta property=\"og:type\" content=\"article\" \/>\n<meta property=\"og:title\" content=\"Gracias a los patrocinadores - Yvar Bregeant\" \/>\n<meta property=\"og:description\" content=\"En esta p\u00e1gina quiero dar las gracias por su nombre a todos los patrocinadores de todo el mundo que han cre\u00eddo en m\u00ed y me han apoyado en mi proyecto.\" \/>\n<meta property=\"og:url\" content=\"https:\/\/www.yvar-bregeant.com\/es\/financiacion-participativa-mi-agradecimiento-a-todos-mis-patrocinadores\/\" \/>\n<meta property=\"og:site_name\" content=\"Yvar Bregeant\" \/>\n<meta property=\"article:publisher\" content=\"https:\/\/www.facebook.com\/profile.php?id=61553731625098\" \/>\n<meta property=\"article:modified_time\" content=\"2024-04-01T17:01:36+00:00\" \/>\n<meta name=\"twitter:card\" content=\"summary_large_image\" \/>\n<meta name=\"twitter:label1\" content=\"Tiempo de lectura\" \/>\n\t<meta name=\"twitter:data1\" content=\"1 minuto\" \/>\n<script type=\"application\/ld+json\" class=\"yoast-schema-graph\">{\"@context\":\"https:\\\/\\\/schema.org\",\"@graph\":[{\"@type\":\"WebPage\",\"@id\":\"https:\\\/\\\/www.yvar-bregeant.com\\\/es\\\/financiacion-participativa-mi-agradecimiento-a-todos-mis-patrocinadores\\\/\",\"url\":\"https:\\\/\\\/www.yvar-bregeant.com\\\/es\\\/financiacion-participativa-mi-agradecimiento-a-todos-mis-patrocinadores\\\/\",\"name\":\"Gracias a los patrocinadores - Yvar Bregeant\",\"isPartOf\":{\"@id\":\"https:\\\/\\\/www.yvar-bregeant.com\\\/es\\\/#website\"},\"datePublished\":\"2024-04-01T15:14:47+00:00\",\"dateModified\":\"2024-04-01T17:01:36+00:00\",\"description\":\"En esta p\u00e1gina quiero dar las gracias por su nombre a todos los patrocinadores de todo el mundo que han cre\u00eddo en m\u00ed y me han apoyado en mi proyecto.\",\"breadcrumb\":{\"@id\":\"https:\\\/\\\/www.yvar-bregeant.com\\\/es\\\/financiacion-participativa-mi-agradecimiento-a-todos-mis-patrocinadores\\\/#breadcrumb\"},\"inLanguage\":\"es\",\"potentialAction\":[{\"@type\":\"ReadAction\",\"target\":[\"https:\\\/\\\/www.yvar-bregeant.com\\\/es\\\/financiacion-participativa-mi-agradecimiento-a-todos-mis-patrocinadores\\\/\"]}]},{\"@type\":\"BreadcrumbList\",\"@id\":\"https:\\\/\\\/www.yvar-bregeant.com\\\/es\\\/financiacion-participativa-mi-agradecimiento-a-todos-mis-patrocinadores\\\/#breadcrumb\",\"itemListElement\":[{\"@type\":\"ListItem\",\"position\":1,\"name\":\"Accueil\",\"item\":\"https:\\\/\\\/www.yvar-bregeant.com\\\/es\\\/\"},{\"@type\":\"ListItem\",\"position\":2,\"name\":\"Gracias a los patrocinadores\"}]},{\"@type\":\"WebSite\",\"@id\":\"https:\\\/\\\/www.yvar-bregeant.com\\\/es\\\/#website\",\"url\":\"https:\\\/\\\/www.yvar-bregeant.com\\\/es\\\/\",\"name\":\"Yvar Bregeant\",\"description\":\"\",\"publisher\":{\"@id\":\"https:\\\/\\\/www.yvar-bregeant.com\\\/es\\\/#organization\"},\"potentialAction\":[{\"@type\":\"SearchAction\",\"target\":{\"@type\":\"EntryPoint\",\"urlTemplate\":\"https:\\\/\\\/www.yvar-bregeant.com\\\/es\\\/?s={search_term_string}\"},\"query-input\":{\"@type\":\"PropertyValueSpecification\",\"valueRequired\":true,\"valueName\":\"search_term_string\"}}],\"inLanguage\":\"es\"},{\"@type\":\"Organization\",\"@id\":\"https:\\\/\\\/www.yvar-bregeant.com\\\/es\\\/#organization\",\"name\":\"Yvar Bregeant\",\"url\":\"https:\\\/\\\/www.yvar-bregeant.com\\\/es\\\/\",\"logo\":{\"@type\":\"ImageObject\",\"inLanguage\":\"es\",\"@id\":\"https:\\\/\\\/www.yvar-bregeant.com\\\/es\\\/#\\\/schema\\\/logo\\\/image\\\/\",\"url\":\"https:\\\/\\\/www.yvar-bregeant.com\\\/wp-content\\\/uploads\\\/2023\\\/12\\\/Logo-de-presentation-onglet-structuration-russe.jpg\",\"contentUrl\":\"https:\\\/\\\/www.yvar-bregeant.com\\\/wp-content\\\/uploads\\\/2023\\\/12\\\/Logo-de-presentation-onglet-structuration-russe.jpg\",\"width\":612,\"height\":586,\"caption\":\"Yvar Bregeant\"},\"image\":{\"@id\":\"https:\\\/\\\/www.yvar-bregeant.com\\\/es\\\/#\\\/schema\\\/logo\\\/image\\\/\"},\"sameAs\":[\"https:\\\/\\\/www.facebook.com\\\/profile.php?id=61553731625098\"]}]}<\/script>\n<!-- \/ Yoast SEO plugin. -->","yoast_head_json":{"title":"Gracias a los patrocinadores - Yvar Bregeant","description":"En esta p\u00e1gina quiero dar las gracias por su nombre a todos los patrocinadores de todo el mundo que han cre\u00eddo en m\u00ed y me han apoyado en mi proyecto.","robots":{"index":"index","follow":"follow","max-snippet":"max-snippet:-1","max-image-preview":"max-image-preview:large","max-video-preview":"max-video-preview:-1"},"canonical":"https:\/\/www.yvar-bregeant.com\/es\/financiacion-participativa-mi-agradecimiento-a-todos-mis-patrocinadores\/","og_locale":"es_ES","og_type":"article","og_title":"Gracias a los patrocinadores - Yvar Bregeant","og_description":"En esta p\u00e1gina quiero dar las gracias por su nombre a todos los patrocinadores de todo el mundo que han cre\u00eddo en m\u00ed y me han apoyado en mi proyecto.","og_url":"https:\/\/www.yvar-bregeant.com\/es\/financiacion-participativa-mi-agradecimiento-a-todos-mis-patrocinadores\/","og_site_name":"Yvar Bregeant","article_publisher":"https:\/\/www.facebook.com\/profile.php?id=61553731625098","article_modified_time":"2024-04-01T17:01:36+00:00","twitter_card":"summary_large_image","twitter_misc":{"Tiempo de lectura":"1 minuto"},"schema":{"@context":"https:\/\/schema.org","@graph":[{"@type":"WebPage","@id":"https:\/\/www.yvar-bregeant.com\/es\/financiacion-participativa-mi-agradecimiento-a-todos-mis-patrocinadores\/","url":"https:\/\/www.yvar-bregeant.com\/es\/financiacion-participativa-mi-agradecimiento-a-todos-mis-patrocinadores\/","name":"Gracias a los patrocinadores - Yvar Bregeant","isPartOf":{"@id":"https:\/\/www.yvar-bregeant.com\/es\/#website"},"datePublished":"2024-04-01T15:14:47+00:00","dateModified":"2024-04-01T17:01:36+00:00","description":"En esta p\u00e1gina quiero dar las gracias por su nombre a todos los patrocinadores de todo el mundo que han cre\u00eddo en m\u00ed y me han apoyado en mi proyecto.","breadcrumb":{"@id":"https:\/\/www.yvar-bregeant.com\/es\/financiacion-participativa-mi-agradecimiento-a-todos-mis-patrocinadores\/#breadcrumb"},"inLanguage":"es","potentialAction":[{"@type":"ReadAction","target":["https:\/\/www.yvar-bregeant.com\/es\/financiacion-participativa-mi-agradecimiento-a-todos-mis-patrocinadores\/"]}]},{"@type":"BreadcrumbList","@id":"https:\/\/www.yvar-bregeant.com\/es\/financiacion-participativa-mi-agradecimiento-a-todos-mis-patrocinadores\/#breadcrumb","itemListElement":[{"@type":"ListItem","position":1,"name":"Accueil","item":"https:\/\/www.yvar-bregeant.com\/es\/"},{"@type":"ListItem","position":2,"name":"Gracias a los patrocinadores"}]},{"@type":"WebSite","@id":"https:\/\/www.yvar-bregeant.com\/es\/#website","url":"https:\/\/www.yvar-bregeant.com\/es\/","name":"Yvar Bregeant","description":"","publisher":{"@id":"https:\/\/www.yvar-bregeant.com\/es\/#organization"},"potentialAction":[{"@type":"SearchAction","target":{"@type":"EntryPoint","urlTemplate":"https:\/\/www.yvar-bregeant.com\/es\/?s={search_term_string}"},"query-input":{"@type":"PropertyValueSpecification","valueRequired":true,"valueName":"search_term_string"}}],"inLanguage":"es"},{"@type":"Organization","@id":"https:\/\/www.yvar-bregeant.com\/es\/#organization","name":"Yvar Bregeant","url":"https:\/\/www.yvar-bregeant.com\/es\/","logo":{"@type":"ImageObject","inLanguage":"es","@id":"https:\/\/www.yvar-bregeant.com\/es\/#\/schema\/logo\/image\/","url":"https:\/\/www.yvar-bregeant.com\/wp-content\/uploads\/2023\/12\/Logo-de-presentation-onglet-structuration-russe.jpg","contentUrl":"https:\/\/www.yvar-bregeant.com\/wp-content\/uploads\/2023\/12\/Logo-de-presentation-onglet-structuration-russe.jpg","width":612,"height":586,"caption":"Yvar Bregeant"},"image":{"@id":"https:\/\/www.yvar-bregeant.com\/es\/#\/schema\/logo\/image\/"},"sameAs":["https:\/\/www.facebook.com\/profile.php?id=61553731625098"]}]}},"_links":{"self":[{"href":"https:\/\/www.yvar-bregeant.com\/es\/wp-json\/wp\/v2\/pages\/19072","targetHints":{"allow":["GET"]}}],"collection":[{"href":"https:\/\/www.yvar-bregeant.com\/es\/wp-json\/wp\/v2\/pages"}],"about":[{"href":"https:\/\/www.yvar-bregeant.com\/es\/wp-json\/wp\/v2\/types\/page"}],"author":[{"embeddable":true,"href":"https:\/\/www.yvar-bregeant.com\/es\/wp-json\/wp\/v2\/users\/4"}],"replies":[{"embeddable":true,"href":"https:\/\/www.yvar-bregeant.com\/es\/wp-json\/wp\/v2\/comments?post=19072"}],"version-history":[{"count":2,"href":"https:\/\/www.yvar-bregeant.com\/es\/wp-json\/wp\/v2\/pages\/19072\/revisions"}],"predecessor-version":[{"id":19091,"href":"https:\/\/www.yvar-bregeant.com\/es\/wp-json\/wp\/v2\/pages\/19072\/revisions\/19091"}],"wp:attachment":[{"href":"https:\/\/www.yvar-bregeant.com\/es\/wp-json\/wp\/v2\/media?parent=19072"}],"curies":[{"name":"wp","href":"https:\/\/api.w.org\/{rel}","templated":true}]}}