{"id":17976,"date":"2024-03-24T10:08:31","date_gmt":"2024-03-24T10:08:31","guid":{"rendered":"https:\/\/www.yvar-bregeant.com\/?page_id=17976"},"modified":"2024-03-26T17:42:19","modified_gmt":"2024-03-26T17:42:19","slug":"prefazione-rassegna-stampa-2","status":"publish","type":"page","link":"https:\/\/www.yvar-bregeant.com\/it\/prefazione-rassegna-stampa-2\/","title":{"rendered":"Rassegna stampa"},"content":{"rendered":"<style>.elementor-17976 .elementor-element.elementor-element-4d9f341d > .elementor-container{max-width:1290px;}.elementor-17976 .elementor-element.elementor-element-4d9f341d:not(.elementor-motion-effects-element-type-background), .elementor-17976 .elementor-element.elementor-element-4d9f341d > .elementor-motion-effects-container > .elementor-motion-effects-layer{background-image:url(\"https:\/\/www.yvar-bregeant.com\/wp-content\/uploads\/2023\/06\/livres2-1.jpg\");background-position:center center;background-repeat:no-repeat;background-size:cover;}.elementor-17976 .elementor-element.elementor-element-4d9f341d > .elementor-background-overlay{background-color:transparent;background-image:linear-gradient(180deg, #0B0A15BA 30%, #0B0A15 100%);opacity:1;transition:background 0.3s, border-radius 0.3s, opacity 0.3s;}.elementor-17976 .elementor-element.elementor-element-4d9f341d{transition:background 0.3s, border 0.3s, border-radius 0.3s, box-shadow 0.3s;margin-top:-95px;margin-bottom:0px;padding:300px 0px 130px 0px;z-index:0;}.elementor-17976 .elementor-element.elementor-element-26ce84b1{text-align:start;}.elementor-17976 .elementor-element.elementor-element-26ce84b1 .elementor-heading-title{font-family:\"Girassol\", Sans-serif;font-size:40px;font-weight:500;text-transform:uppercase;letter-spacing:5px;color:#FFFFFF;}.elementor-17976 .elementor-element.elementor-element-26ce84b1 > .elementor-widget-container{margin:0px 0px 0px 0px;}.elementor-17976 .elementor-element.elementor-element-cf186a2{--display:flex;}.elementor-17976 .elementor-element.elementor-element-384ceb2{--divider-border-style:solid;--divider-color:#000;--divider-border-width:1px;}.elementor-17976 .elementor-element.elementor-element-384ceb2 .elementor-divider-separator{width:100%;}.elementor-17976 .elementor-element.elementor-element-384ceb2 .elementor-divider{padding-block-start:15px;padding-block-end:15px;}.elementor-17976 .elementor-element.elementor-element-b64e223{--divider-border-style:solid;--divider-color:#000;--divider-border-width:1px;}.elementor-17976 .elementor-element.elementor-element-b64e223 .elementor-divider-separator{width:100%;}.elementor-17976 .elementor-element.elementor-element-b64e223 .elementor-divider{padding-block-start:15px;padding-block-end:15px;}.elementor-17976 .elementor-element.elementor-element-fdfcde9{--spacer-size:50px;}.elementor-17976 .elementor-element.elementor-element-761aef2{text-align:justify;font-family:\"Times New Roman\", Sans-serif;font-size:18px;color:var( --e-global-color-40e36de );}.elementor-17976 .elementor-element.elementor-element-761aef2 > .elementor-widget-container{padding:0px 0px 0px 0px;}.elementor-17976 .elementor-element.elementor-element-171c2fe{--spacer-size:50px;}.elementor-17976 .elementor-element.elementor-element-6bfc5a3{--spacer-size:50px;}.elementor-17976 .elementor-element.elementor-element-a86ce1d{text-align:justify;font-family:\"Times New Roman\", Sans-serif;font-size:18px;color:var( --e-global-color-40e36de );}.elementor-17976 .elementor-element.elementor-element-a86ce1d > .elementor-widget-container{padding:0px 0px 0px 0px;}:root{--page-title-display:none;}@media(max-width:1024px){.elementor-17976 .elementor-element.elementor-element-4d9f341d{padding:250px 0px 100px 0px;}.elementor-17976 .elementor-element.elementor-element-8cc621 > .elementor-element-populated{margin:0px 10px 0px 10px;--e-column-margin-right:10px;--e-column-margin-left:10px;}.elementor-17976 .elementor-element.elementor-element-26ce84b1 .elementor-heading-title{font-size:70px;line-height:1.2em;}}@media(max-width:767px){.elementor-17976 .elementor-element.elementor-element-4d9f341d:not(.elementor-motion-effects-element-type-background), .elementor-17976 .elementor-element.elementor-element-4d9f341d > .elementor-motion-effects-container > .elementor-motion-effects-layer{background-position:80% 0px;}.elementor-17976 .elementor-element.elementor-element-4d9f341d{padding:220px 0px 50px 0px;}.elementor-17976 .elementor-element.elementor-element-8cc621 > .elementor-element-populated{margin:0px 5px 0px 5px;--e-column-margin-right:5px;--e-column-margin-left:5px;}.elementor-17976 .elementor-element.elementor-element-26ce84b1 .elementor-heading-title{font-size:55px;line-height:1.2em;}.elementor-17976 .elementor-element.elementor-element-761aef2{font-size:16px;}.elementor-17976 .elementor-element.elementor-element-a86ce1d{font-size:16px;}}<\/style>\t\t<div data-elementor-type=\"wp-page\" data-elementor-id=\"17976\" class=\"elementor elementor-17976 elementor-17973\" data-elementor-post-type=\"page\">\n\t\t\t\t\t\t<section class=\"elementor-section elementor-top-section elementor-element elementor-element-4d9f341d elementor-section-boxed elementor-section-height-default elementor-section-height-default\" data-id=\"4d9f341d\" data-element_type=\"section\" data-e-type=\"section\" data-settings=\"{&quot;background_background&quot;:&quot;classic&quot;}\">\n\t\t\t\t\t\t\t<div class=\"elementor-background-overlay\"><\/div>\n\t\t\t\t\t\t\t<div class=\"elementor-container elementor-column-gap-default\">\n\t\t\t\t\t<div class=\"elementor-column elementor-col-100 elementor-top-column elementor-element elementor-element-8cc621\" data-id=\"8cc621\" data-element_type=\"column\" data-e-type=\"column\">\n\t\t\t<div class=\"elementor-widget-wrap elementor-element-populated\">\n\t\t\t\t\t\t<div class=\"elementor-element elementor-element-26ce84b1 elementor-widget elementor-widget-heading\" data-id=\"26ce84b1\" data-element_type=\"widget\" data-e-type=\"widget\" data-widget_type=\"heading.default\">\n\t\t\t\t<div class=\"elementor-widget-container\">\n\t\t\t\t\t<h1 class=\"elementor-heading-title elementor-size-default\">Rassegna stampa<\/h1>\t\t\t\t<\/div>\n\t\t\t\t<\/div>\n\t\t\t\t\t<\/div>\n\t\t<\/div>\n\t\t\t\t\t<\/div>\n\t\t<\/section>\n\t\t<div class=\"elementor-element elementor-element-cf186a2 e-flex e-con-boxed e-con e-parent\" data-id=\"cf186a2\" data-element_type=\"container\" data-e-type=\"container\">\n\t\t\t\t\t<div class=\"e-con-inner\">\n\t\t\t\t<div class=\"elementor-element elementor-element-384ceb2 elementor-widget-divider--view-line elementor-widget elementor-widget-divider\" data-id=\"384ceb2\" data-element_type=\"widget\" data-e-type=\"widget\" data-widget_type=\"divider.default\">\n\t\t\t\t<div class=\"elementor-widget-container\">\n\t\t\t\t\t\t\t<div class=\"elementor-divider\">\n\t\t\t<span class=\"elementor-divider-separator\">\n\t\t\t\t\t\t<\/span>\n\t\t<\/div>\n\t\t\t\t\t\t<\/div>\n\t\t\t\t<\/div>\n\t\t\t\t<div class=\"elementor-element elementor-element-b64e223 elementor-widget-divider--view-line elementor-widget elementor-widget-divider\" data-id=\"b64e223\" data-element_type=\"widget\" data-e-type=\"widget\" data-widget_type=\"divider.default\">\n\t\t\t\t<div class=\"elementor-widget-container\">\n\t\t\t\t\t\t\t<div class=\"elementor-divider\">\n\t\t\t<span class=\"elementor-divider-separator\">\n\t\t\t\t\t\t<\/span>\n\t\t<\/div>\n\t\t\t\t\t\t<\/div>\n\t\t\t\t<\/div>\n\t\t\t\t<div class=\"elementor-element elementor-element-6b7314c elementor-widget elementor-widget-heading\" data-id=\"6b7314c\" data-element_type=\"widget\" data-e-type=\"widget\" data-widget_type=\"heading.default\">\n\t\t\t\t<div class=\"elementor-widget-container\">\n\t\t\t\t\t<h2 class=\"elementor-heading-title elementor-size-default\">Commenti dei lettori di monbestseller.com<\/h2>\t\t\t\t<\/div>\n\t\t\t\t<\/div>\n\t\t\t\t<div class=\"elementor-element elementor-element-fdfcde9 elementor-widget elementor-widget-spacer\" data-id=\"fdfcde9\" data-element_type=\"widget\" data-e-type=\"widget\" data-widget_type=\"spacer.default\">\n\t\t\t\t<div class=\"elementor-widget-container\">\n\t\t\t\t\t\t\t<div class=\"elementor-spacer\">\n\t\t\t<div class=\"elementor-spacer-inner\"><\/div>\n\t\t<\/div>\n\t\t\t\t\t\t<\/div>\n\t\t\t\t<\/div>\n\t\t\t\t<div class=\"elementor-element elementor-element-761aef2 elementor-widget elementor-widget-text-editor\" data-id=\"761aef2\" data-element_type=\"widget\" data-e-type=\"widget\" data-widget_type=\"text-editor.default\">\n\t\t\t\t<div class=\"elementor-widget-container\">\n\t\t\t\t\t\t\t\t\t<p>Vi invito a dare un&#8217;occhiata ai libri gi\u00e0 pubblicati e ai numerosi commenti positivi che sono stati fatti su ogni libro.<\/p>\n<p>Vorrei chiarire che questi commenti non sono frutto della mia immaginazione, del mio ego o di un intelligente mix di entrambi.<\/p>\n<p>N\u00e9 amici o familiari comprensivi&#8230;<\/p>\n<p>Come controllo legittimo, potete visitare il sito monbestseller.com, dove inizialmente ho messo a disposizione le versioni full-text dei libri per la lettura gratuita (ora sono disponibili gli estratti). <\/p>\n<p>I commenti provengono dagli autori e dai lettori di questo sito. <\/p>\n<p>Ecco i rispettivi link per ogni libro, in modo che possiate controllare voi stessi, se necessario: <\/p>\n<p><a href=\"https:\/\/www.monbestseller.com\/manuscrit\/13910-la-reelle-histoire-de-lhumanite-et-de-dieu-tome-1-la-revelation-de-la-genese\">https:\/\/www.monbestseller.com\/manuscrit\/13910-la-reelle-histoire-de-lhumanite-et-de-dieu-tome-1-la-revelation-de-la-genese<\/a><\/p>\n<p><a href=\"https:\/\/www.monbestseller.com\/manuscrit\/18505-le-dechiffrage-du-langage-des-cavernes\">https:\/\/www.monbestseller.com\/manuscrit\/18505-le-dechiffrage-du-langage-des-cavernes<\/a><\/p>\n<p><a href=\"https:\/\/www.monbestseller.com\/manuscrit\/19429-les-temples-megalithiques-de-malte-gobekli-tepe-et-stonehenge\">https:\/\/www.monbestseller.com\/manuscrit\/19429-les-temples-megalithiques-de-malte-gobekli-tepe-et-stonehenge<\/a><\/p>\n\t\t\t\t\t\t\t\t<\/div>\n\t\t\t\t<\/div>\n\t\t\t\t<div class=\"elementor-element elementor-element-171c2fe elementor-widget elementor-widget-spacer\" data-id=\"171c2fe\" data-element_type=\"widget\" data-e-type=\"widget\" data-widget_type=\"spacer.default\">\n\t\t\t\t<div class=\"elementor-widget-container\">\n\t\t\t\t\t\t\t<div class=\"elementor-spacer\">\n\t\t\t<div class=\"elementor-spacer-inner\"><\/div>\n\t\t<\/div>\n\t\t\t\t\t\t<\/div>\n\t\t\t\t<\/div>\n\t\t\t\t<div class=\"elementor-element elementor-element-9260e60 elementor-widget elementor-widget-heading\" data-id=\"9260e60\" data-element_type=\"widget\" data-e-type=\"widget\" data-widget_type=\"heading.default\">\n\t\t\t\t<div class=\"elementor-widget-container\">\n\t\t\t\t\t<h2 class=\"elementor-heading-title elementor-size-default\">Newsletter bimestrale \"movimenti religiosi\". Mr Blandre. Direttore della pubblicazione. Professore di storia<\/h2>\t\t\t\t<\/div>\n\t\t\t\t<\/div>\n\t\t\t\t<div class=\"elementor-element elementor-element-6bfc5a3 elementor-widget elementor-widget-spacer\" data-id=\"6bfc5a3\" data-element_type=\"widget\" data-e-type=\"widget\" data-widget_type=\"spacer.default\">\n\t\t\t\t<div class=\"elementor-widget-container\">\n\t\t\t\t\t\t\t<div class=\"elementor-spacer\">\n\t\t\t<div class=\"elementor-spacer-inner\"><\/div>\n\t\t<\/div>\n\t\t\t\t\t\t<\/div>\n\t\t\t\t<\/div>\n\t\t\t\t<div class=\"elementor-element elementor-element-a86ce1d elementor-widget elementor-widget-text-editor\" data-id=\"a86ce1d\" data-element_type=\"widget\" data-e-type=\"widget\" data-widget_type=\"text-editor.default\">\n\t\t\t\t<div class=\"elementor-widget-container\">\n\t\t\t\t\t\t\t\t\t<p>Il mio ultimo libro, intitolato &#8220;Le d\u00e9chiffrage du langage des cavernes&#8221; (che dimostra che le pitture rupestri (animali e segni) del Paleolitico superiore corrispondono al linguaggio ideografico proto-sumerico).<\/p>\n<p><blockquote class=\"wp-embedded-content\" data-secret=\"ITwwV3NKiT\"><a href=\"https:\/\/www.yvar-bregeant.com\/it\/decifrare-il-linguaggio-delle-grotte\/\">Decifrare il linguaggio delle grotte<\/a><\/blockquote><iframe class=\"wp-embedded-content\" sandbox=\"allow-scripts\" security=\"restricted\" style=\"position: absolute; clip: rect(1px, 1px, 1px, 1px);\" title=\"\u00ab\u00a0Decifrare il linguaggio delle grotte\u00a0\u00bb &#8212; Yvar Bregeant\" src=\"https:\/\/www.yvar-bregeant.com\/it\/decifrare-il-linguaggio-delle-grotte\/embed\/#?secret=xSheIwSq11#?secret=ITwwV3NKiT\" data-secret=\"ITwwV3NKiT\" width=\"600\" height=\"338\" frameborder=\"0\" marginwidth=\"0\" marginheight=\"0\" scrolling=\"no\"><\/iframe><\/p>\n<p>\u00e8 stato oggetto di una lettura esaustiva, seguita da una sintesi alle pagine 19-24 del numero di settembre ottobre.<\/p>\n<p>Vi invito a consultarlo qui:<\/p>\n<p><a href=\"https:\/\/www.yvar-bregeant.com\/wp-content\/uploads\/2023\/11\/BULLETIN-MOUVEMENTS-RELIGIEUX-DE-SEPTEMBRE-OCTOBRE-2023.pdf\">BOLLETTINO MOVIMENTI RELIGIOSI SETTEMBRE OTTOBRE 2023<\/a><\/p>\n<p>In seguito a questa pubblicazione, ho semplicemente contattato il signor BLANDRE per correggere il suo punto di vista sulle mie convinzioni personali:<\/p>\n<p>Purtroppo, dai miei scritti ha concluso che faccio parte di quello che lui definisce esoterismo e che ho rinnegato la mia fede cristiana iniziale.<\/p>\n<p>Il che \u00e8 un errore perch\u00e9 sono (e sono rimasto) un cristiano.<\/p>\n<p>Il fatto che la mia ricerca mi abbia portato a individuare la vera natura della religione preistorica originale non significa che io la sottoscriva. <\/p>\n<p>Simplement, lorsque j&#8217;entre dans le vif du sujet, dans l&#8217;analyse, j&#8217;essaie toujours de pr\u00e9senter le mat\u00e9riel d&#8217;une mani\u00e8re neutre, acad\u00e9mique, une neutralit\u00e9 qui pourrait amener le lecteur \u00e0 penser que je soutiens le point de vue mythologique plut\u00f4t que la version biblique.<\/p>\n<p>Solo nelle introduzioni o nelle conclusioni dei miei libri o del mio sito web dichiaro le mie convinzioni e la mia scelta personale o il mio punto di vista. Spero che siano abbastanza chiari da capire che sono un cristiano nel cuore, nella vita e nello spirito, anche se, ancora una volta, cerco di prescindere totalmente dal mio punto di vista nello sviluppo dei libri* e dei loro rispettivi argomenti.<\/p>\n<p>Ci sono altre cose da opporre all&#8217;osservazione e all&#8217;analisi del signor BLANDRE, ma non voglio entrare in polemica in questa sede. Sono convinto che la mia scrittura parler\u00e0 gradualmente per me. <\/p>\n<p>Le nostre discussioni proseguono in modo molto cordiale e senza dubbio far\u00f2 un diritto di replica su questa questione di fede personale, all&#8217;inizio del 2024, in una prossima edizione della newsletter. A parte questo, l&#8217;articolo \u00e8 piuttosto elogiativo nei miei confronti, per cui ringrazio il signor BLANDRE, per il suo interesse nella mia ricerca e per il suo evidente sforzo sincero di sintetizzare il frutto del mio lavoro, che \u00e8, diciamolo, piuttosto consistente.<\/p>\n\t\t\t\t\t\t\t\t<\/div>\n\t\t\t\t<\/div>\n\t\t\t\t\t<\/div>\n\t\t\t\t<\/div>\n\t\t\t\t<\/div>\n\t\t","protected":false},"excerpt":{"rendered":"<p>Rassegna stampa Commenti dei lettori di monbestseller.com Vi invito a dare un&#8217;occhiata ai libri gi\u00e0 pubblicati e ai numerosi commenti positivi che sono stati fatti su ogni libro. Vorrei chiarire che questi commenti non sono frutto della mia immaginazione, del mio ego o di un intelligente mix di entrambi. N\u00e9 amici o familiari comprensivi&#8230; Come [&hellip;]<\/p>\n","protected":false},"author":4,"featured_media":4703,"parent":0,"menu_order":0,"comment_status":"closed","ping_status":"closed","template":"elementor_header_footer","meta":{"footnotes":""},"class_list":["post-17976","page","type-page","status-publish","has-post-thumbnail","hentry"],"yoast_head":"<!-- This site is optimized with the Yoast SEO plugin v27.4 - https:\/\/yoast.com\/product\/yoast-seo-wordpress\/ -->\n<title>Come scoprire la vera storia delle religioni dell&#039;umanit\u00e0<\/title>\n<meta name=\"description\" content=\"Come possiamo scoprire le vere origini e la storia delle religioni dell&#039;umanit\u00e0? Leggi la prefazione della serie letteraria di Yvar Bregeant\" \/>\n<meta name=\"robots\" content=\"index, follow, max-snippet:-1, max-image-preview:large, max-video-preview:-1\" \/>\n<link rel=\"canonical\" href=\"https:\/\/www.yvar-bregeant.com\/it\/prefazione-rassegna-stampa-2\/\" \/>\n<meta property=\"og:locale\" content=\"it_IT\" \/>\n<meta property=\"og:type\" content=\"article\" \/>\n<meta property=\"og:title\" content=\"Come scoprire la vera storia delle religioni dell&#039;umanit\u00e0\" \/>\n<meta property=\"og:description\" content=\"Come possiamo scoprire le vere origini e la storia delle religioni dell&#039;umanit\u00e0? Leggi la prefazione della serie letteraria di Yvar Bregeant\" \/>\n<meta property=\"og:url\" content=\"https:\/\/www.yvar-bregeant.com\/it\/prefazione-rassegna-stampa-2\/\" \/>\n<meta property=\"og:site_name\" content=\"Yvar Bregeant\" \/>\n<meta property=\"article:publisher\" content=\"https:\/\/www.facebook.com\/profile.php?id=61553731625098\" \/>\n<meta property=\"article:modified_time\" content=\"2024-03-26T17:42:19+00:00\" \/>\n<meta property=\"og:image\" content=\"https:\/\/www.yvar-bregeant.com\/wp-content\/uploads\/2023\/12\/Logo-de-presentation-onglet-structuration-1.jpg\" \/>\n\t<meta property=\"og:image:width\" content=\"612\" \/>\n\t<meta property=\"og:image:height\" content=\"586\" \/>\n\t<meta property=\"og:image:type\" content=\"image\/jpeg\" \/>\n<meta name=\"twitter:card\" content=\"summary_large_image\" \/>\n<script type=\"application\/ld+json\" class=\"yoast-schema-graph\">{\"@context\":\"https:\\\/\\\/schema.org\",\"@graph\":[{\"@type\":\"WebPage\",\"@id\":\"https:\\\/\\\/www.yvar-bregeant.com\\\/it\\\/prefazione-rassegna-stampa-2\\\/\",\"url\":\"https:\\\/\\\/www.yvar-bregeant.com\\\/it\\\/prefazione-rassegna-stampa-2\\\/\",\"name\":\"Come scoprire la vera storia delle religioni dell'umanit\u00e0\",\"isPartOf\":{\"@id\":\"https:\\\/\\\/www.yvar-bregeant.com\\\/it\\\/#website\"},\"primaryImageOfPage\":{\"@id\":\"https:\\\/\\\/www.yvar-bregeant.com\\\/it\\\/prefazione-rassegna-stampa-2\\\/#primaryimage\"},\"image\":{\"@id\":\"https:\\\/\\\/www.yvar-bregeant.com\\\/it\\\/prefazione-rassegna-stampa-2\\\/#primaryimage\"},\"thumbnailUrl\":\"https:\\\/\\\/www.yvar-bregeant.com\\\/wp-content\\\/uploads\\\/2023\\\/12\\\/Logo-de-presentation-onglet-structuration-1.jpg\",\"datePublished\":\"2024-03-24T10:08:31+00:00\",\"dateModified\":\"2024-03-26T17:42:19+00:00\",\"description\":\"Come possiamo scoprire le vere origini e la storia delle religioni dell'umanit\u00e0? Leggi la prefazione della serie letteraria di Yvar Bregeant\",\"breadcrumb\":{\"@id\":\"https:\\\/\\\/www.yvar-bregeant.com\\\/it\\\/prefazione-rassegna-stampa-2\\\/#breadcrumb\"},\"inLanguage\":\"it-IT\",\"potentialAction\":[{\"@type\":\"ReadAction\",\"target\":[\"https:\\\/\\\/www.yvar-bregeant.com\\\/it\\\/prefazione-rassegna-stampa-2\\\/\"]}]},{\"@type\":\"ImageObject\",\"inLanguage\":\"it-IT\",\"@id\":\"https:\\\/\\\/www.yvar-bregeant.com\\\/it\\\/prefazione-rassegna-stampa-2\\\/#primaryimage\",\"url\":\"https:\\\/\\\/www.yvar-bregeant.com\\\/wp-content\\\/uploads\\\/2023\\\/12\\\/Logo-de-presentation-onglet-structuration-1.jpg\",\"contentUrl\":\"https:\\\/\\\/www.yvar-bregeant.com\\\/wp-content\\\/uploads\\\/2023\\\/12\\\/Logo-de-presentation-onglet-structuration-1.jpg\",\"width\":612,\"height\":586},{\"@type\":\"BreadcrumbList\",\"@id\":\"https:\\\/\\\/www.yvar-bregeant.com\\\/it\\\/prefazione-rassegna-stampa-2\\\/#breadcrumb\",\"itemListElement\":[{\"@type\":\"ListItem\",\"position\":1,\"name\":\"Accueil\",\"item\":\"https:\\\/\\\/www.yvar-bregeant.com\\\/it\\\/\"},{\"@type\":\"ListItem\",\"position\":2,\"name\":\"Rassegna stampa\"}]},{\"@type\":\"WebSite\",\"@id\":\"https:\\\/\\\/www.yvar-bregeant.com\\\/it\\\/#website\",\"url\":\"https:\\\/\\\/www.yvar-bregeant.com\\\/it\\\/\",\"name\":\"Yvar Bregeant\",\"description\":\"\",\"publisher\":{\"@id\":\"https:\\\/\\\/www.yvar-bregeant.com\\\/it\\\/#organization\"},\"potentialAction\":[{\"@type\":\"SearchAction\",\"target\":{\"@type\":\"EntryPoint\",\"urlTemplate\":\"https:\\\/\\\/www.yvar-bregeant.com\\\/it\\\/?s={search_term_string}\"},\"query-input\":{\"@type\":\"PropertyValueSpecification\",\"valueRequired\":true,\"valueName\":\"search_term_string\"}}],\"inLanguage\":\"it-IT\"},{\"@type\":\"Organization\",\"@id\":\"https:\\\/\\\/www.yvar-bregeant.com\\\/it\\\/#organization\",\"name\":\"Yvar Bregeant\",\"url\":\"https:\\\/\\\/www.yvar-bregeant.com\\\/it\\\/\",\"logo\":{\"@type\":\"ImageObject\",\"inLanguage\":\"it-IT\",\"@id\":\"https:\\\/\\\/www.yvar-bregeant.com\\\/it\\\/#\\\/schema\\\/logo\\\/image\\\/\",\"url\":\"https:\\\/\\\/www.yvar-bregeant.com\\\/wp-content\\\/uploads\\\/2023\\\/12\\\/Logo-de-presentation-onglet-structuration-russe.jpg\",\"contentUrl\":\"https:\\\/\\\/www.yvar-bregeant.com\\\/wp-content\\\/uploads\\\/2023\\\/12\\\/Logo-de-presentation-onglet-structuration-russe.jpg\",\"width\":612,\"height\":586,\"caption\":\"Yvar Bregeant\"},\"image\":{\"@id\":\"https:\\\/\\\/www.yvar-bregeant.com\\\/it\\\/#\\\/schema\\\/logo\\\/image\\\/\"},\"sameAs\":[\"https:\\\/\\\/www.facebook.com\\\/profile.php?id=61553731625098\"]}]}<\/script>\n<!-- \/ Yoast SEO plugin. -->","yoast_head_json":{"title":"Come scoprire la vera storia delle religioni dell'umanit\u00e0","description":"Come possiamo scoprire le vere origini e la storia delle religioni dell'umanit\u00e0? Leggi la prefazione della serie letteraria di Yvar Bregeant","robots":{"index":"index","follow":"follow","max-snippet":"max-snippet:-1","max-image-preview":"max-image-preview:large","max-video-preview":"max-video-preview:-1"},"canonical":"https:\/\/www.yvar-bregeant.com\/it\/prefazione-rassegna-stampa-2\/","og_locale":"it_IT","og_type":"article","og_title":"Come scoprire la vera storia delle religioni dell'umanit\u00e0","og_description":"Come possiamo scoprire le vere origini e la storia delle religioni dell'umanit\u00e0? Leggi la prefazione della serie letteraria di Yvar Bregeant","og_url":"https:\/\/www.yvar-bregeant.com\/it\/prefazione-rassegna-stampa-2\/","og_site_name":"Yvar Bregeant","article_publisher":"https:\/\/www.facebook.com\/profile.php?id=61553731625098","article_modified_time":"2024-03-26T17:42:19+00:00","og_image":[{"width":612,"height":586,"url":"https:\/\/www.yvar-bregeant.com\/wp-content\/uploads\/2023\/12\/Logo-de-presentation-onglet-structuration-1.jpg","type":"image\/jpeg"}],"twitter_card":"summary_large_image","schema":{"@context":"https:\/\/schema.org","@graph":[{"@type":"WebPage","@id":"https:\/\/www.yvar-bregeant.com\/it\/prefazione-rassegna-stampa-2\/","url":"https:\/\/www.yvar-bregeant.com\/it\/prefazione-rassegna-stampa-2\/","name":"Come scoprire la vera storia delle religioni dell'umanit\u00e0","isPartOf":{"@id":"https:\/\/www.yvar-bregeant.com\/it\/#website"},"primaryImageOfPage":{"@id":"https:\/\/www.yvar-bregeant.com\/it\/prefazione-rassegna-stampa-2\/#primaryimage"},"image":{"@id":"https:\/\/www.yvar-bregeant.com\/it\/prefazione-rassegna-stampa-2\/#primaryimage"},"thumbnailUrl":"https:\/\/www.yvar-bregeant.com\/wp-content\/uploads\/2023\/12\/Logo-de-presentation-onglet-structuration-1.jpg","datePublished":"2024-03-24T10:08:31+00:00","dateModified":"2024-03-26T17:42:19+00:00","description":"Come possiamo scoprire le vere origini e la storia delle religioni dell'umanit\u00e0? Leggi la prefazione della serie letteraria di Yvar Bregeant","breadcrumb":{"@id":"https:\/\/www.yvar-bregeant.com\/it\/prefazione-rassegna-stampa-2\/#breadcrumb"},"inLanguage":"it-IT","potentialAction":[{"@type":"ReadAction","target":["https:\/\/www.yvar-bregeant.com\/it\/prefazione-rassegna-stampa-2\/"]}]},{"@type":"ImageObject","inLanguage":"it-IT","@id":"https:\/\/www.yvar-bregeant.com\/it\/prefazione-rassegna-stampa-2\/#primaryimage","url":"https:\/\/www.yvar-bregeant.com\/wp-content\/uploads\/2023\/12\/Logo-de-presentation-onglet-structuration-1.jpg","contentUrl":"https:\/\/www.yvar-bregeant.com\/wp-content\/uploads\/2023\/12\/Logo-de-presentation-onglet-structuration-1.jpg","width":612,"height":586},{"@type":"BreadcrumbList","@id":"https:\/\/www.yvar-bregeant.com\/it\/prefazione-rassegna-stampa-2\/#breadcrumb","itemListElement":[{"@type":"ListItem","position":1,"name":"Accueil","item":"https:\/\/www.yvar-bregeant.com\/it\/"},{"@type":"ListItem","position":2,"name":"Rassegna stampa"}]},{"@type":"WebSite","@id":"https:\/\/www.yvar-bregeant.com\/it\/#website","url":"https:\/\/www.yvar-bregeant.com\/it\/","name":"Yvar Bregeant","description":"","publisher":{"@id":"https:\/\/www.yvar-bregeant.com\/it\/#organization"},"potentialAction":[{"@type":"SearchAction","target":{"@type":"EntryPoint","urlTemplate":"https:\/\/www.yvar-bregeant.com\/it\/?s={search_term_string}"},"query-input":{"@type":"PropertyValueSpecification","valueRequired":true,"valueName":"search_term_string"}}],"inLanguage":"it-IT"},{"@type":"Organization","@id":"https:\/\/www.yvar-bregeant.com\/it\/#organization","name":"Yvar Bregeant","url":"https:\/\/www.yvar-bregeant.com\/it\/","logo":{"@type":"ImageObject","inLanguage":"it-IT","@id":"https:\/\/www.yvar-bregeant.com\/it\/#\/schema\/logo\/image\/","url":"https:\/\/www.yvar-bregeant.com\/wp-content\/uploads\/2023\/12\/Logo-de-presentation-onglet-structuration-russe.jpg","contentUrl":"https:\/\/www.yvar-bregeant.com\/wp-content\/uploads\/2023\/12\/Logo-de-presentation-onglet-structuration-russe.jpg","width":612,"height":586,"caption":"Yvar Bregeant"},"image":{"@id":"https:\/\/www.yvar-bregeant.com\/it\/#\/schema\/logo\/image\/"},"sameAs":["https:\/\/www.facebook.com\/profile.php?id=61553731625098"]}]}},"_links":{"self":[{"href":"https:\/\/www.yvar-bregeant.com\/it\/wp-json\/wp\/v2\/pages\/17976","targetHints":{"allow":["GET"]}}],"collection":[{"href":"https:\/\/www.yvar-bregeant.com\/it\/wp-json\/wp\/v2\/pages"}],"about":[{"href":"https:\/\/www.yvar-bregeant.com\/it\/wp-json\/wp\/v2\/types\/page"}],"author":[{"embeddable":true,"href":"https:\/\/www.yvar-bregeant.com\/it\/wp-json\/wp\/v2\/users\/4"}],"replies":[{"embeddable":true,"href":"https:\/\/www.yvar-bregeant.com\/it\/wp-json\/wp\/v2\/comments?post=17976"}],"version-history":[{"count":1,"href":"https:\/\/www.yvar-bregeant.com\/it\/wp-json\/wp\/v2\/pages\/17976\/revisions"}],"predecessor-version":[{"id":18333,"href":"https:\/\/www.yvar-bregeant.com\/it\/wp-json\/wp\/v2\/pages\/17976\/revisions\/18333"}],"wp:featuredmedia":[{"embeddable":true,"href":"https:\/\/www.yvar-bregeant.com\/it\/wp-json\/wp\/v2\/media\/4703"}],"wp:attachment":[{"href":"https:\/\/www.yvar-bregeant.com\/it\/wp-json\/wp\/v2\/media?parent=17976"}],"curies":[{"name":"wp","href":"https:\/\/api.w.org\/{rel}","templated":true}]}}