{"id":18487,"date":"2024-03-28T19:43:41","date_gmt":"2024-03-28T18:43:41","guid":{"rendered":"https:\/\/www.yvar-bregeant.com\/?page_id=18487"},"modified":"2025-04-04T18:23:03","modified_gmt":"2025-04-04T17:23:03","slug":"libri-gia-pubblicati-2","status":"publish","type":"page","link":"https:\/\/www.yvar-bregeant.com\/it\/libri-gia-pubblicati-2\/","title":{"rendered":"La mia politica di messa a disposizione della ricerca"},"content":{"rendered":"\t\t<div data-elementor-type=\"wp-page\" data-elementor-id=\"18487\" class=\"elementor elementor-18487 elementor-18484\" data-elementor-post-type=\"page\">\n\t\t\t\t\t\t<section class=\"elementor-section elementor-top-section elementor-element elementor-element-4135eb54 elementor-section-boxed elementor-section-height-default elementor-section-height-default\" data-id=\"4135eb54\" data-element_type=\"section\" data-e-type=\"section\" data-settings=\"{&quot;background_background&quot;:&quot;classic&quot;}\">\n\t\t\t\t\t\t\t<div class=\"elementor-background-overlay\"><\/div>\n\t\t\t\t\t\t\t<div class=\"elementor-container elementor-column-gap-default\">\n\t\t\t\t\t<div class=\"elementor-column elementor-col-100 elementor-top-column elementor-element elementor-element-43041edf\" data-id=\"43041edf\" data-element_type=\"column\" data-e-type=\"column\">\n\t\t\t<div class=\"elementor-widget-wrap elementor-element-populated\">\n\t\t\t\t\t\t<div class=\"elementor-element elementor-element-792a7221 elementor-widget elementor-widget-heading\" data-id=\"792a7221\" data-element_type=\"widget\" data-e-type=\"widget\" data-widget_type=\"heading.default\">\n\t\t\t\t<div class=\"elementor-widget-container\">\n\t\t\t\t\t<h1 class=\"elementor-heading-title elementor-size-default\">La mia politica di messa a disposizione della ricerca<\/h1>\t\t\t\t<\/div>\n\t\t\t\t<\/div>\n\t\t\t\t<div class=\"elementor-element elementor-element-6a323ba elementor-widget elementor-widget-spacer\" data-id=\"6a323ba\" data-element_type=\"widget\" data-e-type=\"widget\" data-widget_type=\"spacer.default\">\n\t\t\t\t<div class=\"elementor-widget-container\">\n\t\t\t\t\t\t\t<div class=\"elementor-spacer\">\n\t\t\t<div class=\"elementor-spacer-inner\"><\/div>\n\t\t<\/div>\n\t\t\t\t\t\t<\/div>\n\t\t\t\t<\/div>\n\t\t\t\t<div class=\"elementor-element elementor-element-054249f elementor-widget elementor-widget-spacer\" data-id=\"054249f\" data-element_type=\"widget\" data-e-type=\"widget\" data-widget_type=\"spacer.default\">\n\t\t\t\t<div class=\"elementor-widget-container\">\n\t\t\t\t\t\t\t<div class=\"elementor-spacer\">\n\t\t\t<div class=\"elementor-spacer-inner\"><\/div>\n\t\t<\/div>\n\t\t\t\t\t\t<\/div>\n\t\t\t\t<\/div>\n\t\t\t\t\t<\/div>\n\t\t<\/div>\n\t\t\t\t\t<\/div>\n\t\t<\/section>\n\t\t\t\t<section class=\"elementor-section elementor-top-section elementor-element elementor-element-9993bf9 elementor-section-boxed elementor-section-height-default elementor-section-height-default\" data-id=\"9993bf9\" data-element_type=\"section\" data-e-type=\"section\" data-settings=\"{&quot;background_background&quot;:&quot;gradient&quot;}\">\n\t\t\t\t\t\t<div class=\"elementor-container elementor-column-gap-no\">\n\t\t\t\t\t<div class=\"elementor-column elementor-col-100 elementor-top-column elementor-element elementor-element-22ab6e5\" data-id=\"22ab6e5\" data-element_type=\"column\" data-e-type=\"column\">\n\t\t\t<div class=\"elementor-widget-wrap elementor-element-populated\">\n\t\t\t\t\t\t<div class=\"elementor-element elementor-element-2893092 elementor-widget elementor-widget-html\" data-id=\"2893092\" data-element_type=\"widget\" data-e-type=\"widget\" data-widget_type=\"html.default\">\n\t\t\t\t<div class=\"elementor-widget-container\">\n\t\t\t\t\t<a href=\"https:\/\/fr.tipeee.com\/yvar-bregeant\" class=\"tipeee-goal-block\" data-color=\"blue\">Supportate yvar bregeant su Tipeee<\/a>\r\n<script async=\"\" src=\"https:\/\/plugin.tipeee.com\/widget.js\" charset=\"utf-8\"><\/script>\t\t\t\t<\/div>\n\t\t\t\t<\/div>\n\t\t<div class=\"elementor-element elementor-element-0f2954c e-con-full e-flex e-con e-parent\" data-id=\"0f2954c\" data-element_type=\"container\" data-e-type=\"container\" data-settings=\"{&quot;background_background&quot;:&quot;classic&quot;}\">\n\t\t\t\t<div class=\"elementor-element elementor-element-1f03338 elementor-widget elementor-widget-text-editor\" data-id=\"1f03338\" data-element_type=\"widget\" data-e-type=\"widget\" data-widget_type=\"text-editor.default\">\n\t\t\t\t<div class=\"elementor-widget-container\">\n\t\t\t\t\t\t\t\t\t<p>Ritengo che la ricerca che ho condotto sia di interesse pubblico e, come tale, vada ben oltre i miei interessi personali.<\/p><p>Ecco perch\u00e9 ho voluto rendere disponibili gratuitamente online tutte le mie pubblicazioni (libri, articoli e video).<\/p><p>Sono animata da un sincero desiderio di condividere conoscenze che ritengo molto utili per comprendere la nostra storia, le nostre origini e le nostre credenze.<\/p><p>Per questo motivo, in passato ho fatto uno sforzo sincero per mettere online tutti i miei libri sotto forma di articoli, suddivisi in capitoli. <br>Potete constatarlo voi stessi visitando il sito :<\/p><p><strong><a href=\"https:\/\/www.yvar-bregeant.com\/it\/leggere-online\/\">ARTICOLI  <\/a><\/strong><\/p><p>Tuttavia, come tutti gli altri, mi trovo di fronte a vincoli finanziari e alla mancanza di tempo per portare a termine l&#8217;intero progetto, anche se tutte le mie ricerche sono state completate e ora si tratta solo di metterle insieme.<\/p><p>Sono giunto alla conclusione che l&#8217;unico modo per continuare questo lavoro \u00e8 finanziarlo attraverso la vendita dei miei libri.<\/p><p>Spero anche di trovare presto un editore affidabile, in modo che il mio lavoro possa essere distribuito molto pi\u00f9 ampiamente.<\/p><p>A questo proposito, sono assolutamente convinto che il volume 2 e ciascuno dei 10 libri che lo compongono susciteranno un enorme interesse.<\/p><p>Nel frattempo, vi invito caldamente a leggere il libro digitale, poich\u00e9 questo non cambier\u00e0 nulla in termini di valore pratico:<\/p><ul><li>Il riassunto digitale del libro vi d\u00e0 accesso immediato alla parte del libro che vi interessa.<\/li><li>Accesso immediato a un gran numero di riferimenti e note a pi\u00e8 di pagina a sostegno delle argomentazioni sviluppate nel testo tramite collegamenti ipertestuali. Questo rende molto pi\u00f9 facile la lettura e la navigazione.<\/li><li>Le immagini dei geroglifici sono presenti anche nei libri digitali, cosa che non \u00e8 sempre possibile negli articoli online perch\u00e9 mi ci vuole troppo tempo per inserirle manualmente una ad una. Alla fine, potr\u00f2 inserire i logogrammi o le traslitterazioni dei geroglifici solo negli articoli online. Questo \u00e8 un altro motivo per cui il libro cartaceo sar\u00e0 una sfida, perch\u00e9 l&#8217;inserimento dei geroglifici rende l&#8217;impaginazione pi\u00f9 complessa.  <\/li><\/ul>\t\t\t\t\t\t\t\t<\/div>\n\t\t\t\t<\/div>\n\t\t\t\t<\/div>\n\t\t\t\t<div class=\"elementor-element elementor-element-a86f541 elementor-widget__width-initial elementor-widget elementor-widget-text-editor\" data-id=\"a86f541\" data-element_type=\"widget\" data-e-type=\"widget\" data-widget_type=\"text-editor.default\">\n\t\t\t\t<div class=\"elementor-widget-container\">\n\t\t\t\t\t\t\t\t\t<p>Visita il mio negozio nella sezione <a href=\"https:\/\/www.yvar-bregeant.com\/it\/libri-gia-pubblicati\/\">LIBRI <\/a>  <\/p><p>E non dimenticare di sostenermi iscrivendoti alla mia pagina Facebook e al mio canale Youtube!<\/p><p><strong>ABBONATI ORA!<\/strong> (CLICCARE SULLE ICONE QUI SOTTO)<\/p>\t\t\t\t\t\t\t\t<\/div>\n\t\t\t\t<\/div>\n\t\t\t\t<div class=\"elementor-element elementor-element-90769be elementor-shape-rounded elementor-grid-0 e-grid-align-center elementor-widget elementor-widget-social-icons\" data-id=\"90769be\" data-element_type=\"widget\" data-e-type=\"widget\" data-widget_type=\"social-icons.default\">\n\t\t\t\t<div class=\"elementor-widget-container\">\n\t\t\t\t\t\t\t<div class=\"elementor-social-icons-wrapper elementor-grid\" role=\"list\">\n\t\t\t\t\t\t\t<span class=\"elementor-grid-item\" role=\"listitem\">\n\t\t\t\t\t<a class=\"elementor-icon elementor-social-icon elementor-social-icon-facebook elementor-repeater-item-caf1fcc\" href=\"https:\/\/www.facebook.com\/profile.php?id=61553731625098\" target=\"_blank\">\n\t\t\t\t\t\t<span class=\"elementor-screen-only\">Facebook<\/span>\n\t\t\t\t\t\t<i aria-hidden=\"true\" class=\"fab fa-facebook\"><\/i>\t\t\t\t\t<\/a>\n\t\t\t\t<\/span>\n\t\t\t\t\t\t\t<span class=\"elementor-grid-item\" role=\"listitem\">\n\t\t\t\t\t<a class=\"elementor-icon elementor-social-icon elementor-social-icon-youtube elementor-repeater-item-04c1fda\" href=\"https:\/\/www.youtube.com\/channel\/UCghMOgQ5pn4mzwHvtYhrmnw\" target=\"_blank\">\n\t\t\t\t\t\t<span class=\"elementor-screen-only\">Youtube<\/span>\n\t\t\t\t\t\t<i aria-hidden=\"true\" class=\"fab fa-youtube\"><\/i>\t\t\t\t\t<\/a>\n\t\t\t\t<\/span>\n\t\t\t\t\t\t\t<span class=\"elementor-grid-item\" role=\"listitem\">\n\t\t\t\t\t<a class=\"elementor-icon elementor-social-icon elementor-social-icon-jki-shopping-cart1-light elementor-repeater-item-c4f3672\" href=\"https:\/\/laveritablehistoiredesreligionsdelhumanite.myshopify.com\/\" target=\"_blank\">\n\t\t\t\t\t\t<span class=\"elementor-screen-only\">Jki-shopping-cart1-light<\/span>\n\t\t\t\t\t\t<i aria-hidden=\"true\" class=\"jki jki-shopping-cart1-light\"><\/i>\t\t\t\t\t<\/a>\n\t\t\t\t<\/span>\n\t\t\t\t\t\t\t<span class=\"elementor-grid-item\" role=\"listitem\">\n\t\t\t\t\t<a class=\"elementor-icon elementor-social-icon elementor-social-icon-instagram elementor-repeater-item-f3c3a00\" href=\"https:\/\/www.instagram.com\/yvarbregeant\/\" target=\"_blank\">\n\t\t\t\t\t\t<span class=\"elementor-screen-only\">Instagram<\/span>\n\t\t\t\t\t\t<i aria-hidden=\"true\" class=\"fab fa-instagram\"><\/i>\t\t\t\t\t<\/a>\n\t\t\t\t<\/span>\n\t\t\t\t\t<\/div>\n\t\t\t\t\t\t<\/div>\n\t\t\t\t<\/div>\n\t\t\t\t<div class=\"elementor-element elementor-element-b900286 elementor-widget elementor-widget-text-editor\" data-id=\"b900286\" data-element_type=\"widget\" data-e-type=\"widget\" data-widget_type=\"text-editor.default\">\n\t\t\t\t<div class=\"elementor-widget-container\">\n\t\t\t\t\t\t\t\t\t<p>Infine, vi prego di tenere presente che se rendo disponibili gratuitamente su questo sito parti significative dei miei libri, e persino alcuni di essi nella loro interezza per il momento, ci\u00f2 non significa che siano di pubblico dominio. <br>Per il momento, rimango comunque l&#8217;unico proprietario dei miei diritti d&#8217;autore e vi chiedo quindi di riconoscere almeno i frutti del mio lavoro, ad esempio citandomi quando menzionate qualcosa di mio nei vostri scritti. <br>\u00c8 quello che cerco sinceramente di fare ogni volta che cito un autore di riferimento. Lo si pu\u00f2 vedere nelle mie note a pi\u00e8 di pagina e nella bibliografia. <\/p><p>E cos\u00ec, come dice il vecchio proverbio:<\/p><p>Il Codice della propriet\u00e0 intellettuale francese vieta le copie o le riproduzioni per uso collettivo. Qualsiasi rappresentazione totale o parziale, con qualsiasi procedimento, senza il consenso dell&#8217;autore o dei suoi aventi diritto, \u00e8 illegale e costituisce una violazione punita dagli articoli L335-2 e seguenti del Codice della Propriet\u00e0 Intellettuale francese.<\/p><p>Detto questo, vi auguro una buona lettura e vi ringrazio in anticipo per il vostro sostegno in qualsiasi modo!<\/p><p>Yvar<\/p>\t\t\t\t\t\t\t\t<\/div>\n\t\t\t\t<\/div>\n\t\t\t\t\t<\/div>\n\t\t<\/div>\n\t\t\t\t\t<\/div>\n\t\t<\/section>\n\t\t\t\t<\/div>\n\t\t","protected":false},"excerpt":{"rendered":"<p>La mia politica di messa a disposizione della ricerca Supportate yvar bregeant su Tipeee Ritengo che la ricerca che ho condotto sia di interesse pubblico e, come tale, vada ben oltre i miei interessi personali. Ecco perch\u00e9 ho voluto rendere disponibili gratuitamente online tutte le mie pubblicazioni (libri, articoli e video). Sono animata da un [&hellip;]<\/p>\n","protected":false},"author":4,"featured_media":4703,"parent":0,"menu_order":0,"comment_status":"closed","ping_status":"closed","template":"elementor_header_footer","meta":{"footnotes":""},"class_list":["post-18487","page","type-page","status-publish","has-post-thumbnail","hentry"],"yoast_head":"<!-- This site is optimized with the Yoast SEO plugin v27.5 - https:\/\/yoast.com\/product\/yoast-seo-wordpress\/ -->\n<title>Scopri i libri di Yvar Bregeant<\/title>\n<meta name=\"description\" content=\"Leggete la politica di Yvar Bregeant per rendere disponibili le sue ricerche sotto forma di libri digitali, video e articoli online.\" \/>\n<meta name=\"robots\" content=\"index, follow, max-snippet:-1, max-image-preview:large, max-video-preview:-1\" \/>\n<link rel=\"canonical\" href=\"https:\/\/www.yvar-bregeant.com\/it\/libri-gia-pubblicati-2\/\" \/>\n<meta property=\"og:locale\" content=\"it_IT\" \/>\n<meta property=\"og:type\" content=\"article\" \/>\n<meta property=\"og:title\" content=\"Scopri i libri di Yvar Bregeant\" \/>\n<meta property=\"og:description\" content=\"Leggete la politica di Yvar Bregeant per rendere disponibili le sue ricerche sotto forma di libri digitali, video e articoli online.\" \/>\n<meta property=\"og:url\" content=\"https:\/\/www.yvar-bregeant.com\/it\/libri-gia-pubblicati-2\/\" \/>\n<meta property=\"og:site_name\" content=\"Yvar Bregeant\" \/>\n<meta property=\"article:publisher\" content=\"https:\/\/www.facebook.com\/profile.php?id=61553731625098\" \/>\n<meta property=\"article:modified_time\" content=\"2025-04-04T17:23:03+00:00\" \/>\n<meta property=\"og:image\" content=\"https:\/\/www.yvar-bregeant.com\/wp-content\/uploads\/2023\/12\/Logo-de-presentation-onglet-structuration-1.jpg\" \/>\n\t<meta property=\"og:image:width\" content=\"612\" \/>\n\t<meta property=\"og:image:height\" content=\"586\" \/>\n\t<meta property=\"og:image:type\" content=\"image\/jpeg\" \/>\n<meta name=\"twitter:card\" content=\"summary_large_image\" \/>\n<meta name=\"twitter:label1\" content=\"Tempo di lettura stimato\" \/>\n\t<meta name=\"twitter:data1\" content=\"4 minuti\" \/>\n<script type=\"application\/ld+json\" class=\"yoast-schema-graph\">{\"@context\":\"https:\\\/\\\/schema.org\",\"@graph\":[{\"@type\":\"WebPage\",\"@id\":\"https:\\\/\\\/www.yvar-bregeant.com\\\/it\\\/libri-gia-pubblicati-2\\\/\",\"url\":\"https:\\\/\\\/www.yvar-bregeant.com\\\/it\\\/libri-gia-pubblicati-2\\\/\",\"name\":\"Scopri i libri di Yvar Bregeant\",\"isPartOf\":{\"@id\":\"https:\\\/\\\/www.yvar-bregeant.com\\\/it\\\/#website\"},\"primaryImageOfPage\":{\"@id\":\"https:\\\/\\\/www.yvar-bregeant.com\\\/it\\\/libri-gia-pubblicati-2\\\/#primaryimage\"},\"image\":{\"@id\":\"https:\\\/\\\/www.yvar-bregeant.com\\\/it\\\/libri-gia-pubblicati-2\\\/#primaryimage\"},\"thumbnailUrl\":\"https:\\\/\\\/www.yvar-bregeant.com\\\/wp-content\\\/uploads\\\/2023\\\/12\\\/Logo-de-presentation-onglet-structuration-1.jpg\",\"datePublished\":\"2024-03-28T18:43:41+00:00\",\"dateModified\":\"2025-04-04T17:23:03+00:00\",\"description\":\"Leggete la politica di Yvar Bregeant per rendere disponibili le sue ricerche sotto forma di libri digitali, video e articoli online.\",\"breadcrumb\":{\"@id\":\"https:\\\/\\\/www.yvar-bregeant.com\\\/it\\\/libri-gia-pubblicati-2\\\/#breadcrumb\"},\"inLanguage\":\"it-IT\",\"potentialAction\":[{\"@type\":\"ReadAction\",\"target\":[\"https:\\\/\\\/www.yvar-bregeant.com\\\/it\\\/libri-gia-pubblicati-2\\\/\"]}]},{\"@type\":\"ImageObject\",\"inLanguage\":\"it-IT\",\"@id\":\"https:\\\/\\\/www.yvar-bregeant.com\\\/it\\\/libri-gia-pubblicati-2\\\/#primaryimage\",\"url\":\"https:\\\/\\\/www.yvar-bregeant.com\\\/wp-content\\\/uploads\\\/2023\\\/12\\\/Logo-de-presentation-onglet-structuration-1.jpg\",\"contentUrl\":\"https:\\\/\\\/www.yvar-bregeant.com\\\/wp-content\\\/uploads\\\/2023\\\/12\\\/Logo-de-presentation-onglet-structuration-1.jpg\",\"width\":612,\"height\":586},{\"@type\":\"BreadcrumbList\",\"@id\":\"https:\\\/\\\/www.yvar-bregeant.com\\\/it\\\/libri-gia-pubblicati-2\\\/#breadcrumb\",\"itemListElement\":[{\"@type\":\"ListItem\",\"position\":1,\"name\":\"Accueil\",\"item\":\"https:\\\/\\\/www.yvar-bregeant.com\\\/it\\\/\"},{\"@type\":\"ListItem\",\"position\":2,\"name\":\"La mia politica di messa a disposizione della ricerca\"}]},{\"@type\":\"WebSite\",\"@id\":\"https:\\\/\\\/www.yvar-bregeant.com\\\/it\\\/#website\",\"url\":\"https:\\\/\\\/www.yvar-bregeant.com\\\/it\\\/\",\"name\":\"Yvar Bregeant\",\"description\":\"\",\"publisher\":{\"@id\":\"https:\\\/\\\/www.yvar-bregeant.com\\\/it\\\/#organization\"},\"potentialAction\":[{\"@type\":\"SearchAction\",\"target\":{\"@type\":\"EntryPoint\",\"urlTemplate\":\"https:\\\/\\\/www.yvar-bregeant.com\\\/it\\\/?s={search_term_string}\"},\"query-input\":{\"@type\":\"PropertyValueSpecification\",\"valueRequired\":true,\"valueName\":\"search_term_string\"}}],\"inLanguage\":\"it-IT\"},{\"@type\":\"Organization\",\"@id\":\"https:\\\/\\\/www.yvar-bregeant.com\\\/it\\\/#organization\",\"name\":\"Yvar Bregeant\",\"url\":\"https:\\\/\\\/www.yvar-bregeant.com\\\/it\\\/\",\"logo\":{\"@type\":\"ImageObject\",\"inLanguage\":\"it-IT\",\"@id\":\"https:\\\/\\\/www.yvar-bregeant.com\\\/it\\\/#\\\/schema\\\/logo\\\/image\\\/\",\"url\":\"https:\\\/\\\/www.yvar-bregeant.com\\\/wp-content\\\/uploads\\\/2023\\\/12\\\/Logo-de-presentation-onglet-structuration-russe.jpg\",\"contentUrl\":\"https:\\\/\\\/www.yvar-bregeant.com\\\/wp-content\\\/uploads\\\/2023\\\/12\\\/Logo-de-presentation-onglet-structuration-russe.jpg\",\"width\":612,\"height\":586,\"caption\":\"Yvar Bregeant\"},\"image\":{\"@id\":\"https:\\\/\\\/www.yvar-bregeant.com\\\/it\\\/#\\\/schema\\\/logo\\\/image\\\/\"},\"sameAs\":[\"https:\\\/\\\/www.facebook.com\\\/profile.php?id=61553731625098\"]}]}<\/script>\n<!-- \/ Yoast SEO plugin. -->","yoast_head_json":{"title":"Scopri i libri di Yvar Bregeant","description":"Leggete la politica di Yvar Bregeant per rendere disponibili le sue ricerche sotto forma di libri digitali, video e articoli online.","robots":{"index":"index","follow":"follow","max-snippet":"max-snippet:-1","max-image-preview":"max-image-preview:large","max-video-preview":"max-video-preview:-1"},"canonical":"https:\/\/www.yvar-bregeant.com\/it\/libri-gia-pubblicati-2\/","og_locale":"it_IT","og_type":"article","og_title":"Scopri i libri di Yvar Bregeant","og_description":"Leggete la politica di Yvar Bregeant per rendere disponibili le sue ricerche sotto forma di libri digitali, video e articoli online.","og_url":"https:\/\/www.yvar-bregeant.com\/it\/libri-gia-pubblicati-2\/","og_site_name":"Yvar Bregeant","article_publisher":"https:\/\/www.facebook.com\/profile.php?id=61553731625098","article_modified_time":"2025-04-04T17:23:03+00:00","og_image":[{"width":612,"height":586,"url":"https:\/\/www.yvar-bregeant.com\/wp-content\/uploads\/2023\/12\/Logo-de-presentation-onglet-structuration-1.jpg","type":"image\/jpeg"}],"twitter_card":"summary_large_image","twitter_misc":{"Tempo di lettura stimato":"4 minuti"},"schema":{"@context":"https:\/\/schema.org","@graph":[{"@type":"WebPage","@id":"https:\/\/www.yvar-bregeant.com\/it\/libri-gia-pubblicati-2\/","url":"https:\/\/www.yvar-bregeant.com\/it\/libri-gia-pubblicati-2\/","name":"Scopri i libri di Yvar Bregeant","isPartOf":{"@id":"https:\/\/www.yvar-bregeant.com\/it\/#website"},"primaryImageOfPage":{"@id":"https:\/\/www.yvar-bregeant.com\/it\/libri-gia-pubblicati-2\/#primaryimage"},"image":{"@id":"https:\/\/www.yvar-bregeant.com\/it\/libri-gia-pubblicati-2\/#primaryimage"},"thumbnailUrl":"https:\/\/www.yvar-bregeant.com\/wp-content\/uploads\/2023\/12\/Logo-de-presentation-onglet-structuration-1.jpg","datePublished":"2024-03-28T18:43:41+00:00","dateModified":"2025-04-04T17:23:03+00:00","description":"Leggete la politica di Yvar Bregeant per rendere disponibili le sue ricerche sotto forma di libri digitali, video e articoli online.","breadcrumb":{"@id":"https:\/\/www.yvar-bregeant.com\/it\/libri-gia-pubblicati-2\/#breadcrumb"},"inLanguage":"it-IT","potentialAction":[{"@type":"ReadAction","target":["https:\/\/www.yvar-bregeant.com\/it\/libri-gia-pubblicati-2\/"]}]},{"@type":"ImageObject","inLanguage":"it-IT","@id":"https:\/\/www.yvar-bregeant.com\/it\/libri-gia-pubblicati-2\/#primaryimage","url":"https:\/\/www.yvar-bregeant.com\/wp-content\/uploads\/2023\/12\/Logo-de-presentation-onglet-structuration-1.jpg","contentUrl":"https:\/\/www.yvar-bregeant.com\/wp-content\/uploads\/2023\/12\/Logo-de-presentation-onglet-structuration-1.jpg","width":612,"height":586},{"@type":"BreadcrumbList","@id":"https:\/\/www.yvar-bregeant.com\/it\/libri-gia-pubblicati-2\/#breadcrumb","itemListElement":[{"@type":"ListItem","position":1,"name":"Accueil","item":"https:\/\/www.yvar-bregeant.com\/it\/"},{"@type":"ListItem","position":2,"name":"La mia politica di messa a disposizione della ricerca"}]},{"@type":"WebSite","@id":"https:\/\/www.yvar-bregeant.com\/it\/#website","url":"https:\/\/www.yvar-bregeant.com\/it\/","name":"Yvar Bregeant","description":"","publisher":{"@id":"https:\/\/www.yvar-bregeant.com\/it\/#organization"},"potentialAction":[{"@type":"SearchAction","target":{"@type":"EntryPoint","urlTemplate":"https:\/\/www.yvar-bregeant.com\/it\/?s={search_term_string}"},"query-input":{"@type":"PropertyValueSpecification","valueRequired":true,"valueName":"search_term_string"}}],"inLanguage":"it-IT"},{"@type":"Organization","@id":"https:\/\/www.yvar-bregeant.com\/it\/#organization","name":"Yvar Bregeant","url":"https:\/\/www.yvar-bregeant.com\/it\/","logo":{"@type":"ImageObject","inLanguage":"it-IT","@id":"https:\/\/www.yvar-bregeant.com\/it\/#\/schema\/logo\/image\/","url":"https:\/\/www.yvar-bregeant.com\/wp-content\/uploads\/2023\/12\/Logo-de-presentation-onglet-structuration-russe.jpg","contentUrl":"https:\/\/www.yvar-bregeant.com\/wp-content\/uploads\/2023\/12\/Logo-de-presentation-onglet-structuration-russe.jpg","width":612,"height":586,"caption":"Yvar Bregeant"},"image":{"@id":"https:\/\/www.yvar-bregeant.com\/it\/#\/schema\/logo\/image\/"},"sameAs":["https:\/\/www.facebook.com\/profile.php?id=61553731625098"]}]}},"_links":{"self":[{"href":"https:\/\/www.yvar-bregeant.com\/it\/wp-json\/wp\/v2\/pages\/18487","targetHints":{"allow":["GET"]}}],"collection":[{"href":"https:\/\/www.yvar-bregeant.com\/it\/wp-json\/wp\/v2\/pages"}],"about":[{"href":"https:\/\/www.yvar-bregeant.com\/it\/wp-json\/wp\/v2\/types\/page"}],"author":[{"embeddable":true,"href":"https:\/\/www.yvar-bregeant.com\/it\/wp-json\/wp\/v2\/users\/4"}],"replies":[{"embeddable":true,"href":"https:\/\/www.yvar-bregeant.com\/it\/wp-json\/wp\/v2\/comments?post=18487"}],"version-history":[{"count":2,"href":"https:\/\/www.yvar-bregeant.com\/it\/wp-json\/wp\/v2\/pages\/18487\/revisions"}],"predecessor-version":[{"id":39055,"href":"https:\/\/www.yvar-bregeant.com\/it\/wp-json\/wp\/v2\/pages\/18487\/revisions\/39055"}],"wp:featuredmedia":[{"embeddable":true,"href":"https:\/\/www.yvar-bregeant.com\/it\/wp-json\/wp\/v2\/media\/4703"}],"wp:attachment":[{"href":"https:\/\/www.yvar-bregeant.com\/it\/wp-json\/wp\/v2\/media?parent=18487"}],"curies":[{"name":"wp","href":"https:\/\/api.w.org\/{rel}","templated":true}]}}