{"id":17615,"date":"2024-03-21T23:55:17","date_gmt":"2024-03-21T22:55:17","guid":{"rendered":"https:\/\/www.yvar-bregeant.com\/?page_id=17615"},"modified":"2025-04-14T22:35:57","modified_gmt":"2025-04-14T21:35:57","slug":"biografia-kontakt-2","status":"publish","type":"page","link":"https:\/\/www.yvar-bregeant.com\/pl\/biografia-kontakt-2\/","title":{"rendered":"Biografia"},"content":{"rendered":"\t\t<div data-elementor-type=\"wp-page\" data-elementor-id=\"17615\" class=\"elementor elementor-17615\" data-elementor-post-type=\"page\">\n\t\t\t\t\t\t<section class=\"elementor-section elementor-top-section elementor-element elementor-element-7eb037f5 elementor-section-boxed elementor-section-height-default elementor-section-height-default\" data-id=\"7eb037f5\" data-element_type=\"section\" data-e-type=\"section\" data-settings=\"{&quot;background_background&quot;:&quot;classic&quot;}\">\n\t\t\t\t\t\t\t<div class=\"elementor-background-overlay\"><\/div>\n\t\t\t\t\t\t\t<div class=\"elementor-container elementor-column-gap-default\">\n\t\t\t\t\t<div class=\"elementor-column elementor-col-100 elementor-top-column elementor-element elementor-element-2b18fd31\" data-id=\"2b18fd31\" data-element_type=\"column\" data-e-type=\"column\">\n\t\t\t<div class=\"elementor-widget-wrap elementor-element-populated\">\n\t\t\t\t\t\t<div class=\"elementor-element elementor-element-450b1869 elementor-widget elementor-widget-heading\" data-id=\"450b1869\" data-element_type=\"widget\" data-e-type=\"widget\" data-widget_type=\"heading.default\">\n\t\t\t\t<div class=\"elementor-widget-container\">\n\t\t\t\t\t<h1 class=\"elementor-heading-title elementor-size-default\">Biografia<\/h1>\t\t\t\t<\/div>\n\t\t\t\t<\/div>\n\t\t\t\t\t<\/div>\n\t\t<\/div>\n\t\t\t\t\t<\/div>\n\t\t<\/section>\n\t\t<div class=\"elementor-element elementor-element-e9e7ee9 e-flex e-con-boxed e-con e-parent\" data-id=\"e9e7ee9\" data-element_type=\"container\" data-e-type=\"container\">\n\t\t\t\t\t<div class=\"e-con-inner\">\n\t\t\t\t<div class=\"elementor-element elementor-element-1d66a66 elementor-widget elementor-widget-heading\" data-id=\"1d66a66\" data-element_type=\"widget\" data-e-type=\"widget\" data-widget_type=\"heading.default\">\n\t\t\t\t<div class=\"elementor-widget-container\">\n\t\t\t\t\t<h2 class=\"elementor-heading-title elementor-size-default\">kim jest yvar bregeant?<\/h2>\t\t\t\t<\/div>\n\t\t\t\t<\/div>\n\t\t\t\t<div class=\"elementor-element elementor-element-5b41d35 elementor-widget elementor-widget-text-editor\" data-id=\"5b41d35\" data-element_type=\"widget\" data-e-type=\"widget\" data-widget_type=\"text-editor.default\">\n\t\t\t\t<div class=\"elementor-widget-container\">\n\t\t\t\t\t\t\t\t\t<p><span style=\"color: #000000;\">Francuski badacz wiary chrze\u015bcija\u0144skiej.<\/span><\/p><p><span style=\"color: #000000;\">55 lat. Czas leci&#8230; <\/span><\/p><p><span style=\"color: #000000;\">By\u0142em misjonarzem w egipskim \u015bwiecie arabskim (koptyjskim i muzu\u0142ma\u0144skim) przez ponad 10 lat, od 20 do 30 lat.<\/span><\/p><p><span style=\"color: #000000;\">Arabista, ale tak\u017ce poliglota z pasj\u0105 do j\u0119zyk\u00f3w obcych i kultur. <\/span><\/p><p><span style=\"color: #000000;\">Ze szczeg\u00f3lnym do\u015bwiadczeniem w j\u0119zykach archaicznych (sumeryjskim i hieroglificznym), symbolach, mitach, kultach i religiach.<\/span><\/p><p><span style=\"color: #000000;\">Z czterema kapeluszami lub obszarami specjalizacji: ekspertyza w lingwistyce archaicznej, symbolika por\u00f3wnawcza, mitologia por\u00f3wnawcza i teologia.<\/span><\/p>\t\t\t\t\t\t\t\t<\/div>\n\t\t\t\t<\/div>\n\t\t\t\t\t<\/div>\n\t\t\t\t<\/div>\n\t\t\t\t<\/div>\n\t\t","protected":false},"excerpt":{"rendered":"<p>Biografia kim jest yvar bregeant? Francuski badacz wiary chrze\u015bcija\u0144skiej. 55 lat. Czas leci&#8230; By\u0142em misjonarzem w egipskim \u015bwiecie arabskim (koptyjskim i muzu\u0142ma\u0144skim) przez ponad 10 lat, od 20 do 30 lat. Arabista, ale tak\u017ce poliglota z pasj\u0105 do j\u0119zyk\u00f3w obcych i kultur. Ze szczeg\u00f3lnym do\u015bwiadczeniem w j\u0119zykach archaicznych (sumeryjskim i hieroglificznym), symbolach, mitach, kultach i [&hellip;]<\/p>\n","protected":false},"author":4,"featured_media":18050,"parent":0,"menu_order":0,"comment_status":"closed","ping_status":"closed","template":"elementor_header_footer","meta":{"footnotes":""},"class_list":["post-17615","page","type-page","status-publish","has-post-thumbnail","hentry"],"yoast_head":"<!-- This site is optimized with the Yoast SEO plugin v27.5 - https:\/\/yoast.com\/product\/yoast-seo-wordpress\/ -->\n<title>Biografia \/ Yvar Bregeant | Autor<\/title>\n<meta name=\"description\" content=\"Ta strona zawiera kr\u00f3tk\u0105 biografi\u0119 Yvara Bregeanta.\" \/>\n<meta name=\"robots\" content=\"index, follow, max-snippet:-1, max-image-preview:large, max-video-preview:-1\" \/>\n<link rel=\"canonical\" href=\"https:\/\/www.yvar-bregeant.com\/pl\/biografia-kontakt-2\/\" \/>\n<meta property=\"og:locale\" content=\"pl_PL\" \/>\n<meta property=\"og:type\" content=\"article\" \/>\n<meta property=\"og:title\" content=\"Biografia \/ Yvar Bregeant | Autor\" \/>\n<meta property=\"og:description\" content=\"Ta strona zawiera kr\u00f3tk\u0105 biografi\u0119 Yvara Bregeanta.\" \/>\n<meta property=\"og:url\" content=\"https:\/\/www.yvar-bregeant.com\/pl\/biografia-kontakt-2\/\" \/>\n<meta property=\"og:site_name\" content=\"Yvar Bregeant\" \/>\n<meta property=\"article:publisher\" content=\"https:\/\/www.facebook.com\/profile.php?id=61553731625098\" \/>\n<meta property=\"article:modified_time\" content=\"2025-04-14T21:35:57+00:00\" \/>\n<meta property=\"og:image\" content=\"https:\/\/www.yvar-bregeant.com\/wp-content\/uploads\/2024\/03\/Moine-wattpad.jpg\" \/>\n\t<meta property=\"og:image:width\" content=\"328\" \/>\n\t<meta property=\"og:image:height\" content=\"401\" \/>\n\t<meta property=\"og:image:type\" content=\"image\/jpeg\" \/>\n<meta name=\"twitter:card\" content=\"summary_large_image\" \/>\n<script type=\"application\/ld+json\" class=\"yoast-schema-graph\">{\"@context\":\"https:\\\/\\\/schema.org\",\"@graph\":[{\"@type\":\"WebPage\",\"@id\":\"https:\\\/\\\/www.yvar-bregeant.com\\\/pl\\\/biografia-kontakt-2\\\/\",\"url\":\"https:\\\/\\\/www.yvar-bregeant.com\\\/pl\\\/biografia-kontakt-2\\\/\",\"name\":\"Biografia \\\/ Yvar Bregeant | Autor\",\"isPartOf\":{\"@id\":\"https:\\\/\\\/www.yvar-bregeant.com\\\/pl\\\/#website\"},\"primaryImageOfPage\":{\"@id\":\"https:\\\/\\\/www.yvar-bregeant.com\\\/pl\\\/biografia-kontakt-2\\\/#primaryimage\"},\"image\":{\"@id\":\"https:\\\/\\\/www.yvar-bregeant.com\\\/pl\\\/biografia-kontakt-2\\\/#primaryimage\"},\"thumbnailUrl\":\"https:\\\/\\\/www.yvar-bregeant.com\\\/wp-content\\\/uploads\\\/2024\\\/03\\\/Moine-wattpad.jpg\",\"datePublished\":\"2024-03-21T22:55:17+00:00\",\"dateModified\":\"2025-04-14T21:35:57+00:00\",\"description\":\"Ta strona zawiera kr\u00f3tk\u0105 biografi\u0119 Yvara Bregeanta.\",\"breadcrumb\":{\"@id\":\"https:\\\/\\\/www.yvar-bregeant.com\\\/pl\\\/biografia-kontakt-2\\\/#breadcrumb\"},\"inLanguage\":\"pl-PL\",\"potentialAction\":[{\"@type\":\"ReadAction\",\"target\":[\"https:\\\/\\\/www.yvar-bregeant.com\\\/pl\\\/biografia-kontakt-2\\\/\"]}]},{\"@type\":\"ImageObject\",\"inLanguage\":\"pl-PL\",\"@id\":\"https:\\\/\\\/www.yvar-bregeant.com\\\/pl\\\/biografia-kontakt-2\\\/#primaryimage\",\"url\":\"https:\\\/\\\/www.yvar-bregeant.com\\\/wp-content\\\/uploads\\\/2024\\\/03\\\/Moine-wattpad.jpg\",\"contentUrl\":\"https:\\\/\\\/www.yvar-bregeant.com\\\/wp-content\\\/uploads\\\/2024\\\/03\\\/Moine-wattpad.jpg\",\"width\":328,\"height\":401},{\"@type\":\"BreadcrumbList\",\"@id\":\"https:\\\/\\\/www.yvar-bregeant.com\\\/pl\\\/biografia-kontakt-2\\\/#breadcrumb\",\"itemListElement\":[{\"@type\":\"ListItem\",\"position\":1,\"name\":\"Accueil\",\"item\":\"https:\\\/\\\/www.yvar-bregeant.com\\\/pl\\\/\"},{\"@type\":\"ListItem\",\"position\":2,\"name\":\"Biografia\"}]},{\"@type\":\"WebSite\",\"@id\":\"https:\\\/\\\/www.yvar-bregeant.com\\\/pl\\\/#website\",\"url\":\"https:\\\/\\\/www.yvar-bregeant.com\\\/pl\\\/\",\"name\":\"Yvar Bregeant\",\"description\":\"\",\"publisher\":{\"@id\":\"https:\\\/\\\/www.yvar-bregeant.com\\\/pl\\\/#organization\"},\"potentialAction\":[{\"@type\":\"SearchAction\",\"target\":{\"@type\":\"EntryPoint\",\"urlTemplate\":\"https:\\\/\\\/www.yvar-bregeant.com\\\/pl\\\/?s={search_term_string}\"},\"query-input\":{\"@type\":\"PropertyValueSpecification\",\"valueRequired\":true,\"valueName\":\"search_term_string\"}}],\"inLanguage\":\"pl-PL\"},{\"@type\":\"Organization\",\"@id\":\"https:\\\/\\\/www.yvar-bregeant.com\\\/pl\\\/#organization\",\"name\":\"Yvar Bregeant\",\"url\":\"https:\\\/\\\/www.yvar-bregeant.com\\\/pl\\\/\",\"logo\":{\"@type\":\"ImageObject\",\"inLanguage\":\"pl-PL\",\"@id\":\"https:\\\/\\\/www.yvar-bregeant.com\\\/pl\\\/#\\\/schema\\\/logo\\\/image\\\/\",\"url\":\"https:\\\/\\\/www.yvar-bregeant.com\\\/wp-content\\\/uploads\\\/2023\\\/12\\\/Logo-de-presentation-onglet-structuration-russe.jpg\",\"contentUrl\":\"https:\\\/\\\/www.yvar-bregeant.com\\\/wp-content\\\/uploads\\\/2023\\\/12\\\/Logo-de-presentation-onglet-structuration-russe.jpg\",\"width\":612,\"height\":586,\"caption\":\"Yvar Bregeant\"},\"image\":{\"@id\":\"https:\\\/\\\/www.yvar-bregeant.com\\\/pl\\\/#\\\/schema\\\/logo\\\/image\\\/\"},\"sameAs\":[\"https:\\\/\\\/www.facebook.com\\\/profile.php?id=61553731625098\"]}]}<\/script>\n<!-- \/ Yoast SEO plugin. -->","yoast_head_json":{"title":"Biografia \/ Yvar Bregeant | Autor","description":"Ta strona zawiera kr\u00f3tk\u0105 biografi\u0119 Yvara Bregeanta.","robots":{"index":"index","follow":"follow","max-snippet":"max-snippet:-1","max-image-preview":"max-image-preview:large","max-video-preview":"max-video-preview:-1"},"canonical":"https:\/\/www.yvar-bregeant.com\/pl\/biografia-kontakt-2\/","og_locale":"pl_PL","og_type":"article","og_title":"Biografia \/ Yvar Bregeant | Autor","og_description":"Ta strona zawiera kr\u00f3tk\u0105 biografi\u0119 Yvara Bregeanta.","og_url":"https:\/\/www.yvar-bregeant.com\/pl\/biografia-kontakt-2\/","og_site_name":"Yvar Bregeant","article_publisher":"https:\/\/www.facebook.com\/profile.php?id=61553731625098","article_modified_time":"2025-04-14T21:35:57+00:00","og_image":[{"width":328,"height":401,"url":"https:\/\/www.yvar-bregeant.com\/wp-content\/uploads\/2024\/03\/Moine-wattpad.jpg","type":"image\/jpeg"}],"twitter_card":"summary_large_image","schema":{"@context":"https:\/\/schema.org","@graph":[{"@type":"WebPage","@id":"https:\/\/www.yvar-bregeant.com\/pl\/biografia-kontakt-2\/","url":"https:\/\/www.yvar-bregeant.com\/pl\/biografia-kontakt-2\/","name":"Biografia \/ Yvar Bregeant | Autor","isPartOf":{"@id":"https:\/\/www.yvar-bregeant.com\/pl\/#website"},"primaryImageOfPage":{"@id":"https:\/\/www.yvar-bregeant.com\/pl\/biografia-kontakt-2\/#primaryimage"},"image":{"@id":"https:\/\/www.yvar-bregeant.com\/pl\/biografia-kontakt-2\/#primaryimage"},"thumbnailUrl":"https:\/\/www.yvar-bregeant.com\/wp-content\/uploads\/2024\/03\/Moine-wattpad.jpg","datePublished":"2024-03-21T22:55:17+00:00","dateModified":"2025-04-14T21:35:57+00:00","description":"Ta strona zawiera kr\u00f3tk\u0105 biografi\u0119 Yvara Bregeanta.","breadcrumb":{"@id":"https:\/\/www.yvar-bregeant.com\/pl\/biografia-kontakt-2\/#breadcrumb"},"inLanguage":"pl-PL","potentialAction":[{"@type":"ReadAction","target":["https:\/\/www.yvar-bregeant.com\/pl\/biografia-kontakt-2\/"]}]},{"@type":"ImageObject","inLanguage":"pl-PL","@id":"https:\/\/www.yvar-bregeant.com\/pl\/biografia-kontakt-2\/#primaryimage","url":"https:\/\/www.yvar-bregeant.com\/wp-content\/uploads\/2024\/03\/Moine-wattpad.jpg","contentUrl":"https:\/\/www.yvar-bregeant.com\/wp-content\/uploads\/2024\/03\/Moine-wattpad.jpg","width":328,"height":401},{"@type":"BreadcrumbList","@id":"https:\/\/www.yvar-bregeant.com\/pl\/biografia-kontakt-2\/#breadcrumb","itemListElement":[{"@type":"ListItem","position":1,"name":"Accueil","item":"https:\/\/www.yvar-bregeant.com\/pl\/"},{"@type":"ListItem","position":2,"name":"Biografia"}]},{"@type":"WebSite","@id":"https:\/\/www.yvar-bregeant.com\/pl\/#website","url":"https:\/\/www.yvar-bregeant.com\/pl\/","name":"Yvar Bregeant","description":"","publisher":{"@id":"https:\/\/www.yvar-bregeant.com\/pl\/#organization"},"potentialAction":[{"@type":"SearchAction","target":{"@type":"EntryPoint","urlTemplate":"https:\/\/www.yvar-bregeant.com\/pl\/?s={search_term_string}"},"query-input":{"@type":"PropertyValueSpecification","valueRequired":true,"valueName":"search_term_string"}}],"inLanguage":"pl-PL"},{"@type":"Organization","@id":"https:\/\/www.yvar-bregeant.com\/pl\/#organization","name":"Yvar Bregeant","url":"https:\/\/www.yvar-bregeant.com\/pl\/","logo":{"@type":"ImageObject","inLanguage":"pl-PL","@id":"https:\/\/www.yvar-bregeant.com\/pl\/#\/schema\/logo\/image\/","url":"https:\/\/www.yvar-bregeant.com\/wp-content\/uploads\/2023\/12\/Logo-de-presentation-onglet-structuration-russe.jpg","contentUrl":"https:\/\/www.yvar-bregeant.com\/wp-content\/uploads\/2023\/12\/Logo-de-presentation-onglet-structuration-russe.jpg","width":612,"height":586,"caption":"Yvar Bregeant"},"image":{"@id":"https:\/\/www.yvar-bregeant.com\/pl\/#\/schema\/logo\/image\/"},"sameAs":["https:\/\/www.facebook.com\/profile.php?id=61553731625098"]}]}},"_links":{"self":[{"href":"https:\/\/www.yvar-bregeant.com\/pl\/wp-json\/wp\/v2\/pages\/17615","targetHints":{"allow":["GET"]}}],"collection":[{"href":"https:\/\/www.yvar-bregeant.com\/pl\/wp-json\/wp\/v2\/pages"}],"about":[{"href":"https:\/\/www.yvar-bregeant.com\/pl\/wp-json\/wp\/v2\/types\/page"}],"author":[{"embeddable":true,"href":"https:\/\/www.yvar-bregeant.com\/pl\/wp-json\/wp\/v2\/users\/4"}],"replies":[{"embeddable":true,"href":"https:\/\/www.yvar-bregeant.com\/pl\/wp-json\/wp\/v2\/comments?post=17615"}],"version-history":[{"count":2,"href":"https:\/\/www.yvar-bregeant.com\/pl\/wp-json\/wp\/v2\/pages\/17615\/revisions"}],"predecessor-version":[{"id":39431,"href":"https:\/\/www.yvar-bregeant.com\/pl\/wp-json\/wp\/v2\/pages\/17615\/revisions\/39431"}],"wp:featuredmedia":[{"embeddable":true,"href":"https:\/\/www.yvar-bregeant.com\/pl\/wp-json\/wp\/v2\/media\/18050"}],"wp:attachment":[{"href":"https:\/\/www.yvar-bregeant.com\/pl\/wp-json\/wp\/v2\/media?parent=17615"}],"curies":[{"name":"wp","href":"https:\/\/api.w.org\/{rel}","templated":true}]}}