{"id":17977,"date":"2024-03-24T10:08:31","date_gmt":"2024-03-24T10:08:31","guid":{"rendered":"https:\/\/www.yvar-bregeant.com\/?page_id=17977"},"modified":"2024-03-26T17:43:20","modified_gmt":"2024-03-26T17:43:20","slug":"przedmowa-przeglad-prasy-2","status":"publish","type":"page","link":"https:\/\/www.yvar-bregeant.com\/pl\/przedmowa-przeglad-prasy-2\/","title":{"rendered":"Przegl\u0105d prasy"},"content":{"rendered":"\t\t<div data-elementor-type=\"wp-page\" data-elementor-id=\"17977\" class=\"elementor elementor-17977 elementor-17973\" data-elementor-post-type=\"page\">\n\t\t\t\t\t\t<section class=\"elementor-section elementor-top-section elementor-element elementor-element-4d9f341d elementor-section-boxed elementor-section-height-default elementor-section-height-default\" data-id=\"4d9f341d\" data-element_type=\"section\" data-e-type=\"section\" data-settings=\"{&quot;background_background&quot;:&quot;classic&quot;}\">\n\t\t\t\t\t\t\t<div class=\"elementor-background-overlay\"><\/div>\n\t\t\t\t\t\t\t<div class=\"elementor-container elementor-column-gap-default\">\n\t\t\t\t\t<div class=\"elementor-column elementor-col-100 elementor-top-column elementor-element elementor-element-8cc621\" data-id=\"8cc621\" data-element_type=\"column\" data-e-type=\"column\">\n\t\t\t<div class=\"elementor-widget-wrap elementor-element-populated\">\n\t\t\t\t\t\t<div class=\"elementor-element elementor-element-26ce84b1 elementor-widget elementor-widget-heading\" data-id=\"26ce84b1\" data-element_type=\"widget\" data-e-type=\"widget\" data-widget_type=\"heading.default\">\n\t\t\t\t<div class=\"elementor-widget-container\">\n\t\t\t\t\t<h1 class=\"elementor-heading-title elementor-size-default\">Przegl\u0105d prasy<\/h1>\t\t\t\t<\/div>\n\t\t\t\t<\/div>\n\t\t\t\t\t<\/div>\n\t\t<\/div>\n\t\t\t\t\t<\/div>\n\t\t<\/section>\n\t\t<div class=\"elementor-element elementor-element-cf186a2 e-flex e-con-boxed e-con e-parent\" data-id=\"cf186a2\" data-element_type=\"container\" data-e-type=\"container\">\n\t\t\t\t\t<div class=\"e-con-inner\">\n\t\t\t\t<div class=\"elementor-element elementor-element-384ceb2 elementor-widget-divider--view-line elementor-widget elementor-widget-divider\" data-id=\"384ceb2\" data-element_type=\"widget\" data-e-type=\"widget\" data-widget_type=\"divider.default\">\n\t\t\t\t<div class=\"elementor-widget-container\">\n\t\t\t\t\t\t\t<div class=\"elementor-divider\">\n\t\t\t<span class=\"elementor-divider-separator\">\n\t\t\t\t\t\t<\/span>\n\t\t<\/div>\n\t\t\t\t\t\t<\/div>\n\t\t\t\t<\/div>\n\t\t\t\t<div class=\"elementor-element elementor-element-b64e223 elementor-widget-divider--view-line elementor-widget elementor-widget-divider\" data-id=\"b64e223\" data-element_type=\"widget\" data-e-type=\"widget\" data-widget_type=\"divider.default\">\n\t\t\t\t<div class=\"elementor-widget-container\">\n\t\t\t\t\t\t\t<div class=\"elementor-divider\">\n\t\t\t<span class=\"elementor-divider-separator\">\n\t\t\t\t\t\t<\/span>\n\t\t<\/div>\n\t\t\t\t\t\t<\/div>\n\t\t\t\t<\/div>\n\t\t\t\t<div class=\"elementor-element elementor-element-6b7314c elementor-widget elementor-widget-heading\" data-id=\"6b7314c\" data-element_type=\"widget\" data-e-type=\"widget\" data-widget_type=\"heading.default\">\n\t\t\t\t<div class=\"elementor-widget-container\">\n\t\t\t\t\t<h2 class=\"elementor-heading-title elementor-size-default\">Komentarze czytelnik\u00f3w monbestseller.com<\/h2>\t\t\t\t<\/div>\n\t\t\t\t<\/div>\n\t\t\t\t<div class=\"elementor-element elementor-element-fdfcde9 elementor-widget elementor-widget-spacer\" data-id=\"fdfcde9\" data-element_type=\"widget\" data-e-type=\"widget\" data-widget_type=\"spacer.default\">\n\t\t\t\t<div class=\"elementor-widget-container\">\n\t\t\t\t\t\t\t<div class=\"elementor-spacer\">\n\t\t\t<div class=\"elementor-spacer-inner\"><\/div>\n\t\t<\/div>\n\t\t\t\t\t\t<\/div>\n\t\t\t\t<\/div>\n\t\t\t\t<div class=\"elementor-element elementor-element-761aef2 elementor-widget elementor-widget-text-editor\" data-id=\"761aef2\" data-element_type=\"widget\" data-e-type=\"widget\" data-widget_type=\"text-editor.default\">\n\t\t\t\t<div class=\"elementor-widget-container\">\n\t\t\t\t\t\t\t\t\t<p>Zapraszam do zapoznania si\u0119 z ksi\u0105\u017ckami, kt\u00f3re zosta\u0142y ju\u017c opublikowane, a tak\u017ce z wieloma pozytywnymi komentarzami na ich temat.<\/p>\n<p>Chcia\u0142bym wyja\u015bni\u0107, \u017ce te komentarze nie s\u0105 owocem mojej wyobra\u017ani, mojego ego ani nawet sprytnej mieszanki tych dw\u00f3ch.<\/p>\n<p>Ani \u017cadnych \u017cyczliwych przyjaci\u00f3\u0142 czy cz\u0142onk\u00f3w rodziny&#8230;<\/p>\n<p>Aby to sprawdzi\u0107, mo\u017cesz odwiedzi\u0107 stron\u0119 monbestseller.com, na kt\u00f3rej pocz\u0105tkowo umie\u015bci\u0142em pe\u0142ne wersje ksi\u0105\u017cek dost\u0119pne do bezp\u0142atnego czytania (obecnie dost\u0119pne s\u0105 fragmenty). <\/p>\n<p>Komentarze pochodz\u0105 od autor\u00f3w i czytelnik\u00f3w tej strony. <\/p>\n<p>Poni\u017cej znajduj\u0105 si\u0119 odpowiednie linki do ka\u017cdej ksi\u0105\u017cki, aby\u015b m\u00f3g\u0142 sam sprawdzi\u0107, je\u015bli zajdzie taka potrzeba: <\/p>\n<p><a href=\"https:\/\/www.monbestseller.com\/manuscrit\/13910-la-reelle-histoire-de-lhumanite-et-de-dieu-tome-1-la-revelation-de-la-genese\">https:\/\/www.monbestseller.com\/manuscrit\/13910-la-reelle-histoire-de-lhumanite-et-de-dieu-tome-1-la-revelation-de-la-genese<\/a><\/p>\n<p><a href=\"https:\/\/www.monbestseller.com\/manuscrit\/18505-le-dechiffrage-du-langage-des-cavernes\">https:\/\/www.monbestseller.com\/manuscrit\/18505-le-dechiffrage-du-langage-des-cavernes<\/a><\/p>\n<p><a href=\"https:\/\/www.monbestseller.com\/manuscrit\/19429-les-temples-megalithiques-de-malte-gobekli-tepe-et-stonehenge\">https:\/\/www.monbestseller.com\/manuscrit\/19429-les-temples-megalithiques-de-malte-gobekli-tepe-et-stonehenge<\/a><\/p>\n\t\t\t\t\t\t\t\t<\/div>\n\t\t\t\t<\/div>\n\t\t\t\t<div class=\"elementor-element elementor-element-171c2fe elementor-widget elementor-widget-spacer\" data-id=\"171c2fe\" data-element_type=\"widget\" data-e-type=\"widget\" data-widget_type=\"spacer.default\">\n\t\t\t\t<div class=\"elementor-widget-container\">\n\t\t\t\t\t\t\t<div class=\"elementor-spacer\">\n\t\t\t<div class=\"elementor-spacer-inner\"><\/div>\n\t\t<\/div>\n\t\t\t\t\t\t<\/div>\n\t\t\t\t<\/div>\n\t\t\t\t<div class=\"elementor-element elementor-element-9260e60 elementor-widget elementor-widget-heading\" data-id=\"9260e60\" data-element_type=\"widget\" data-e-type=\"widget\" data-widget_type=\"heading.default\">\n\t\t\t\t<div class=\"elementor-widget-container\">\n\t\t\t\t\t<h2 class=\"elementor-heading-title elementor-size-default\">Dwumiesi\u0119czny biuletyn \"Ruchy religijne\". Mr Blandre. Dyrektor ds. publikacji. Profesor historii<\/h2>\t\t\t\t<\/div>\n\t\t\t\t<\/div>\n\t\t\t\t<div class=\"elementor-element elementor-element-6bfc5a3 elementor-widget elementor-widget-spacer\" data-id=\"6bfc5a3\" data-element_type=\"widget\" data-e-type=\"widget\" data-widget_type=\"spacer.default\">\n\t\t\t\t<div class=\"elementor-widget-container\">\n\t\t\t\t\t\t\t<div class=\"elementor-spacer\">\n\t\t\t<div class=\"elementor-spacer-inner\"><\/div>\n\t\t<\/div>\n\t\t\t\t\t\t<\/div>\n\t\t\t\t<\/div>\n\t\t\t\t<div class=\"elementor-element elementor-element-a86ce1d elementor-widget elementor-widget-text-editor\" data-id=\"a86ce1d\" data-element_type=\"widget\" data-e-type=\"widget\" data-widget_type=\"text-editor.default\">\n\t\t\t\t<div class=\"elementor-widget-container\">\n\t\t\t\t\t\t\t\t\t<p>Moja najnowsza ksi\u0105\u017cka, zatytu\u0142owana &#8222;Le d\u00e9chiffrage du langage des cavernes&#8221; (kt\u00f3ra pokazuje, \u017ce malowid\u0142a jaskiniowe (zwierz\u0119ta i znaki) z g\u00f3rnego paleolitu odpowiadaj\u0105 proto-sumeryjskiemu j\u0119zykowi ideograficznemu).<\/p>\n<p><blockquote class=\"wp-embedded-content\" data-secret=\"efxqw3u4fu\"><a href=\"https:\/\/www.yvar-bregeant.com\/pl\/rozszyfrowanie-jezyka-jaskin\/\">Rozszyfrowanie j\u0119zyka jaski\u0144<\/a><\/blockquote><iframe class=\"wp-embedded-content\" sandbox=\"allow-scripts\" security=\"restricted\" style=\"position: absolute; clip: rect(1px, 1px, 1px, 1px);\" title=\"\u00ab\u00a0Rozszyfrowanie j\u0119zyka jaski\u0144\u00a0\u00bb &#8212; Yvar Bregeant\" src=\"https:\/\/www.yvar-bregeant.com\/pl\/rozszyfrowanie-jezyka-jaskin\/embed\/#?secret=MqmaQIArDZ#?secret=efxqw3u4fu\" data-secret=\"efxqw3u4fu\" width=\"600\" height=\"338\" frameborder=\"0\" marginwidth=\"0\" marginheight=\"0\" scrolling=\"no\"><\/iframe><\/p>\n<p>by\u0142 przedmiotem wyczerpuj\u0105cej lektury, po kt\u00f3rej nast\u0105pi\u0142o podsumowanie na stronach 19-24 wrze\u015bniowo-pa\u017adziernikowego wydania.<\/p>\n<p>Zapraszam do zapoznania si\u0119 z nim tutaj:<\/p>\n<p><a href=\"https:\/\/www.yvar-bregeant.com\/wp-content\/uploads\/2023\/11\/BULLETIN-MOUVEMENTS-RELIGIEUX-DE-SEPTEMBRE-OCTOBRE-2023.pdf\">BIULETYN RUCHY RELIGIJNE WRZESIE\u0143PA\u0179DZIERNIK 2023<\/a><\/p>\n<p>Po tej publikacji po prostu skontaktowa\u0142em si\u0119 z panem BLANDRE, aby skorygowa\u0107 jego punkt widzenia na moje osobiste przekonania:<\/p>\n<p>Niestety, na podstawie moich pism doszed\u0142 do wniosku, \u017ce jestem cz\u0119\u015bci\u0105 tego, co okre\u015bla jako ezoteryzm i \u017ce zaprzeczy\u0142em swojej pierwotnej wierze chrze\u015bcija\u0144skiej.<\/p>\n<p>Co jest b\u0142\u0119dem, poniewa\u017c jestem (i pozosta\u0142em) chrze\u015bcijaninem.<\/p>\n<p>Fakt, \u017ce moje badania doprowadzi\u0142y mnie do ustalenia prawdziwej natury pierwotnej prehistorycznej religii, nie oznacza, \u017ce j\u0105 wyznaj\u0119. <\/p>\n<p>Po prostu staram si\u0119, gdy dochodz\u0119 do sedna tematu, analizy, zawsze przedstawia\u0107 materia\u0142 w neutralny, akademicki spos\u00f3b, neutralno\u015b\u0107, kt\u00f3ra mo\u017ce doprowadzi\u0107 czytelnika do my\u015blenia, \u017ce popieram raczej wizj\u0119 mitologiczn\u0105 ni\u017c wersj\u0119 biblijn\u0105.<\/p>\n<p>Tylko we wst\u0119pach lub wnioskach moich ksi\u0105\u017cek lub na mojej stronie internetowej przedstawiam swoje przekonania i osobisty wyb\u00f3r lub punkt widzenia. Mam nadziej\u0119, \u017ce s\u0105 one wystarczaj\u0105co jasne, aby zrozumie\u0107, \u017ce jestem chrze\u015bcijaninem w sercu, w \u017cyciu i w duchu, nawet je\u015bli po raz kolejny staram si\u0119 ca\u0142kowicie pomin\u0105\u0107 m\u00f3j punkt widzenia w rozwoju ksi\u0105\u017cek* i ich odpowiednich temat\u00f3w.<\/p>\n<p>S\u0105 jeszcze inne rzeczy, kt\u00f3re mo\u017cna przeciwstawi\u0107 obserwacji i analizie pana BLANDRE, ale nie chc\u0119 tutaj wdawa\u0107 si\u0119 w polemik\u0119. Jestem przekonany, \u017ce moje pisanie b\u0119dzie stopniowo m\u00f3wi\u0107 za mnie. <\/p>\n<p>Nasze dyskusje s\u0105 kontynuowane w bardzo serdeczny spos\u00f3b i bez w\u0105tpienia b\u0119d\u0119 mia\u0142 prawo do odpowiedzi w tej kwestii mojej osobistej wiary, na pocz\u0105tku 2024 roku, w przysz\u0142ym wydaniu biuletynu. Poza tym, artyku\u0142 ten jest do\u015b\u0107 pochwalny na m\u00f3j temat, za co dzi\u0119kuj\u0119 Panu BLANDRE, jako za jego zainteresowanie moimi badaniami i jego oczywisty szczery wysi\u0142ek, aby zsyntetyzowa\u0107 owoce mojej pracy, kt\u00f3ra jest, sp\u00f3jrzmy prawdzie w oczy, ca\u0142kiem poka\u017ana.<\/p>\n\t\t\t\t\t\t\t\t<\/div>\n\t\t\t\t<\/div>\n\t\t\t\t\t<\/div>\n\t\t\t\t<\/div>\n\t\t\t\t<\/div>\n\t\t","protected":false},"excerpt":{"rendered":"<p>Przegl\u0105d prasy Komentarze czytelnik\u00f3w monbestseller.com Zapraszam do zapoznania si\u0119 z ksi\u0105\u017ckami, kt\u00f3re zosta\u0142y ju\u017c opublikowane, a tak\u017ce z wieloma pozytywnymi komentarzami na ich temat. Chcia\u0142bym wyja\u015bni\u0107, \u017ce te komentarze nie s\u0105 owocem mojej wyobra\u017ani, mojego ego ani nawet sprytnej mieszanki tych dw\u00f3ch. Ani \u017cadnych \u017cyczliwych przyjaci\u00f3\u0142 czy cz\u0142onk\u00f3w rodziny&#8230; Aby to sprawdzi\u0107, mo\u017cesz odwiedzi\u0107 stron\u0119 [&hellip;]<\/p>\n","protected":false},"author":4,"featured_media":4704,"parent":0,"menu_order":0,"comment_status":"closed","ping_status":"closed","template":"elementor_header_footer","meta":{"footnotes":""},"class_list":["post-17977","page","type-page","status-publish","has-post-thumbnail","hentry"],"yoast_head":"<!-- This site is optimized with the Yoast SEO plugin v27.5 - https:\/\/yoast.com\/product\/yoast-seo-wordpress\/ -->\n<title>Jak odkry\u0107 prawdziw\u0105 histori\u0119 religii ludzko\u015bci?<\/title>\n<meta name=\"description\" content=\"Jak mo\u017cemy pozna\u0107 prawdziwe pochodzenie i histori\u0119 religii ludzko\u015bci? Przeczytaj przedmow\u0119 do serii literackiej Yvara Bregeanta\" \/>\n<meta name=\"robots\" content=\"index, follow, max-snippet:-1, max-image-preview:large, max-video-preview:-1\" \/>\n<link rel=\"canonical\" href=\"https:\/\/www.yvar-bregeant.com\/pl\/przedmowa-przeglad-prasy-2\/\" \/>\n<meta property=\"og:locale\" content=\"pl_PL\" \/>\n<meta property=\"og:type\" content=\"article\" \/>\n<meta property=\"og:title\" content=\"Jak odkry\u0107 prawdziw\u0105 histori\u0119 religii ludzko\u015bci?\" \/>\n<meta property=\"og:description\" content=\"Jak mo\u017cemy pozna\u0107 prawdziwe pochodzenie i histori\u0119 religii ludzko\u015bci? Przeczytaj przedmow\u0119 do serii literackiej Yvara Bregeanta\" \/>\n<meta property=\"og:url\" content=\"https:\/\/www.yvar-bregeant.com\/pl\/przedmowa-przeglad-prasy-2\/\" \/>\n<meta property=\"og:site_name\" content=\"Yvar Bregeant\" \/>\n<meta property=\"article:publisher\" content=\"https:\/\/www.facebook.com\/profile.php?id=61553731625098\" \/>\n<meta property=\"article:modified_time\" content=\"2024-03-26T17:43:20+00:00\" \/>\n<meta property=\"og:image\" content=\"https:\/\/www.yvar-bregeant.com\/wp-content\/uploads\/2023\/12\/Logo-de-presentation-onglet-structuration-1.jpg\" \/>\n\t<meta property=\"og:image:width\" content=\"612\" \/>\n\t<meta property=\"og:image:height\" content=\"586\" \/>\n\t<meta property=\"og:image:type\" content=\"image\/jpeg\" \/>\n<meta name=\"twitter:card\" content=\"summary_large_image\" \/>\n<meta name=\"twitter:label1\" content=\"Szacowany czas czytania\" \/>\n\t<meta name=\"twitter:data1\" content=\"84 minuty\" \/>\n<script type=\"application\/ld+json\" class=\"yoast-schema-graph\">{\"@context\":\"https:\\\/\\\/schema.org\",\"@graph\":[{\"@type\":\"WebPage\",\"@id\":\"https:\\\/\\\/www.yvar-bregeant.com\\\/pl\\\/przedmowa-przeglad-prasy-2\\\/\",\"url\":\"https:\\\/\\\/www.yvar-bregeant.com\\\/pl\\\/przedmowa-przeglad-prasy-2\\\/\",\"name\":\"Jak odkry\u0107 prawdziw\u0105 histori\u0119 religii ludzko\u015bci?\",\"isPartOf\":{\"@id\":\"https:\\\/\\\/www.yvar-bregeant.com\\\/pl\\\/#website\"},\"primaryImageOfPage\":{\"@id\":\"https:\\\/\\\/www.yvar-bregeant.com\\\/pl\\\/przedmowa-przeglad-prasy-2\\\/#primaryimage\"},\"image\":{\"@id\":\"https:\\\/\\\/www.yvar-bregeant.com\\\/pl\\\/przedmowa-przeglad-prasy-2\\\/#primaryimage\"},\"thumbnailUrl\":\"https:\\\/\\\/www.yvar-bregeant.com\\\/wp-content\\\/uploads\\\/2023\\\/12\\\/Logo-de-presentation-onglet-structuration-1.jpg\",\"datePublished\":\"2024-03-24T10:08:31+00:00\",\"dateModified\":\"2024-03-26T17:43:20+00:00\",\"description\":\"Jak mo\u017cemy pozna\u0107 prawdziwe pochodzenie i histori\u0119 religii ludzko\u015bci? Przeczytaj przedmow\u0119 do serii literackiej Yvara Bregeanta\",\"breadcrumb\":{\"@id\":\"https:\\\/\\\/www.yvar-bregeant.com\\\/pl\\\/przedmowa-przeglad-prasy-2\\\/#breadcrumb\"},\"inLanguage\":\"pl-PL\",\"potentialAction\":[{\"@type\":\"ReadAction\",\"target\":[\"https:\\\/\\\/www.yvar-bregeant.com\\\/pl\\\/przedmowa-przeglad-prasy-2\\\/\"]}]},{\"@type\":\"ImageObject\",\"inLanguage\":\"pl-PL\",\"@id\":\"https:\\\/\\\/www.yvar-bregeant.com\\\/pl\\\/przedmowa-przeglad-prasy-2\\\/#primaryimage\",\"url\":\"https:\\\/\\\/www.yvar-bregeant.com\\\/wp-content\\\/uploads\\\/2023\\\/12\\\/Logo-de-presentation-onglet-structuration-1.jpg\",\"contentUrl\":\"https:\\\/\\\/www.yvar-bregeant.com\\\/wp-content\\\/uploads\\\/2023\\\/12\\\/Logo-de-presentation-onglet-structuration-1.jpg\",\"width\":612,\"height\":586},{\"@type\":\"BreadcrumbList\",\"@id\":\"https:\\\/\\\/www.yvar-bregeant.com\\\/pl\\\/przedmowa-przeglad-prasy-2\\\/#breadcrumb\",\"itemListElement\":[{\"@type\":\"ListItem\",\"position\":1,\"name\":\"Accueil\",\"item\":\"https:\\\/\\\/www.yvar-bregeant.com\\\/pl\\\/\"},{\"@type\":\"ListItem\",\"position\":2,\"name\":\"Przegl\u0105d prasy\"}]},{\"@type\":\"WebSite\",\"@id\":\"https:\\\/\\\/www.yvar-bregeant.com\\\/pl\\\/#website\",\"url\":\"https:\\\/\\\/www.yvar-bregeant.com\\\/pl\\\/\",\"name\":\"Yvar Bregeant\",\"description\":\"\",\"publisher\":{\"@id\":\"https:\\\/\\\/www.yvar-bregeant.com\\\/pl\\\/#organization\"},\"potentialAction\":[{\"@type\":\"SearchAction\",\"target\":{\"@type\":\"EntryPoint\",\"urlTemplate\":\"https:\\\/\\\/www.yvar-bregeant.com\\\/pl\\\/?s={search_term_string}\"},\"query-input\":{\"@type\":\"PropertyValueSpecification\",\"valueRequired\":true,\"valueName\":\"search_term_string\"}}],\"inLanguage\":\"pl-PL\"},{\"@type\":\"Organization\",\"@id\":\"https:\\\/\\\/www.yvar-bregeant.com\\\/pl\\\/#organization\",\"name\":\"Yvar Bregeant\",\"url\":\"https:\\\/\\\/www.yvar-bregeant.com\\\/pl\\\/\",\"logo\":{\"@type\":\"ImageObject\",\"inLanguage\":\"pl-PL\",\"@id\":\"https:\\\/\\\/www.yvar-bregeant.com\\\/pl\\\/#\\\/schema\\\/logo\\\/image\\\/\",\"url\":\"https:\\\/\\\/www.yvar-bregeant.com\\\/wp-content\\\/uploads\\\/2023\\\/12\\\/Logo-de-presentation-onglet-structuration-russe.jpg\",\"contentUrl\":\"https:\\\/\\\/www.yvar-bregeant.com\\\/wp-content\\\/uploads\\\/2023\\\/12\\\/Logo-de-presentation-onglet-structuration-russe.jpg\",\"width\":612,\"height\":586,\"caption\":\"Yvar Bregeant\"},\"image\":{\"@id\":\"https:\\\/\\\/www.yvar-bregeant.com\\\/pl\\\/#\\\/schema\\\/logo\\\/image\\\/\"},\"sameAs\":[\"https:\\\/\\\/www.facebook.com\\\/profile.php?id=61553731625098\"]}]}<\/script>\n<!-- \/ Yoast SEO plugin. -->","yoast_head_json":{"title":"Jak odkry\u0107 prawdziw\u0105 histori\u0119 religii ludzko\u015bci?","description":"Jak mo\u017cemy pozna\u0107 prawdziwe pochodzenie i histori\u0119 religii ludzko\u015bci? Przeczytaj przedmow\u0119 do serii literackiej Yvara Bregeanta","robots":{"index":"index","follow":"follow","max-snippet":"max-snippet:-1","max-image-preview":"max-image-preview:large","max-video-preview":"max-video-preview:-1"},"canonical":"https:\/\/www.yvar-bregeant.com\/pl\/przedmowa-przeglad-prasy-2\/","og_locale":"pl_PL","og_type":"article","og_title":"Jak odkry\u0107 prawdziw\u0105 histori\u0119 religii ludzko\u015bci?","og_description":"Jak mo\u017cemy pozna\u0107 prawdziwe pochodzenie i histori\u0119 religii ludzko\u015bci? Przeczytaj przedmow\u0119 do serii literackiej Yvara Bregeanta","og_url":"https:\/\/www.yvar-bregeant.com\/pl\/przedmowa-przeglad-prasy-2\/","og_site_name":"Yvar Bregeant","article_publisher":"https:\/\/www.facebook.com\/profile.php?id=61553731625098","article_modified_time":"2024-03-26T17:43:20+00:00","og_image":[{"width":612,"height":586,"url":"https:\/\/www.yvar-bregeant.com\/wp-content\/uploads\/2023\/12\/Logo-de-presentation-onglet-structuration-1.jpg","type":"image\/jpeg"}],"twitter_card":"summary_large_image","twitter_misc":{"Szacowany czas czytania":"84 minuty"},"schema":{"@context":"https:\/\/schema.org","@graph":[{"@type":"WebPage","@id":"https:\/\/www.yvar-bregeant.com\/pl\/przedmowa-przeglad-prasy-2\/","url":"https:\/\/www.yvar-bregeant.com\/pl\/przedmowa-przeglad-prasy-2\/","name":"Jak odkry\u0107 prawdziw\u0105 histori\u0119 religii ludzko\u015bci?","isPartOf":{"@id":"https:\/\/www.yvar-bregeant.com\/pl\/#website"},"primaryImageOfPage":{"@id":"https:\/\/www.yvar-bregeant.com\/pl\/przedmowa-przeglad-prasy-2\/#primaryimage"},"image":{"@id":"https:\/\/www.yvar-bregeant.com\/pl\/przedmowa-przeglad-prasy-2\/#primaryimage"},"thumbnailUrl":"https:\/\/www.yvar-bregeant.com\/wp-content\/uploads\/2023\/12\/Logo-de-presentation-onglet-structuration-1.jpg","datePublished":"2024-03-24T10:08:31+00:00","dateModified":"2024-03-26T17:43:20+00:00","description":"Jak mo\u017cemy pozna\u0107 prawdziwe pochodzenie i histori\u0119 religii ludzko\u015bci? Przeczytaj przedmow\u0119 do serii literackiej Yvara Bregeanta","breadcrumb":{"@id":"https:\/\/www.yvar-bregeant.com\/pl\/przedmowa-przeglad-prasy-2\/#breadcrumb"},"inLanguage":"pl-PL","potentialAction":[{"@type":"ReadAction","target":["https:\/\/www.yvar-bregeant.com\/pl\/przedmowa-przeglad-prasy-2\/"]}]},{"@type":"ImageObject","inLanguage":"pl-PL","@id":"https:\/\/www.yvar-bregeant.com\/pl\/przedmowa-przeglad-prasy-2\/#primaryimage","url":"https:\/\/www.yvar-bregeant.com\/wp-content\/uploads\/2023\/12\/Logo-de-presentation-onglet-structuration-1.jpg","contentUrl":"https:\/\/www.yvar-bregeant.com\/wp-content\/uploads\/2023\/12\/Logo-de-presentation-onglet-structuration-1.jpg","width":612,"height":586},{"@type":"BreadcrumbList","@id":"https:\/\/www.yvar-bregeant.com\/pl\/przedmowa-przeglad-prasy-2\/#breadcrumb","itemListElement":[{"@type":"ListItem","position":1,"name":"Accueil","item":"https:\/\/www.yvar-bregeant.com\/pl\/"},{"@type":"ListItem","position":2,"name":"Przegl\u0105d prasy"}]},{"@type":"WebSite","@id":"https:\/\/www.yvar-bregeant.com\/pl\/#website","url":"https:\/\/www.yvar-bregeant.com\/pl\/","name":"Yvar Bregeant","description":"","publisher":{"@id":"https:\/\/www.yvar-bregeant.com\/pl\/#organization"},"potentialAction":[{"@type":"SearchAction","target":{"@type":"EntryPoint","urlTemplate":"https:\/\/www.yvar-bregeant.com\/pl\/?s={search_term_string}"},"query-input":{"@type":"PropertyValueSpecification","valueRequired":true,"valueName":"search_term_string"}}],"inLanguage":"pl-PL"},{"@type":"Organization","@id":"https:\/\/www.yvar-bregeant.com\/pl\/#organization","name":"Yvar Bregeant","url":"https:\/\/www.yvar-bregeant.com\/pl\/","logo":{"@type":"ImageObject","inLanguage":"pl-PL","@id":"https:\/\/www.yvar-bregeant.com\/pl\/#\/schema\/logo\/image\/","url":"https:\/\/www.yvar-bregeant.com\/wp-content\/uploads\/2023\/12\/Logo-de-presentation-onglet-structuration-russe.jpg","contentUrl":"https:\/\/www.yvar-bregeant.com\/wp-content\/uploads\/2023\/12\/Logo-de-presentation-onglet-structuration-russe.jpg","width":612,"height":586,"caption":"Yvar Bregeant"},"image":{"@id":"https:\/\/www.yvar-bregeant.com\/pl\/#\/schema\/logo\/image\/"},"sameAs":["https:\/\/www.facebook.com\/profile.php?id=61553731625098"]}]}},"_links":{"self":[{"href":"https:\/\/www.yvar-bregeant.com\/pl\/wp-json\/wp\/v2\/pages\/17977","targetHints":{"allow":["GET"]}}],"collection":[{"href":"https:\/\/www.yvar-bregeant.com\/pl\/wp-json\/wp\/v2\/pages"}],"about":[{"href":"https:\/\/www.yvar-bregeant.com\/pl\/wp-json\/wp\/v2\/types\/page"}],"author":[{"embeddable":true,"href":"https:\/\/www.yvar-bregeant.com\/pl\/wp-json\/wp\/v2\/users\/4"}],"replies":[{"embeddable":true,"href":"https:\/\/www.yvar-bregeant.com\/pl\/wp-json\/wp\/v2\/comments?post=17977"}],"version-history":[{"count":1,"href":"https:\/\/www.yvar-bregeant.com\/pl\/wp-json\/wp\/v2\/pages\/17977\/revisions"}],"predecessor-version":[{"id":18335,"href":"https:\/\/www.yvar-bregeant.com\/pl\/wp-json\/wp\/v2\/pages\/17977\/revisions\/18335"}],"wp:featuredmedia":[{"embeddable":true,"href":"https:\/\/www.yvar-bregeant.com\/pl\/wp-json\/wp\/v2\/media\/4704"}],"wp:attachment":[{"href":"https:\/\/www.yvar-bregeant.com\/pl\/wp-json\/wp\/v2\/media?parent=17977"}],"curies":[{"name":"wp","href":"https:\/\/api.w.org\/{rel}","templated":true}]}}