{"id":17616,"date":"2024-03-21T23:55:17","date_gmt":"2024-03-21T22:55:17","guid":{"rendered":"https:\/\/www.yvar-bregeant.com\/?page_id=17616"},"modified":"2025-04-14T22:36:41","modified_gmt":"2025-04-14T21:36:41","slug":"biografia-contacto-2","status":"publish","type":"page","link":"https:\/\/www.yvar-bregeant.com\/pt-pt\/biografia-contacto-2\/","title":{"rendered":"Biografia"},"content":{"rendered":"\t\t<div data-elementor-type=\"wp-page\" data-elementor-id=\"17616\" class=\"elementor elementor-17616\" data-elementor-post-type=\"page\">\n\t\t\t\t\t\t<section class=\"elementor-section elementor-top-section elementor-element elementor-element-7eb037f5 elementor-section-boxed elementor-section-height-default elementor-section-height-default\" data-id=\"7eb037f5\" data-element_type=\"section\" data-e-type=\"section\" data-settings=\"{&quot;background_background&quot;:&quot;classic&quot;}\">\n\t\t\t\t\t\t\t<div class=\"elementor-background-overlay\"><\/div>\n\t\t\t\t\t\t\t<div class=\"elementor-container elementor-column-gap-default\">\n\t\t\t\t\t<div class=\"elementor-column elementor-col-100 elementor-top-column elementor-element elementor-element-2b18fd31\" data-id=\"2b18fd31\" data-element_type=\"column\" data-e-type=\"column\">\n\t\t\t<div class=\"elementor-widget-wrap elementor-element-populated\">\n\t\t\t\t\t\t<div class=\"elementor-element elementor-element-450b1869 elementor-widget elementor-widget-heading\" data-id=\"450b1869\" data-element_type=\"widget\" data-e-type=\"widget\" data-widget_type=\"heading.default\">\n\t\t\t\t<div class=\"elementor-widget-container\">\n\t\t\t\t\t<h1 class=\"elementor-heading-title elementor-size-default\">Biografia<\/h1>\t\t\t\t<\/div>\n\t\t\t\t<\/div>\n\t\t\t\t\t<\/div>\n\t\t<\/div>\n\t\t\t\t\t<\/div>\n\t\t<\/section>\n\t\t<div class=\"elementor-element elementor-element-e9e7ee9 e-flex e-con-boxed e-con e-parent\" data-id=\"e9e7ee9\" data-element_type=\"container\" data-e-type=\"container\">\n\t\t\t\t\t<div class=\"e-con-inner\">\n\t\t\t\t<div class=\"elementor-element elementor-element-1d66a66 elementor-widget elementor-widget-heading\" data-id=\"1d66a66\" data-element_type=\"widget\" data-e-type=\"widget\" data-widget_type=\"heading.default\">\n\t\t\t\t<div class=\"elementor-widget-container\">\n\t\t\t\t\t<h2 class=\"elementor-heading-title elementor-size-default\">quem \u00e9 yvar bregeant?<\/h2>\t\t\t\t<\/div>\n\t\t\t\t<\/div>\n\t\t\t\t<div class=\"elementor-element elementor-element-5b41d35 elementor-widget elementor-widget-text-editor\" data-id=\"5b41d35\" data-element_type=\"widget\" data-e-type=\"widget\" data-widget_type=\"text-editor.default\">\n\t\t\t\t<div class=\"elementor-widget-container\">\n\t\t\t\t\t\t\t\t\t<p><span style=\"color: #000000;\">Um investigador franc\u00eas de origem crist\u00e3.Ein franz\u00f6sischer Forscher mit christlichem Hintergrund.<\/span><\/p><p><span style=\"color: #000000;\">55 anos de idade. O tempo voa&#8230; <\/span><\/p><p><span style=\"color: #000000;\">Fui mission\u00e1rio no mundo \u00e1rabe eg\u00edpcio (copta e mu\u00e7ulmano) durante mais de 10 anos, de 20 a 30 anos.<\/span><\/p><p><span style=\"color: #000000;\">Um arabista, mas tamb\u00e9m um poliglota apaixonado por l\u00ednguas e culturas estrangeiras. <\/span><\/p><p><span style=\"color: #000000;\">Especialista em l\u00ednguas arcaicas (sum\u00e9rio e hierogl\u00edfico), s\u00edmbolos, mitos, cultos e religi\u00f5es.<\/span><\/p><p><span style=\"color: #000000;\">Com quatro \u00e1reas de especializa\u00e7\u00e3o: especializa\u00e7\u00e3o em lingu\u00edstica arcaica, simbologia comparada, mitologia comparada e teologia.<\/span><\/p>\t\t\t\t\t\t\t\t<\/div>\n\t\t\t\t<\/div>\n\t\t\t\t\t<\/div>\n\t\t\t\t<\/div>\n\t\t\t\t<\/div>\n\t\t","protected":false},"excerpt":{"rendered":"<p>Biografia quem \u00e9 yvar bregeant? Um investigador franc\u00eas de origem crist\u00e3.Ein franz\u00f6sischer Forscher mit christlichem Hintergrund. 55 anos de idade. O tempo voa&#8230; Fui mission\u00e1rio no mundo \u00e1rabe eg\u00edpcio (copta e mu\u00e7ulmano) durante mais de 10 anos, de 20 a 30 anos. Um arabista, mas tamb\u00e9m um poliglota apaixonado por l\u00ednguas e culturas estrangeiras. Especialista [&hellip;]<\/p>\n","protected":false},"author":4,"featured_media":18051,"parent":0,"menu_order":0,"comment_status":"closed","ping_status":"closed","template":"elementor_header_footer","meta":{"footnotes":""},"class_list":["post-17616","page","type-page","status-publish","has-post-thumbnail","hentry"],"yoast_head":"<!-- This site is optimized with the Yoast SEO plugin v27.5 - https:\/\/yoast.com\/product\/yoast-seo-wordpress\/ -->\n<title>Biografia \/ Yvar Bregeant | Autor<\/title>\n<meta name=\"description\" content=\"Nesta p\u00e1gina, voc\u00ea pode ver uma breve biografia de Yvar Bregeant e entrar em contato com ele se tiver alguma d\u00favida.\" \/>\n<meta name=\"robots\" content=\"index, follow, max-snippet:-1, max-image-preview:large, max-video-preview:-1\" \/>\n<link rel=\"canonical\" href=\"https:\/\/www.yvar-bregeant.com\/pt-pt\/biografia-contacto-2\/\" \/>\n<meta property=\"og:locale\" content=\"pt_PT\" \/>\n<meta property=\"og:type\" content=\"article\" \/>\n<meta property=\"og:title\" content=\"Biografia \/ Yvar Bregeant | Autor\" \/>\n<meta property=\"og:description\" content=\"Nesta p\u00e1gina, voc\u00ea pode ver uma breve biografia de Yvar Bregeant e entrar em contato com ele se tiver alguma d\u00favida.\" \/>\n<meta property=\"og:url\" content=\"https:\/\/www.yvar-bregeant.com\/pt-pt\/biografia-contacto-2\/\" \/>\n<meta property=\"og:site_name\" content=\"Yvar Bregeant\" \/>\n<meta property=\"article:publisher\" content=\"https:\/\/www.facebook.com\/profile.php?id=61553731625098\" \/>\n<meta property=\"article:modified_time\" content=\"2025-04-14T21:36:41+00:00\" \/>\n<meta property=\"og:image\" content=\"https:\/\/www.yvar-bregeant.com\/wp-content\/uploads\/2024\/03\/Moine-wattpad.jpg\" \/>\n\t<meta property=\"og:image:width\" content=\"328\" \/>\n\t<meta property=\"og:image:height\" content=\"401\" \/>\n\t<meta property=\"og:image:type\" content=\"image\/jpeg\" \/>\n<meta name=\"twitter:card\" content=\"summary_large_image\" \/>\n<script type=\"application\/ld+json\" class=\"yoast-schema-graph\">{\"@context\":\"https:\\\/\\\/schema.org\",\"@graph\":[{\"@type\":\"WebPage\",\"@id\":\"https:\\\/\\\/www.yvar-bregeant.com\\\/pt-pt\\\/biografia-contacto-2\\\/\",\"url\":\"https:\\\/\\\/www.yvar-bregeant.com\\\/pt-pt\\\/biografia-contacto-2\\\/\",\"name\":\"Biografia \\\/ Yvar Bregeant | Autor\",\"isPartOf\":{\"@id\":\"https:\\\/\\\/www.yvar-bregeant.com\\\/pt-pt\\\/#website\"},\"primaryImageOfPage\":{\"@id\":\"https:\\\/\\\/www.yvar-bregeant.com\\\/pt-pt\\\/biografia-contacto-2\\\/#primaryimage\"},\"image\":{\"@id\":\"https:\\\/\\\/www.yvar-bregeant.com\\\/pt-pt\\\/biografia-contacto-2\\\/#primaryimage\"},\"thumbnailUrl\":\"https:\\\/\\\/www.yvar-bregeant.com\\\/wp-content\\\/uploads\\\/2024\\\/03\\\/Moine-wattpad.jpg\",\"datePublished\":\"2024-03-21T22:55:17+00:00\",\"dateModified\":\"2025-04-14T21:36:41+00:00\",\"description\":\"Nesta p\u00e1gina, voc\u00ea pode ver uma breve biografia de Yvar Bregeant e entrar em contato com ele se tiver alguma d\u00favida.\",\"breadcrumb\":{\"@id\":\"https:\\\/\\\/www.yvar-bregeant.com\\\/pt-pt\\\/biografia-contacto-2\\\/#breadcrumb\"},\"inLanguage\":\"pt-PT\",\"potentialAction\":[{\"@type\":\"ReadAction\",\"target\":[\"https:\\\/\\\/www.yvar-bregeant.com\\\/pt-pt\\\/biografia-contacto-2\\\/\"]}]},{\"@type\":\"ImageObject\",\"inLanguage\":\"pt-PT\",\"@id\":\"https:\\\/\\\/www.yvar-bregeant.com\\\/pt-pt\\\/biografia-contacto-2\\\/#primaryimage\",\"url\":\"https:\\\/\\\/www.yvar-bregeant.com\\\/wp-content\\\/uploads\\\/2024\\\/03\\\/Moine-wattpad.jpg\",\"contentUrl\":\"https:\\\/\\\/www.yvar-bregeant.com\\\/wp-content\\\/uploads\\\/2024\\\/03\\\/Moine-wattpad.jpg\",\"width\":328,\"height\":401},{\"@type\":\"BreadcrumbList\",\"@id\":\"https:\\\/\\\/www.yvar-bregeant.com\\\/pt-pt\\\/biografia-contacto-2\\\/#breadcrumb\",\"itemListElement\":[{\"@type\":\"ListItem\",\"position\":1,\"name\":\"Accueil\",\"item\":\"https:\\\/\\\/www.yvar-bregeant.com\\\/pt-pt\\\/\"},{\"@type\":\"ListItem\",\"position\":2,\"name\":\"Biografia\"}]},{\"@type\":\"WebSite\",\"@id\":\"https:\\\/\\\/www.yvar-bregeant.com\\\/pt-pt\\\/#website\",\"url\":\"https:\\\/\\\/www.yvar-bregeant.com\\\/pt-pt\\\/\",\"name\":\"Yvar Bregeant\",\"description\":\"\",\"publisher\":{\"@id\":\"https:\\\/\\\/www.yvar-bregeant.com\\\/pt-pt\\\/#organization\"},\"potentialAction\":[{\"@type\":\"SearchAction\",\"target\":{\"@type\":\"EntryPoint\",\"urlTemplate\":\"https:\\\/\\\/www.yvar-bregeant.com\\\/pt-pt\\\/?s={search_term_string}\"},\"query-input\":{\"@type\":\"PropertyValueSpecification\",\"valueRequired\":true,\"valueName\":\"search_term_string\"}}],\"inLanguage\":\"pt-PT\"},{\"@type\":\"Organization\",\"@id\":\"https:\\\/\\\/www.yvar-bregeant.com\\\/pt-pt\\\/#organization\",\"name\":\"Yvar Bregeant\",\"url\":\"https:\\\/\\\/www.yvar-bregeant.com\\\/pt-pt\\\/\",\"logo\":{\"@type\":\"ImageObject\",\"inLanguage\":\"pt-PT\",\"@id\":\"https:\\\/\\\/www.yvar-bregeant.com\\\/pt-pt\\\/#\\\/schema\\\/logo\\\/image\\\/\",\"url\":\"https:\\\/\\\/www.yvar-bregeant.com\\\/wp-content\\\/uploads\\\/2023\\\/12\\\/Logo-de-presentation-onglet-structuration-russe.jpg\",\"contentUrl\":\"https:\\\/\\\/www.yvar-bregeant.com\\\/wp-content\\\/uploads\\\/2023\\\/12\\\/Logo-de-presentation-onglet-structuration-russe.jpg\",\"width\":612,\"height\":586,\"caption\":\"Yvar Bregeant\"},\"image\":{\"@id\":\"https:\\\/\\\/www.yvar-bregeant.com\\\/pt-pt\\\/#\\\/schema\\\/logo\\\/image\\\/\"},\"sameAs\":[\"https:\\\/\\\/www.facebook.com\\\/profile.php?id=61553731625098\"]}]}<\/script>\n<!-- \/ Yoast SEO plugin. -->","yoast_head_json":{"title":"Biografia \/ Yvar Bregeant | Autor","description":"Nesta p\u00e1gina, voc\u00ea pode ver uma breve biografia de Yvar Bregeant e entrar em contato com ele se tiver alguma d\u00favida.","robots":{"index":"index","follow":"follow","max-snippet":"max-snippet:-1","max-image-preview":"max-image-preview:large","max-video-preview":"max-video-preview:-1"},"canonical":"https:\/\/www.yvar-bregeant.com\/pt-pt\/biografia-contacto-2\/","og_locale":"pt_PT","og_type":"article","og_title":"Biografia \/ Yvar Bregeant | Autor","og_description":"Nesta p\u00e1gina, voc\u00ea pode ver uma breve biografia de Yvar Bregeant e entrar em contato com ele se tiver alguma d\u00favida.","og_url":"https:\/\/www.yvar-bregeant.com\/pt-pt\/biografia-contacto-2\/","og_site_name":"Yvar Bregeant","article_publisher":"https:\/\/www.facebook.com\/profile.php?id=61553731625098","article_modified_time":"2025-04-14T21:36:41+00:00","og_image":[{"width":328,"height":401,"url":"https:\/\/www.yvar-bregeant.com\/wp-content\/uploads\/2024\/03\/Moine-wattpad.jpg","type":"image\/jpeg"}],"twitter_card":"summary_large_image","schema":{"@context":"https:\/\/schema.org","@graph":[{"@type":"WebPage","@id":"https:\/\/www.yvar-bregeant.com\/pt-pt\/biografia-contacto-2\/","url":"https:\/\/www.yvar-bregeant.com\/pt-pt\/biografia-contacto-2\/","name":"Biografia \/ Yvar Bregeant | Autor","isPartOf":{"@id":"https:\/\/www.yvar-bregeant.com\/pt-pt\/#website"},"primaryImageOfPage":{"@id":"https:\/\/www.yvar-bregeant.com\/pt-pt\/biografia-contacto-2\/#primaryimage"},"image":{"@id":"https:\/\/www.yvar-bregeant.com\/pt-pt\/biografia-contacto-2\/#primaryimage"},"thumbnailUrl":"https:\/\/www.yvar-bregeant.com\/wp-content\/uploads\/2024\/03\/Moine-wattpad.jpg","datePublished":"2024-03-21T22:55:17+00:00","dateModified":"2025-04-14T21:36:41+00:00","description":"Nesta p\u00e1gina, voc\u00ea pode ver uma breve biografia de Yvar Bregeant e entrar em contato com ele se tiver alguma d\u00favida.","breadcrumb":{"@id":"https:\/\/www.yvar-bregeant.com\/pt-pt\/biografia-contacto-2\/#breadcrumb"},"inLanguage":"pt-PT","potentialAction":[{"@type":"ReadAction","target":["https:\/\/www.yvar-bregeant.com\/pt-pt\/biografia-contacto-2\/"]}]},{"@type":"ImageObject","inLanguage":"pt-PT","@id":"https:\/\/www.yvar-bregeant.com\/pt-pt\/biografia-contacto-2\/#primaryimage","url":"https:\/\/www.yvar-bregeant.com\/wp-content\/uploads\/2024\/03\/Moine-wattpad.jpg","contentUrl":"https:\/\/www.yvar-bregeant.com\/wp-content\/uploads\/2024\/03\/Moine-wattpad.jpg","width":328,"height":401},{"@type":"BreadcrumbList","@id":"https:\/\/www.yvar-bregeant.com\/pt-pt\/biografia-contacto-2\/#breadcrumb","itemListElement":[{"@type":"ListItem","position":1,"name":"Accueil","item":"https:\/\/www.yvar-bregeant.com\/pt-pt\/"},{"@type":"ListItem","position":2,"name":"Biografia"}]},{"@type":"WebSite","@id":"https:\/\/www.yvar-bregeant.com\/pt-pt\/#website","url":"https:\/\/www.yvar-bregeant.com\/pt-pt\/","name":"Yvar Bregeant","description":"","publisher":{"@id":"https:\/\/www.yvar-bregeant.com\/pt-pt\/#organization"},"potentialAction":[{"@type":"SearchAction","target":{"@type":"EntryPoint","urlTemplate":"https:\/\/www.yvar-bregeant.com\/pt-pt\/?s={search_term_string}"},"query-input":{"@type":"PropertyValueSpecification","valueRequired":true,"valueName":"search_term_string"}}],"inLanguage":"pt-PT"},{"@type":"Organization","@id":"https:\/\/www.yvar-bregeant.com\/pt-pt\/#organization","name":"Yvar Bregeant","url":"https:\/\/www.yvar-bregeant.com\/pt-pt\/","logo":{"@type":"ImageObject","inLanguage":"pt-PT","@id":"https:\/\/www.yvar-bregeant.com\/pt-pt\/#\/schema\/logo\/image\/","url":"https:\/\/www.yvar-bregeant.com\/wp-content\/uploads\/2023\/12\/Logo-de-presentation-onglet-structuration-russe.jpg","contentUrl":"https:\/\/www.yvar-bregeant.com\/wp-content\/uploads\/2023\/12\/Logo-de-presentation-onglet-structuration-russe.jpg","width":612,"height":586,"caption":"Yvar Bregeant"},"image":{"@id":"https:\/\/www.yvar-bregeant.com\/pt-pt\/#\/schema\/logo\/image\/"},"sameAs":["https:\/\/www.facebook.com\/profile.php?id=61553731625098"]}]}},"_links":{"self":[{"href":"https:\/\/www.yvar-bregeant.com\/pt-pt\/wp-json\/wp\/v2\/pages\/17616","targetHints":{"allow":["GET"]}}],"collection":[{"href":"https:\/\/www.yvar-bregeant.com\/pt-pt\/wp-json\/wp\/v2\/pages"}],"about":[{"href":"https:\/\/www.yvar-bregeant.com\/pt-pt\/wp-json\/wp\/v2\/types\/page"}],"author":[{"embeddable":true,"href":"https:\/\/www.yvar-bregeant.com\/pt-pt\/wp-json\/wp\/v2\/users\/4"}],"replies":[{"embeddable":true,"href":"https:\/\/www.yvar-bregeant.com\/pt-pt\/wp-json\/wp\/v2\/comments?post=17616"}],"version-history":[{"count":2,"href":"https:\/\/www.yvar-bregeant.com\/pt-pt\/wp-json\/wp\/v2\/pages\/17616\/revisions"}],"predecessor-version":[{"id":39433,"href":"https:\/\/www.yvar-bregeant.com\/pt-pt\/wp-json\/wp\/v2\/pages\/17616\/revisions\/39433"}],"wp:featuredmedia":[{"embeddable":true,"href":"https:\/\/www.yvar-bregeant.com\/pt-pt\/wp-json\/wp\/v2\/media\/18051"}],"wp:attachment":[{"href":"https:\/\/www.yvar-bregeant.com\/pt-pt\/wp-json\/wp\/v2\/media?parent=17616"}],"curies":[{"name":"wp","href":"https:\/\/api.w.org\/{rel}","templated":true}]}}