{"id":17978,"date":"2024-03-24T10:08:31","date_gmt":"2024-03-24T10:08:31","guid":{"rendered":"https:\/\/www.yvar-bregeant.com\/?page_id=17978"},"modified":"2024-03-26T17:44:05","modified_gmt":"2024-03-26T17:44:05","slug":"prefacio-revisao-da-imprensa-2","status":"publish","type":"page","link":"https:\/\/www.yvar-bregeant.com\/pt-pt\/prefacio-revisao-da-imprensa-2\/","title":{"rendered":"Revis\u00e3o da imprensa"},"content":{"rendered":"<style>.elementor-17978 .elementor-element.elementor-element-4d9f341d > .elementor-container{max-width:1290px;}.elementor-17978 .elementor-element.elementor-element-4d9f341d:not(.elementor-motion-effects-element-type-background), .elementor-17978 .elementor-element.elementor-element-4d9f341d > .elementor-motion-effects-container > .elementor-motion-effects-layer{background-image:url(\"https:\/\/www.yvar-bregeant.com\/wp-content\/uploads\/2023\/06\/livres2-1.jpg\");background-position:center center;background-repeat:no-repeat;background-size:cover;}.elementor-17978 .elementor-element.elementor-element-4d9f341d > .elementor-background-overlay{background-color:transparent;background-image:linear-gradient(180deg, #0B0A15BA 30%, #0B0A15 100%);opacity:1;transition:background 0.3s, border-radius 0.3s, opacity 0.3s;}.elementor-17978 .elementor-element.elementor-element-4d9f341d{transition:background 0.3s, border 0.3s, border-radius 0.3s, box-shadow 0.3s;margin-top:-95px;margin-bottom:0px;padding:300px 0px 130px 0px;z-index:0;}.elementor-17978 .elementor-element.elementor-element-26ce84b1{text-align:start;}.elementor-17978 .elementor-element.elementor-element-26ce84b1 .elementor-heading-title{font-family:\"Girassol\", Sans-serif;font-size:40px;font-weight:500;text-transform:uppercase;letter-spacing:5px;color:#FFFFFF;}.elementor-17978 .elementor-element.elementor-element-26ce84b1 > .elementor-widget-container{margin:0px 0px 0px 0px;}.elementor-17978 .elementor-element.elementor-element-cf186a2{--display:flex;}.elementor-17978 .elementor-element.elementor-element-384ceb2{--divider-border-style:solid;--divider-color:#000;--divider-border-width:1px;}.elementor-17978 .elementor-element.elementor-element-384ceb2 .elementor-divider-separator{width:100%;}.elementor-17978 .elementor-element.elementor-element-384ceb2 .elementor-divider{padding-block-start:15px;padding-block-end:15px;}.elementor-17978 .elementor-element.elementor-element-b64e223{--divider-border-style:solid;--divider-color:#000;--divider-border-width:1px;}.elementor-17978 .elementor-element.elementor-element-b64e223 .elementor-divider-separator{width:100%;}.elementor-17978 .elementor-element.elementor-element-b64e223 .elementor-divider{padding-block-start:15px;padding-block-end:15px;}.elementor-17978 .elementor-element.elementor-element-fdfcde9{--spacer-size:50px;}.elementor-17978 .elementor-element.elementor-element-761aef2{text-align:justify;font-family:\"Times New Roman\", Sans-serif;font-size:18px;color:var( --e-global-color-40e36de );}.elementor-17978 .elementor-element.elementor-element-761aef2 > .elementor-widget-container{padding:0px 0px 0px 0px;}.elementor-17978 .elementor-element.elementor-element-171c2fe{--spacer-size:50px;}.elementor-17978 .elementor-element.elementor-element-6bfc5a3{--spacer-size:50px;}.elementor-17978 .elementor-element.elementor-element-a86ce1d{text-align:justify;font-family:\"Times New Roman\", Sans-serif;font-size:18px;color:var( --e-global-color-40e36de );}.elementor-17978 .elementor-element.elementor-element-a86ce1d > .elementor-widget-container{padding:0px 0px 0px 0px;}:root{--page-title-display:none;}@media(max-width:1024px){.elementor-17978 .elementor-element.elementor-element-4d9f341d{padding:250px 0px 100px 0px;}.elementor-17978 .elementor-element.elementor-element-8cc621 > .elementor-element-populated{margin:0px 10px 0px 10px;--e-column-margin-right:10px;--e-column-margin-left:10px;}.elementor-17978 .elementor-element.elementor-element-26ce84b1 .elementor-heading-title{font-size:70px;line-height:1.2em;}}@media(max-width:767px){.elementor-17978 .elementor-element.elementor-element-4d9f341d:not(.elementor-motion-effects-element-type-background), .elementor-17978 .elementor-element.elementor-element-4d9f341d > .elementor-motion-effects-container > .elementor-motion-effects-layer{background-position:80% 0px;}.elementor-17978 .elementor-element.elementor-element-4d9f341d{padding:220px 0px 50px 0px;}.elementor-17978 .elementor-element.elementor-element-8cc621 > .elementor-element-populated{margin:0px 5px 0px 5px;--e-column-margin-right:5px;--e-column-margin-left:5px;}.elementor-17978 .elementor-element.elementor-element-26ce84b1 .elementor-heading-title{font-size:55px;line-height:1.2em;}.elementor-17978 .elementor-element.elementor-element-761aef2{font-size:16px;}.elementor-17978 .elementor-element.elementor-element-a86ce1d{font-size:16px;}}<\/style>\t\t<div data-elementor-type=\"wp-page\" data-elementor-id=\"17978\" class=\"elementor elementor-17978 elementor-17973\" data-elementor-post-type=\"page\">\n\t\t\t\t\t\t<section class=\"elementor-section elementor-top-section elementor-element elementor-element-4d9f341d elementor-section-boxed elementor-section-height-default elementor-section-height-default\" data-id=\"4d9f341d\" data-element_type=\"section\" data-e-type=\"section\" data-settings=\"{&quot;background_background&quot;:&quot;classic&quot;}\">\n\t\t\t\t\t\t\t<div class=\"elementor-background-overlay\"><\/div>\n\t\t\t\t\t\t\t<div class=\"elementor-container elementor-column-gap-default\">\n\t\t\t\t\t<div class=\"elementor-column elementor-col-100 elementor-top-column elementor-element elementor-element-8cc621\" data-id=\"8cc621\" data-element_type=\"column\" data-e-type=\"column\">\n\t\t\t<div class=\"elementor-widget-wrap elementor-element-populated\">\n\t\t\t\t\t\t<div class=\"elementor-element elementor-element-26ce84b1 elementor-widget elementor-widget-heading\" data-id=\"26ce84b1\" data-element_type=\"widget\" data-e-type=\"widget\" data-widget_type=\"heading.default\">\n\t\t\t\t<div class=\"elementor-widget-container\">\n\t\t\t\t\t<h1 class=\"elementor-heading-title elementor-size-default\">Revis\u00e3o da imprensa<\/h1>\t\t\t\t<\/div>\n\t\t\t\t<\/div>\n\t\t\t\t\t<\/div>\n\t\t<\/div>\n\t\t\t\t\t<\/div>\n\t\t<\/section>\n\t\t<div class=\"elementor-element elementor-element-cf186a2 e-flex e-con-boxed e-con e-parent\" data-id=\"cf186a2\" data-element_type=\"container\" data-e-type=\"container\">\n\t\t\t\t\t<div class=\"e-con-inner\">\n\t\t\t\t<div class=\"elementor-element elementor-element-384ceb2 elementor-widget-divider--view-line elementor-widget elementor-widget-divider\" data-id=\"384ceb2\" data-element_type=\"widget\" data-e-type=\"widget\" data-widget_type=\"divider.default\">\n\t\t\t\t<div class=\"elementor-widget-container\">\n\t\t\t\t\t\t\t<div class=\"elementor-divider\">\n\t\t\t<span class=\"elementor-divider-separator\">\n\t\t\t\t\t\t<\/span>\n\t\t<\/div>\n\t\t\t\t\t\t<\/div>\n\t\t\t\t<\/div>\n\t\t\t\t<div class=\"elementor-element elementor-element-b64e223 elementor-widget-divider--view-line elementor-widget elementor-widget-divider\" data-id=\"b64e223\" data-element_type=\"widget\" data-e-type=\"widget\" data-widget_type=\"divider.default\">\n\t\t\t\t<div class=\"elementor-widget-container\">\n\t\t\t\t\t\t\t<div class=\"elementor-divider\">\n\t\t\t<span class=\"elementor-divider-separator\">\n\t\t\t\t\t\t<\/span>\n\t\t<\/div>\n\t\t\t\t\t\t<\/div>\n\t\t\t\t<\/div>\n\t\t\t\t<div class=\"elementor-element elementor-element-6b7314c elementor-widget elementor-widget-heading\" data-id=\"6b7314c\" data-element_type=\"widget\" data-e-type=\"widget\" data-widget_type=\"heading.default\">\n\t\t\t\t<div class=\"elementor-widget-container\">\n\t\t\t\t\t<h2 class=\"elementor-heading-title elementor-size-default\">Coment\u00e1rios de leitores do monbestseller.com<\/h2>\t\t\t\t<\/div>\n\t\t\t\t<\/div>\n\t\t\t\t<div class=\"elementor-element elementor-element-fdfcde9 elementor-widget elementor-widget-spacer\" data-id=\"fdfcde9\" data-element_type=\"widget\" data-e-type=\"widget\" data-widget_type=\"spacer.default\">\n\t\t\t\t<div class=\"elementor-widget-container\">\n\t\t\t\t\t\t\t<div class=\"elementor-spacer\">\n\t\t\t<div class=\"elementor-spacer-inner\"><\/div>\n\t\t<\/div>\n\t\t\t\t\t\t<\/div>\n\t\t\t\t<\/div>\n\t\t\t\t<div class=\"elementor-element elementor-element-761aef2 elementor-widget elementor-widget-text-editor\" data-id=\"761aef2\" data-element_type=\"widget\" data-e-type=\"widget\" data-widget_type=\"text-editor.default\">\n\t\t\t\t<div class=\"elementor-widget-container\">\n\t\t\t\t\t\t\t\t\t<p>Convido-o a dar uma olhada nos livros que j\u00e1 foram publicados e nos muitos coment\u00e1rios positivos que foram feitos sobre cada livro.<\/p>\n<p>Gostaria de deixar claro que esses coment\u00e1rios n\u00e3o s\u00e3o fruto da minha imagina\u00e7\u00e3o, do meu ego ou mesmo de uma mistura inteligente dos dois.<\/p>\n<p>Nem nenhum amigo ou familiar solid\u00e1rio&#8230;<\/p>\n<p>Como uma verifica\u00e7\u00e3o leg\u00edtima, voc\u00ea pode visitar o site monbestseller.com, onde inicialmente coloquei as vers\u00f5es de texto completo dos livros dispon\u00edveis para leitura gratuita (agora est\u00e3o dispon\u00edveis extratos). <\/p>\n<p>Os coment\u00e1rios s\u00e3o dos autores e leitores deste site. <\/p>\n<p>Aqui est\u00e3o os respectivos links para cada livro, para que voc\u00ea possa verificar por si mesmo, se necess\u00e1rio: <\/p>\n<p><a href=\"https:\/\/www.monbestseller.com\/manuscrit\/13910-la-reelle-histoire-de-lhumanite-et-de-dieu-tome-1-la-revelation-de-la-genese\">https:\/\/www.monbestseller.com\/manuscrit\/13910-la-reelle-histoire-de-lhumanite-et-de-dieu-tome-1-la-revelation-de-la-genese<\/a><\/p>\n<p><a href=\"https:\/\/www.monbestseller.com\/manuscrit\/18505-le-dechiffrage-du-langage-des-cavernes\">https:\/\/www.monbestseller.com\/manuscrit\/18505-le-dechiffrage-du-langage-des-cavernes<\/a><\/p>\n<p><a href=\"https:\/\/www.monbestseller.com\/manuscrit\/19429-les-temples-megalithiques-de-malte-gobekli-tepe-et-stonehenge\">https:\/\/www.monbestseller.com\/manuscrit\/19429-les-temples-megalithiques-de-malte-gobekli-tepe-et-stonehenge<\/a><\/p>\n\t\t\t\t\t\t\t\t<\/div>\n\t\t\t\t<\/div>\n\t\t\t\t<div class=\"elementor-element elementor-element-171c2fe elementor-widget elementor-widget-spacer\" data-id=\"171c2fe\" data-element_type=\"widget\" data-e-type=\"widget\" data-widget_type=\"spacer.default\">\n\t\t\t\t<div class=\"elementor-widget-container\">\n\t\t\t\t\t\t\t<div class=\"elementor-spacer\">\n\t\t\t<div class=\"elementor-spacer-inner\"><\/div>\n\t\t<\/div>\n\t\t\t\t\t\t<\/div>\n\t\t\t\t<\/div>\n\t\t\t\t<div class=\"elementor-element elementor-element-9260e60 elementor-widget elementor-widget-heading\" data-id=\"9260e60\" data-element_type=\"widget\" data-e-type=\"widget\" data-widget_type=\"heading.default\">\n\t\t\t\t<div class=\"elementor-widget-container\">\n\t\t\t\t\t<h2 class=\"elementor-heading-title elementor-size-default\">Boletim informativo bimestral \"movimentos religiosos\". Mr Blandre. Diretor de publica\u00e7\u00e3o. Professor de hist\u00f3ria<\/h2>\t\t\t\t<\/div>\n\t\t\t\t<\/div>\n\t\t\t\t<div class=\"elementor-element elementor-element-6bfc5a3 elementor-widget elementor-widget-spacer\" data-id=\"6bfc5a3\" data-element_type=\"widget\" data-e-type=\"widget\" data-widget_type=\"spacer.default\">\n\t\t\t\t<div class=\"elementor-widget-container\">\n\t\t\t\t\t\t\t<div class=\"elementor-spacer\">\n\t\t\t<div class=\"elementor-spacer-inner\"><\/div>\n\t\t<\/div>\n\t\t\t\t\t\t<\/div>\n\t\t\t\t<\/div>\n\t\t\t\t<div class=\"elementor-element elementor-element-a86ce1d elementor-widget elementor-widget-text-editor\" data-id=\"a86ce1d\" data-element_type=\"widget\" data-e-type=\"widget\" data-widget_type=\"text-editor.default\">\n\t\t\t\t<div class=\"elementor-widget-container\">\n\t\t\t\t\t\t\t\t\t<p>Meu \u00faltimo livro, intitulado &#8220;Le d\u00e9chiffrage du langage des cavernes&#8221; (que demonstra que as pinturas rupestres (animais e sinais) do Paleol\u00edtico Superior correspondem \u00e0 linguagem ideogr\u00e1fica proto-sumeriana).<\/p>\n<p><blockquote class=\"wp-embedded-content\" data-secret=\"1fXTrF5lDF\"><a href=\"https:\/\/www.yvar-bregeant.com\/le-dechiffrage-du-language-des-cavernes\/\">Le d\u00e9chiffrage du language des cavernes<\/a><\/blockquote><iframe class=\"wp-embedded-content\" sandbox=\"allow-scripts\" security=\"restricted\" style=\"position: absolute; clip: rect(1px, 1px, 1px, 1px);\" title=\"\u00ab\u00a0Le d\u00e9chiffrage du language des cavernes\u00a0\u00bb &#8212; Yvar Bregeant\" src=\"https:\/\/www.yvar-bregeant.com\/le-dechiffrage-du-language-des-cavernes\/embed\/#?secret=qRl73ccWxp#?secret=1fXTrF5lDF\" data-secret=\"1fXTrF5lDF\" width=\"600\" height=\"338\" frameborder=\"0\" marginwidth=\"0\" marginheight=\"0\" scrolling=\"no\"><\/iframe><\/p>\n<p>foi objeto de uma leitura exaustiva, seguida de um resumo nas p\u00e1ginas 19 a 24 da edi\u00e7\u00e3o de setembro e outubro.<\/p>\n<p>Convido voc\u00ea a consult\u00e1-lo aqui:<\/p>\n<p><a href=\"https:\/\/www.yvar-bregeant.com\/wp-content\/uploads\/2023\/11\/BULLETIN-MOUVEMENTS-RELIGIEUX-DE-SEPTEMBRE-OCTOBRE-2023.pdf\">BOLETIM MOVIMENTOS RELIGIOSOS SETEMBRO OUTUBRO 2023<\/a><\/p>\n<p>Ap\u00f3s essa publica\u00e7\u00e3o, simplesmente entrei em contato com o Sr. BLANDRE para corrigir seu ponto de vista sobre minhas cren\u00e7as pessoais:<\/p>\n<p>Infelizmente, ele concluiu, com base em meus escritos, que fa\u00e7o parte do que ele descreve como esoterismo e que neguei minha f\u00e9 crist\u00e3 inicial.<\/p>\n<p>O que \u00e9 um erro, pois sou (e continuo sendo) crist\u00e3o.<\/p>\n<p>O fato de minha pesquisa ter me levado a identificar a verdadeira natureza da religi\u00e3o pr\u00e9-hist\u00f3rica original n\u00e3o significa que eu a adote. <\/p>\n<p>Simplesmente tento, quando chego ao cerne do assunto, a an\u00e1lise, sempre apresentar o material de forma neutra e acad\u00eamica, uma neutralidade que pode levar o leitor a pensar que apoio a vis\u00e3o mitol\u00f3gica em vez da vers\u00e3o b\u00edblica.<\/p>\n<p>\u00c9 somente nas introdu\u00e7\u00f5es ou conclus\u00f5es de meus livros ou em meu site que declaro minhas cren\u00e7as e minha escolha pessoal ou ponto de vista. Espero que eles sejam claros o suficiente para entender que sou crist\u00e3o de cora\u00e7\u00e3o, na vida e no esp\u00edrito, mesmo que, mais uma vez, eu tente desconsiderar totalmente meu ponto de vista no desenvolvimento dos livros* e de seus respectivos assuntos.<\/p>\n<p>H\u00e1 outros aspectos que se op\u00f5em \u00e0 observa\u00e7\u00e3o e \u00e0 an\u00e1lise do Sr. BLANDRE, mas n\u00e3o quero entrar em uma pol\u00eamica aqui. Estou convencido de que minha escrita gradualmente falar\u00e1 por mim. <\/p>\n<p>Nossas discuss\u00f5es continuam de maneira muito cordial e, sem d\u00favida, farei um direito de resposta sobre essa quest\u00e3o da minha f\u00e9 pessoal, no in\u00edcio de 2024, em uma edi\u00e7\u00e3o futura do boletim informativo. Al\u00e9m disso, esse artigo \u00e9 bastante elogioso a meu respeito, pelo que agrade\u00e7o ao Sr. BLANDRE, tanto por seu interesse em minha pesquisa quanto por seu \u00f3bvio e sincero esfor\u00e7o para sintetizar o fruto de meu trabalho, que \u00e9, convenhamos, bastante substancial.<\/p>\n\t\t\t\t\t\t\t\t<\/div>\n\t\t\t\t<\/div>\n\t\t\t\t\t<\/div>\n\t\t\t\t<\/div>\n\t\t\t\t<\/div>\n\t\t","protected":false},"excerpt":{"rendered":"<p>Revis\u00e3o da imprensa Coment\u00e1rios de leitores do monbestseller.com Convido-o a dar uma olhada nos livros que j\u00e1 foram publicados e nos muitos coment\u00e1rios positivos que foram feitos sobre cada livro. Gostaria de deixar claro que esses coment\u00e1rios n\u00e3o s\u00e3o fruto da minha imagina\u00e7\u00e3o, do meu ego ou mesmo de uma mistura inteligente dos dois. Nem [&hellip;]<\/p>\n","protected":false},"author":4,"featured_media":4705,"parent":0,"menu_order":0,"comment_status":"closed","ping_status":"closed","template":"elementor_header_footer","meta":{"footnotes":""},"class_list":["post-17978","page","type-page","status-publish","has-post-thumbnail","hentry"],"yoast_head":"<!-- This site is optimized with the Yoast SEO plugin v27.4 - https:\/\/yoast.com\/product\/yoast-seo-wordpress\/ -->\n<title>Como descobrir a verdadeira hist\u00f3ria das religi\u00f5es da humanidade<\/title>\n<meta name=\"description\" content=\"Como podemos descobrir as verdadeiras origens e a hist\u00f3ria das religi\u00f5es da humanidade? Leia o pref\u00e1cio da s\u00e9rie liter\u00e1ria de Yvar Bregeant\" \/>\n<meta name=\"robots\" content=\"index, follow, max-snippet:-1, max-image-preview:large, max-video-preview:-1\" \/>\n<link rel=\"canonical\" href=\"https:\/\/www.yvar-bregeant.com\/pt-pt\/prefacio-revisao-da-imprensa-2\/\" \/>\n<meta property=\"og:locale\" content=\"pt_PT\" \/>\n<meta property=\"og:type\" content=\"article\" \/>\n<meta property=\"og:title\" content=\"Como descobrir a verdadeira hist\u00f3ria das religi\u00f5es da humanidade\" \/>\n<meta property=\"og:description\" content=\"Como podemos descobrir as verdadeiras origens e a hist\u00f3ria das religi\u00f5es da humanidade? Leia o pref\u00e1cio da s\u00e9rie liter\u00e1ria de Yvar Bregeant\" \/>\n<meta property=\"og:url\" content=\"https:\/\/www.yvar-bregeant.com\/pt-pt\/prefacio-revisao-da-imprensa-2\/\" \/>\n<meta property=\"og:site_name\" content=\"Yvar Bregeant\" \/>\n<meta property=\"article:publisher\" content=\"https:\/\/www.facebook.com\/profile.php?id=61553731625098\" \/>\n<meta property=\"article:modified_time\" content=\"2024-03-26T17:44:05+00:00\" \/>\n<meta property=\"og:image\" content=\"https:\/\/www.yvar-bregeant.com\/wp-content\/uploads\/2023\/12\/Logo-de-presentation-onglet-structuration-1.jpg\" \/>\n\t<meta property=\"og:image:width\" content=\"612\" \/>\n\t<meta property=\"og:image:height\" content=\"586\" \/>\n\t<meta property=\"og:image:type\" content=\"image\/jpeg\" \/>\n<meta name=\"twitter:card\" content=\"summary_large_image\" \/>\n<meta name=\"twitter:label1\" content=\"Tempo estimado de leitura\" \/>\n\t<meta name=\"twitter:data1\" content=\"100 minutos\" \/>\n<script type=\"application\/ld+json\" class=\"yoast-schema-graph\">{\"@context\":\"https:\\\/\\\/schema.org\",\"@graph\":[{\"@type\":\"WebPage\",\"@id\":\"https:\\\/\\\/www.yvar-bregeant.com\\\/pt-pt\\\/prefacio-revisao-da-imprensa-2\\\/\",\"url\":\"https:\\\/\\\/www.yvar-bregeant.com\\\/pt-pt\\\/prefacio-revisao-da-imprensa-2\\\/\",\"name\":\"Como descobrir a verdadeira hist\u00f3ria das religi\u00f5es da humanidade\",\"isPartOf\":{\"@id\":\"https:\\\/\\\/www.yvar-bregeant.com\\\/pt-pt\\\/#website\"},\"primaryImageOfPage\":{\"@id\":\"https:\\\/\\\/www.yvar-bregeant.com\\\/pt-pt\\\/prefacio-revisao-da-imprensa-2\\\/#primaryimage\"},\"image\":{\"@id\":\"https:\\\/\\\/www.yvar-bregeant.com\\\/pt-pt\\\/prefacio-revisao-da-imprensa-2\\\/#primaryimage\"},\"thumbnailUrl\":\"https:\\\/\\\/www.yvar-bregeant.com\\\/wp-content\\\/uploads\\\/2023\\\/12\\\/Logo-de-presentation-onglet-structuration-1.jpg\",\"datePublished\":\"2024-03-24T10:08:31+00:00\",\"dateModified\":\"2024-03-26T17:44:05+00:00\",\"description\":\"Como podemos descobrir as verdadeiras origens e a hist\u00f3ria das religi\u00f5es da humanidade? Leia o pref\u00e1cio da s\u00e9rie liter\u00e1ria de Yvar Bregeant\",\"breadcrumb\":{\"@id\":\"https:\\\/\\\/www.yvar-bregeant.com\\\/pt-pt\\\/prefacio-revisao-da-imprensa-2\\\/#breadcrumb\"},\"inLanguage\":\"pt-PT\",\"potentialAction\":[{\"@type\":\"ReadAction\",\"target\":[\"https:\\\/\\\/www.yvar-bregeant.com\\\/pt-pt\\\/prefacio-revisao-da-imprensa-2\\\/\"]}]},{\"@type\":\"ImageObject\",\"inLanguage\":\"pt-PT\",\"@id\":\"https:\\\/\\\/www.yvar-bregeant.com\\\/pt-pt\\\/prefacio-revisao-da-imprensa-2\\\/#primaryimage\",\"url\":\"https:\\\/\\\/www.yvar-bregeant.com\\\/wp-content\\\/uploads\\\/2023\\\/12\\\/Logo-de-presentation-onglet-structuration-1.jpg\",\"contentUrl\":\"https:\\\/\\\/www.yvar-bregeant.com\\\/wp-content\\\/uploads\\\/2023\\\/12\\\/Logo-de-presentation-onglet-structuration-1.jpg\",\"width\":612,\"height\":586},{\"@type\":\"BreadcrumbList\",\"@id\":\"https:\\\/\\\/www.yvar-bregeant.com\\\/pt-pt\\\/prefacio-revisao-da-imprensa-2\\\/#breadcrumb\",\"itemListElement\":[{\"@type\":\"ListItem\",\"position\":1,\"name\":\"Accueil\",\"item\":\"https:\\\/\\\/www.yvar-bregeant.com\\\/pt-pt\\\/\"},{\"@type\":\"ListItem\",\"position\":2,\"name\":\"Revis\u00e3o da imprensa\"}]},{\"@type\":\"WebSite\",\"@id\":\"https:\\\/\\\/www.yvar-bregeant.com\\\/pt-pt\\\/#website\",\"url\":\"https:\\\/\\\/www.yvar-bregeant.com\\\/pt-pt\\\/\",\"name\":\"Yvar Bregeant\",\"description\":\"\",\"publisher\":{\"@id\":\"https:\\\/\\\/www.yvar-bregeant.com\\\/pt-pt\\\/#organization\"},\"potentialAction\":[{\"@type\":\"SearchAction\",\"target\":{\"@type\":\"EntryPoint\",\"urlTemplate\":\"https:\\\/\\\/www.yvar-bregeant.com\\\/pt-pt\\\/?s={search_term_string}\"},\"query-input\":{\"@type\":\"PropertyValueSpecification\",\"valueRequired\":true,\"valueName\":\"search_term_string\"}}],\"inLanguage\":\"pt-PT\"},{\"@type\":\"Organization\",\"@id\":\"https:\\\/\\\/www.yvar-bregeant.com\\\/pt-pt\\\/#organization\",\"name\":\"Yvar Bregeant\",\"url\":\"https:\\\/\\\/www.yvar-bregeant.com\\\/pt-pt\\\/\",\"logo\":{\"@type\":\"ImageObject\",\"inLanguage\":\"pt-PT\",\"@id\":\"https:\\\/\\\/www.yvar-bregeant.com\\\/pt-pt\\\/#\\\/schema\\\/logo\\\/image\\\/\",\"url\":\"https:\\\/\\\/www.yvar-bregeant.com\\\/wp-content\\\/uploads\\\/2023\\\/12\\\/Logo-de-presentation-onglet-structuration-russe.jpg\",\"contentUrl\":\"https:\\\/\\\/www.yvar-bregeant.com\\\/wp-content\\\/uploads\\\/2023\\\/12\\\/Logo-de-presentation-onglet-structuration-russe.jpg\",\"width\":612,\"height\":586,\"caption\":\"Yvar Bregeant\"},\"image\":{\"@id\":\"https:\\\/\\\/www.yvar-bregeant.com\\\/pt-pt\\\/#\\\/schema\\\/logo\\\/image\\\/\"},\"sameAs\":[\"https:\\\/\\\/www.facebook.com\\\/profile.php?id=61553731625098\"]}]}<\/script>\n<!-- \/ Yoast SEO plugin. -->","yoast_head_json":{"title":"Como descobrir a verdadeira hist\u00f3ria das religi\u00f5es da humanidade","description":"Como podemos descobrir as verdadeiras origens e a hist\u00f3ria das religi\u00f5es da humanidade? Leia o pref\u00e1cio da s\u00e9rie liter\u00e1ria de Yvar Bregeant","robots":{"index":"index","follow":"follow","max-snippet":"max-snippet:-1","max-image-preview":"max-image-preview:large","max-video-preview":"max-video-preview:-1"},"canonical":"https:\/\/www.yvar-bregeant.com\/pt-pt\/prefacio-revisao-da-imprensa-2\/","og_locale":"pt_PT","og_type":"article","og_title":"Como descobrir a verdadeira hist\u00f3ria das religi\u00f5es da humanidade","og_description":"Como podemos descobrir as verdadeiras origens e a hist\u00f3ria das religi\u00f5es da humanidade? Leia o pref\u00e1cio da s\u00e9rie liter\u00e1ria de Yvar Bregeant","og_url":"https:\/\/www.yvar-bregeant.com\/pt-pt\/prefacio-revisao-da-imprensa-2\/","og_site_name":"Yvar Bregeant","article_publisher":"https:\/\/www.facebook.com\/profile.php?id=61553731625098","article_modified_time":"2024-03-26T17:44:05+00:00","og_image":[{"width":612,"height":586,"url":"https:\/\/www.yvar-bregeant.com\/wp-content\/uploads\/2023\/12\/Logo-de-presentation-onglet-structuration-1.jpg","type":"image\/jpeg"}],"twitter_card":"summary_large_image","twitter_misc":{"Tempo estimado de leitura":"100 minutos"},"schema":{"@context":"https:\/\/schema.org","@graph":[{"@type":"WebPage","@id":"https:\/\/www.yvar-bregeant.com\/pt-pt\/prefacio-revisao-da-imprensa-2\/","url":"https:\/\/www.yvar-bregeant.com\/pt-pt\/prefacio-revisao-da-imprensa-2\/","name":"Como descobrir a verdadeira hist\u00f3ria das religi\u00f5es da humanidade","isPartOf":{"@id":"https:\/\/www.yvar-bregeant.com\/pt-pt\/#website"},"primaryImageOfPage":{"@id":"https:\/\/www.yvar-bregeant.com\/pt-pt\/prefacio-revisao-da-imprensa-2\/#primaryimage"},"image":{"@id":"https:\/\/www.yvar-bregeant.com\/pt-pt\/prefacio-revisao-da-imprensa-2\/#primaryimage"},"thumbnailUrl":"https:\/\/www.yvar-bregeant.com\/wp-content\/uploads\/2023\/12\/Logo-de-presentation-onglet-structuration-1.jpg","datePublished":"2024-03-24T10:08:31+00:00","dateModified":"2024-03-26T17:44:05+00:00","description":"Como podemos descobrir as verdadeiras origens e a hist\u00f3ria das religi\u00f5es da humanidade? Leia o pref\u00e1cio da s\u00e9rie liter\u00e1ria de Yvar Bregeant","breadcrumb":{"@id":"https:\/\/www.yvar-bregeant.com\/pt-pt\/prefacio-revisao-da-imprensa-2\/#breadcrumb"},"inLanguage":"pt-PT","potentialAction":[{"@type":"ReadAction","target":["https:\/\/www.yvar-bregeant.com\/pt-pt\/prefacio-revisao-da-imprensa-2\/"]}]},{"@type":"ImageObject","inLanguage":"pt-PT","@id":"https:\/\/www.yvar-bregeant.com\/pt-pt\/prefacio-revisao-da-imprensa-2\/#primaryimage","url":"https:\/\/www.yvar-bregeant.com\/wp-content\/uploads\/2023\/12\/Logo-de-presentation-onglet-structuration-1.jpg","contentUrl":"https:\/\/www.yvar-bregeant.com\/wp-content\/uploads\/2023\/12\/Logo-de-presentation-onglet-structuration-1.jpg","width":612,"height":586},{"@type":"BreadcrumbList","@id":"https:\/\/www.yvar-bregeant.com\/pt-pt\/prefacio-revisao-da-imprensa-2\/#breadcrumb","itemListElement":[{"@type":"ListItem","position":1,"name":"Accueil","item":"https:\/\/www.yvar-bregeant.com\/pt-pt\/"},{"@type":"ListItem","position":2,"name":"Revis\u00e3o da imprensa"}]},{"@type":"WebSite","@id":"https:\/\/www.yvar-bregeant.com\/pt-pt\/#website","url":"https:\/\/www.yvar-bregeant.com\/pt-pt\/","name":"Yvar Bregeant","description":"","publisher":{"@id":"https:\/\/www.yvar-bregeant.com\/pt-pt\/#organization"},"potentialAction":[{"@type":"SearchAction","target":{"@type":"EntryPoint","urlTemplate":"https:\/\/www.yvar-bregeant.com\/pt-pt\/?s={search_term_string}"},"query-input":{"@type":"PropertyValueSpecification","valueRequired":true,"valueName":"search_term_string"}}],"inLanguage":"pt-PT"},{"@type":"Organization","@id":"https:\/\/www.yvar-bregeant.com\/pt-pt\/#organization","name":"Yvar Bregeant","url":"https:\/\/www.yvar-bregeant.com\/pt-pt\/","logo":{"@type":"ImageObject","inLanguage":"pt-PT","@id":"https:\/\/www.yvar-bregeant.com\/pt-pt\/#\/schema\/logo\/image\/","url":"https:\/\/www.yvar-bregeant.com\/wp-content\/uploads\/2023\/12\/Logo-de-presentation-onglet-structuration-russe.jpg","contentUrl":"https:\/\/www.yvar-bregeant.com\/wp-content\/uploads\/2023\/12\/Logo-de-presentation-onglet-structuration-russe.jpg","width":612,"height":586,"caption":"Yvar Bregeant"},"image":{"@id":"https:\/\/www.yvar-bregeant.com\/pt-pt\/#\/schema\/logo\/image\/"},"sameAs":["https:\/\/www.facebook.com\/profile.php?id=61553731625098"]}]}},"_links":{"self":[{"href":"https:\/\/www.yvar-bregeant.com\/pt-pt\/wp-json\/wp\/v2\/pages\/17978","targetHints":{"allow":["GET"]}}],"collection":[{"href":"https:\/\/www.yvar-bregeant.com\/pt-pt\/wp-json\/wp\/v2\/pages"}],"about":[{"href":"https:\/\/www.yvar-bregeant.com\/pt-pt\/wp-json\/wp\/v2\/types\/page"}],"author":[{"embeddable":true,"href":"https:\/\/www.yvar-bregeant.com\/pt-pt\/wp-json\/wp\/v2\/users\/4"}],"replies":[{"embeddable":true,"href":"https:\/\/www.yvar-bregeant.com\/pt-pt\/wp-json\/wp\/v2\/comments?post=17978"}],"version-history":[{"count":1,"href":"https:\/\/www.yvar-bregeant.com\/pt-pt\/wp-json\/wp\/v2\/pages\/17978\/revisions"}],"predecessor-version":[{"id":18337,"href":"https:\/\/www.yvar-bregeant.com\/pt-pt\/wp-json\/wp\/v2\/pages\/17978\/revisions\/18337"}],"wp:featuredmedia":[{"embeddable":true,"href":"https:\/\/www.yvar-bregeant.com\/pt-pt\/wp-json\/wp\/v2\/media\/4705"}],"wp:attachment":[{"href":"https:\/\/www.yvar-bregeant.com\/pt-pt\/wp-json\/wp\/v2\/media?parent=17978"}],"curies":[{"name":"wp","href":"https:\/\/api.w.org\/{rel}","templated":true}]}}