{"id":18489,"date":"2024-03-28T19:43:41","date_gmt":"2024-03-28T18:43:41","guid":{"rendered":"https:\/\/www.yvar-bregeant.com\/?page_id=18489"},"modified":"2025-04-04T18:26:43","modified_gmt":"2025-04-04T17:26:43","slug":"livros-ja-publicados-2","status":"publish","type":"page","link":"https:\/\/www.yvar-bregeant.com\/pt-pt\/livros-ja-publicados-2\/","title":{"rendered":"Minha pol\u00edtica de disponibiliza\u00e7\u00e3o da minha pesquisa"},"content":{"rendered":"\t\t<div data-elementor-type=\"wp-page\" data-elementor-id=\"18489\" class=\"elementor elementor-18489 elementor-18484\" data-elementor-post-type=\"page\">\n\t\t\t\t\t\t<section class=\"elementor-section elementor-top-section elementor-element elementor-element-4135eb54 elementor-section-boxed elementor-section-height-default elementor-section-height-default\" data-id=\"4135eb54\" data-element_type=\"section\" data-e-type=\"section\" data-settings=\"{&quot;background_background&quot;:&quot;classic&quot;}\">\n\t\t\t\t\t\t\t<div class=\"elementor-background-overlay\"><\/div>\n\t\t\t\t\t\t\t<div class=\"elementor-container elementor-column-gap-default\">\n\t\t\t\t\t<div class=\"elementor-column elementor-col-100 elementor-top-column elementor-element elementor-element-43041edf\" data-id=\"43041edf\" data-element_type=\"column\" data-e-type=\"column\">\n\t\t\t<div class=\"elementor-widget-wrap elementor-element-populated\">\n\t\t\t\t\t\t<div class=\"elementor-element elementor-element-792a7221 elementor-widget elementor-widget-heading\" data-id=\"792a7221\" data-element_type=\"widget\" data-e-type=\"widget\" data-widget_type=\"heading.default\">\n\t\t\t\t<div class=\"elementor-widget-container\">\n\t\t\t\t\t<h1 class=\"elementor-heading-title elementor-size-default\">Minha pol\u00edtica de disponibiliza\u00e7\u00e3o da minha pesquisa<\/h1>\t\t\t\t<\/div>\n\t\t\t\t<\/div>\n\t\t\t\t<div class=\"elementor-element elementor-element-6a323ba elementor-widget elementor-widget-spacer\" data-id=\"6a323ba\" data-element_type=\"widget\" data-e-type=\"widget\" data-widget_type=\"spacer.default\">\n\t\t\t\t<div class=\"elementor-widget-container\">\n\t\t\t\t\t\t\t<div class=\"elementor-spacer\">\n\t\t\t<div class=\"elementor-spacer-inner\"><\/div>\n\t\t<\/div>\n\t\t\t\t\t\t<\/div>\n\t\t\t\t<\/div>\n\t\t\t\t<div class=\"elementor-element elementor-element-054249f elementor-widget elementor-widget-spacer\" data-id=\"054249f\" data-element_type=\"widget\" data-e-type=\"widget\" data-widget_type=\"spacer.default\">\n\t\t\t\t<div class=\"elementor-widget-container\">\n\t\t\t\t\t\t\t<div class=\"elementor-spacer\">\n\t\t\t<div class=\"elementor-spacer-inner\"><\/div>\n\t\t<\/div>\n\t\t\t\t\t\t<\/div>\n\t\t\t\t<\/div>\n\t\t\t\t\t<\/div>\n\t\t<\/div>\n\t\t\t\t\t<\/div>\n\t\t<\/section>\n\t\t\t\t<section class=\"elementor-section elementor-top-section elementor-element elementor-element-9993bf9 elementor-section-boxed elementor-section-height-default elementor-section-height-default\" data-id=\"9993bf9\" data-element_type=\"section\" data-e-type=\"section\" data-settings=\"{&quot;background_background&quot;:&quot;gradient&quot;}\">\n\t\t\t\t\t\t<div class=\"elementor-container elementor-column-gap-no\">\n\t\t\t\t\t<div class=\"elementor-column elementor-col-100 elementor-top-column elementor-element elementor-element-22ab6e5\" data-id=\"22ab6e5\" data-element_type=\"column\" data-e-type=\"column\">\n\t\t\t<div class=\"elementor-widget-wrap elementor-element-populated\">\n\t\t\t\t\t\t<div class=\"elementor-element elementor-element-2893092 elementor-widget elementor-widget-html\" data-id=\"2893092\" data-element_type=\"widget\" data-e-type=\"widget\" data-widget_type=\"html.default\">\n\t\t\t\t<div class=\"elementor-widget-container\">\n\t\t\t\t\t<a href=\"https:\/\/fr.tipeee.com\/yvar-bregeant\" class=\"tipeee-goal-block\" data-color=\"blue\">Suporte a yvar bregeant no Tipeee<\/a>\r\n<script async=\"\" src=\"https:\/\/plugin.tipeee.com\/widget.js\" charset=\"utf-8\"><\/script>\t\t\t\t<\/div>\n\t\t\t\t<\/div>\n\t\t<div class=\"elementor-element elementor-element-0f2954c e-con-full e-flex e-con e-parent\" data-id=\"0f2954c\" data-element_type=\"container\" data-e-type=\"container\" data-settings=\"{&quot;background_background&quot;:&quot;classic&quot;}\">\n\t\t\t\t<div class=\"elementor-element elementor-element-1f03338 elementor-widget elementor-widget-text-editor\" data-id=\"1f03338\" data-element_type=\"widget\" data-e-type=\"widget\" data-widget_type=\"text-editor.default\">\n\t\t\t\t<div class=\"elementor-widget-container\">\n\t\t\t\t\t\t\t\t\t<p>Considero que a investiga\u00e7\u00e3o que realizei \u00e9 de interesse p\u00fablico e, como tal, ultrapassa largamente os meus interesses pessoais.<\/p><p>\u00c9 por isso que eu queria disponibilizar todas as minhas publica\u00e7\u00f5es (livros, artigos e v\u00eddeos) on-line gratuitamente.<\/p><p>Sou movido por um desejo sincero de compartilhar conhecimentos que acredito serem muito \u00fateis para entender nossa hist\u00f3ria, nossas origens e nossas cren\u00e7as.<\/p><p>\u00c9 por isso que, no passado, fiz um esfor\u00e7o sincero para colocar todos os meus livros on-line na forma de artigos, divididos em cap\u00edtulos. <br>Voc\u00ea pode ver isso por si mesmo visitando o site :<\/p><p><strong><a href=\"https:\/\/www.yvar-bregeant.com\/pt-pt\/ler-online\/\">ARTIGOS <\/a><\/strong><\/p><p>No entanto, como todos os outros, enfrento restri\u00e7\u00f5es financeiras e falta de tempo para concluir todo o meu projeto, embora toda a minha pesquisa tenha sido finalizada e agora seja apenas uma quest\u00e3o de mont\u00e1-la.<\/p><p>Cheguei \u00e0 conclus\u00e3o de que a \u00fanica maneira de continuar esse trabalho \u00e9 financi\u00e1-lo por meio da venda de meus livros.<\/p><p>Tamb\u00e9m espero encontrar uma editora de boa reputa\u00e7\u00e3o em breve, para que meu trabalho possa ser distribu\u00eddo de forma muito mais ampla.<\/p><p>Nesse sentido, estou absolutamente convencido de que o Volume 2 e cada um de seus 10 livros despertar\u00e3o enorme interesse.<\/p><p>Enquanto isso, recomendo enfaticamente que voc\u00ea leia o livro digital, pois isso n\u00e3o mudar\u00e1 nada em termos de seu valor pr\u00e1tico:<\/p><ul><li>O resumo digital do livro lhe d\u00e1 acesso imediato \u00e0 parte do livro que lhe interessa.<\/li><li>Acesso imediato a um grande n\u00famero de refer\u00eancias e notas de rodap\u00e9 que ap\u00f3iam os argumentos desenvolvidos no texto por meio de links de hipertexto. Isso facilita muito a leitura e a navega\u00e7\u00e3o.<\/li><li>As imagens hierogl\u00edficas tamb\u00e9m est\u00e3o presentes nos livros digitais, o que nem sempre \u00e9 poss\u00edvel nos artigos on-line porque leva muito tempo para que eu as insira manualmente, uma a uma. Eventualmente, s\u00f3 poderei incluir logogramas ou translitera\u00e7\u00f5es de hier\u00f3glifos nos artigos on-line. Esse \u00e9 outro motivo pelo qual o livro em papel ser\u00e1 um desafio, pois a inser\u00e7\u00e3o dos hier\u00f3glifos torna o layout mais complexo.  <\/li><\/ul>\t\t\t\t\t\t\t\t<\/div>\n\t\t\t\t<\/div>\n\t\t\t\t<\/div>\n\t\t\t\t<div class=\"elementor-element elementor-element-a86f541 elementor-widget__width-initial elementor-widget elementor-widget-text-editor\" data-id=\"a86f541\" data-element_type=\"widget\" data-e-type=\"widget\" data-widget_type=\"text-editor.default\">\n\t\t\t\t<div class=\"elementor-widget-container\">\n\t\t\t\t\t\t\t\t\t<p>Visite minha loja na <a href=\"https:\/\/www.yvar-bregeant.com\/pt-pt\/livros-ja-publicados\/\"> LIVROS<\/a>  <\/p><p>E n\u00e3o se esque\u00e7a de me apoiar, inscrevendo-se em minha p\u00e1gina do Facebook e em meu canal do YouTube!<\/p><p><strong>ASSINE AGORA!<\/strong> (CLIQUE NOS \u00cdCONES ABAIXO)<\/p>\t\t\t\t\t\t\t\t<\/div>\n\t\t\t\t<\/div>\n\t\t\t\t<div class=\"elementor-element elementor-element-90769be elementor-shape-rounded elementor-grid-0 e-grid-align-center elementor-widget elementor-widget-social-icons\" data-id=\"90769be\" data-element_type=\"widget\" data-e-type=\"widget\" data-widget_type=\"social-icons.default\">\n\t\t\t\t<div class=\"elementor-widget-container\">\n\t\t\t\t\t\t\t<div class=\"elementor-social-icons-wrapper elementor-grid\" role=\"list\">\n\t\t\t\t\t\t\t<span class=\"elementor-grid-item\" role=\"listitem\">\n\t\t\t\t\t<a class=\"elementor-icon elementor-social-icon elementor-social-icon-facebook elementor-repeater-item-caf1fcc\" href=\"https:\/\/www.facebook.com\/profile.php?id=61553731625098\" target=\"_blank\">\n\t\t\t\t\t\t<span class=\"elementor-screen-only\">Facebook<\/span>\n\t\t\t\t\t\t<i aria-hidden=\"true\" class=\"fab fa-facebook\"><\/i>\t\t\t\t\t<\/a>\n\t\t\t\t<\/span>\n\t\t\t\t\t\t\t<span class=\"elementor-grid-item\" role=\"listitem\">\n\t\t\t\t\t<a class=\"elementor-icon elementor-social-icon elementor-social-icon-youtube elementor-repeater-item-04c1fda\" href=\"https:\/\/www.youtube.com\/channel\/UCghMOgQ5pn4mzwHvtYhrmnw\" target=\"_blank\">\n\t\t\t\t\t\t<span class=\"elementor-screen-only\">Youtube<\/span>\n\t\t\t\t\t\t<i aria-hidden=\"true\" class=\"fab fa-youtube\"><\/i>\t\t\t\t\t<\/a>\n\t\t\t\t<\/span>\n\t\t\t\t\t\t\t<span class=\"elementor-grid-item\" role=\"listitem\">\n\t\t\t\t\t<a class=\"elementor-icon elementor-social-icon elementor-social-icon-jki-shopping-cart1-light elementor-repeater-item-c4f3672\" href=\"https:\/\/laveritablehistoiredesreligionsdelhumanite.myshopify.com\/\" target=\"_blank\">\n\t\t\t\t\t\t<span class=\"elementor-screen-only\">Jki-shopping-cart1-light<\/span>\n\t\t\t\t\t\t<i aria-hidden=\"true\" class=\"jki jki-shopping-cart1-light\"><\/i>\t\t\t\t\t<\/a>\n\t\t\t\t<\/span>\n\t\t\t\t\t\t\t<span class=\"elementor-grid-item\" role=\"listitem\">\n\t\t\t\t\t<a class=\"elementor-icon elementor-social-icon elementor-social-icon-instagram elementor-repeater-item-f3c3a00\" href=\"https:\/\/www.instagram.com\/yvarbregeant\/\" target=\"_blank\">\n\t\t\t\t\t\t<span class=\"elementor-screen-only\">Instagram<\/span>\n\t\t\t\t\t\t<i aria-hidden=\"true\" class=\"fab fa-instagram\"><\/i>\t\t\t\t\t<\/a>\n\t\t\t\t<\/span>\n\t\t\t\t\t<\/div>\n\t\t\t\t\t\t<\/div>\n\t\t\t\t<\/div>\n\t\t\t\t<div class=\"elementor-element elementor-element-b900286 elementor-widget elementor-widget-text-editor\" data-id=\"b900286\" data-element_type=\"widget\" data-e-type=\"widget\" data-widget_type=\"text-editor.default\">\n\t\t\t\t<div class=\"elementor-widget-container\">\n\t\t\t\t\t\t\t\t\t<p>Por fim, lembre-se de que, se eu disponibilizar partes significativas de meus livros neste site gratuitamente, e at\u00e9 mesmo alguns deles na \u00edntegra por enquanto, isso n\u00e3o significa que eles estejam em dom\u00ednio p\u00fablico. <br>De qualquer modo, por enquanto, continuo a ser o \u00fanico propriet\u00e1rio dos meus direitos de autor e, como tal, pe\u00e7o-vos que, no m\u00ednimo, reconhe\u00e7am os frutos do meu trabalho, por exemplo, atrav\u00e9s de poss\u00edveis cita\u00e7\u00f5es, se mencionarem parte do meu trabalho nos vossos pr\u00f3prios escritos. <br>\u00c9 isso que eu sinceramente tento fazer toda vez que cito um autor de refer\u00eancia. Voc\u00ea pode ver isso em minhas notas de rodap\u00e9 e bibliografia. <\/p><p>E assim, como diz o velho ditado :<\/p><p>O C\u00f3digo da Propriedade Intelectual franc\u00eas pro\u00edbe as c\u00f3pias ou reprodu\u00e7\u00f5es para uso coletivo. Qualquer representa\u00e7\u00e3o, total ou parcial, por qualquer processo, sem o consentimento do autor ou dos seus sucessores, \u00e9 ilegal e constitui uma infra\u00e7\u00e3o pun\u00edvel pelos artigos L335-2 e seguintes do C\u00f3digo da Propriedade Intelectual.<\/p><p>Dito isso, espero que voc\u00ea goste da leitura e agrade\u00e7o antecipadamente pelo seu apoio de todas as formas poss\u00edveis!<\/p><p>Yvar<\/p>\t\t\t\t\t\t\t\t<\/div>\n\t\t\t\t<\/div>\n\t\t\t\t\t<\/div>\n\t\t<\/div>\n\t\t\t\t\t<\/div>\n\t\t<\/section>\n\t\t\t\t<\/div>\n\t\t","protected":false},"excerpt":{"rendered":"<p>Minha pol\u00edtica de disponibiliza\u00e7\u00e3o da minha pesquisa Suporte a yvar bregeant no Tipeee Considero que a investiga\u00e7\u00e3o que realizei \u00e9 de interesse p\u00fablico e, como tal, ultrapassa largamente os meus interesses pessoais. \u00c9 por isso que eu queria disponibilizar todas as minhas publica\u00e7\u00f5es (livros, artigos e v\u00eddeos) on-line gratuitamente. Sou movido por um desejo sincero [&hellip;]<\/p>\n","protected":false},"author":4,"featured_media":4705,"parent":0,"menu_order":0,"comment_status":"closed","ping_status":"closed","template":"elementor_header_footer","meta":{"footnotes":""},"class_list":["post-18489","page","type-page","status-publish","has-post-thumbnail","hentry"],"yoast_head":"<!-- This site is optimized with the Yoast SEO plugin v27.5 - https:\/\/yoast.com\/product\/yoast-seo-wordpress\/ -->\n<title>Descobrir os livros de Yvar Bregeant<\/title>\n<meta name=\"description\" content=\"Leia a pol\u00edtica de Yvar Bregeant sobre a disponibiliza\u00e7\u00e3o de sua pesquisa na forma de livros digitais, v\u00eddeos e artigos on-line.\" \/>\n<meta name=\"robots\" content=\"index, follow, max-snippet:-1, max-image-preview:large, max-video-preview:-1\" \/>\n<link rel=\"canonical\" href=\"https:\/\/www.yvar-bregeant.com\/pt-pt\/livros-ja-publicados-2\/\" \/>\n<meta property=\"og:locale\" content=\"pt_PT\" \/>\n<meta property=\"og:type\" content=\"article\" \/>\n<meta property=\"og:title\" content=\"Descobrir os livros de Yvar Bregeant\" \/>\n<meta property=\"og:description\" content=\"Leia a pol\u00edtica de Yvar Bregeant sobre a disponibiliza\u00e7\u00e3o de sua pesquisa na forma de livros digitais, v\u00eddeos e artigos on-line.\" \/>\n<meta property=\"og:url\" content=\"https:\/\/www.yvar-bregeant.com\/pt-pt\/livros-ja-publicados-2\/\" \/>\n<meta property=\"og:site_name\" content=\"Yvar Bregeant\" \/>\n<meta property=\"article:publisher\" content=\"https:\/\/www.facebook.com\/profile.php?id=61553731625098\" \/>\n<meta property=\"article:modified_time\" content=\"2025-04-04T17:26:43+00:00\" \/>\n<meta property=\"og:image\" content=\"https:\/\/www.yvar-bregeant.com\/wp-content\/uploads\/2023\/12\/Logo-de-presentation-onglet-structuration-1.jpg\" \/>\n\t<meta property=\"og:image:width\" content=\"612\" \/>\n\t<meta property=\"og:image:height\" content=\"586\" \/>\n\t<meta property=\"og:image:type\" content=\"image\/jpeg\" \/>\n<meta name=\"twitter:card\" content=\"summary_large_image\" \/>\n<script type=\"application\/ld+json\" class=\"yoast-schema-graph\">{\"@context\":\"https:\\\/\\\/schema.org\",\"@graph\":[{\"@type\":\"WebPage\",\"@id\":\"https:\\\/\\\/www.yvar-bregeant.com\\\/pt-pt\\\/livros-ja-publicados-2\\\/\",\"url\":\"https:\\\/\\\/www.yvar-bregeant.com\\\/pt-pt\\\/livros-ja-publicados-2\\\/\",\"name\":\"Descobrir os livros de Yvar Bregeant\",\"isPartOf\":{\"@id\":\"https:\\\/\\\/www.yvar-bregeant.com\\\/pt-pt\\\/#website\"},\"primaryImageOfPage\":{\"@id\":\"https:\\\/\\\/www.yvar-bregeant.com\\\/pt-pt\\\/livros-ja-publicados-2\\\/#primaryimage\"},\"image\":{\"@id\":\"https:\\\/\\\/www.yvar-bregeant.com\\\/pt-pt\\\/livros-ja-publicados-2\\\/#primaryimage\"},\"thumbnailUrl\":\"https:\\\/\\\/www.yvar-bregeant.com\\\/wp-content\\\/uploads\\\/2023\\\/12\\\/Logo-de-presentation-onglet-structuration-1.jpg\",\"datePublished\":\"2024-03-28T18:43:41+00:00\",\"dateModified\":\"2025-04-04T17:26:43+00:00\",\"description\":\"Leia a pol\u00edtica de Yvar Bregeant sobre a disponibiliza\u00e7\u00e3o de sua pesquisa na forma de livros digitais, v\u00eddeos e artigos on-line.\",\"breadcrumb\":{\"@id\":\"https:\\\/\\\/www.yvar-bregeant.com\\\/pt-pt\\\/livros-ja-publicados-2\\\/#breadcrumb\"},\"inLanguage\":\"pt-PT\",\"potentialAction\":[{\"@type\":\"ReadAction\",\"target\":[\"https:\\\/\\\/www.yvar-bregeant.com\\\/pt-pt\\\/livros-ja-publicados-2\\\/\"]}]},{\"@type\":\"ImageObject\",\"inLanguage\":\"pt-PT\",\"@id\":\"https:\\\/\\\/www.yvar-bregeant.com\\\/pt-pt\\\/livros-ja-publicados-2\\\/#primaryimage\",\"url\":\"https:\\\/\\\/www.yvar-bregeant.com\\\/wp-content\\\/uploads\\\/2023\\\/12\\\/Logo-de-presentation-onglet-structuration-1.jpg\",\"contentUrl\":\"https:\\\/\\\/www.yvar-bregeant.com\\\/wp-content\\\/uploads\\\/2023\\\/12\\\/Logo-de-presentation-onglet-structuration-1.jpg\",\"width\":612,\"height\":586},{\"@type\":\"BreadcrumbList\",\"@id\":\"https:\\\/\\\/www.yvar-bregeant.com\\\/pt-pt\\\/livros-ja-publicados-2\\\/#breadcrumb\",\"itemListElement\":[{\"@type\":\"ListItem\",\"position\":1,\"name\":\"Accueil\",\"item\":\"https:\\\/\\\/www.yvar-bregeant.com\\\/pt-pt\\\/\"},{\"@type\":\"ListItem\",\"position\":2,\"name\":\"Minha pol\u00edtica de disponibiliza\u00e7\u00e3o da minha pesquisa\"}]},{\"@type\":\"WebSite\",\"@id\":\"https:\\\/\\\/www.yvar-bregeant.com\\\/pt-pt\\\/#website\",\"url\":\"https:\\\/\\\/www.yvar-bregeant.com\\\/pt-pt\\\/\",\"name\":\"Yvar Bregeant\",\"description\":\"\",\"publisher\":{\"@id\":\"https:\\\/\\\/www.yvar-bregeant.com\\\/pt-pt\\\/#organization\"},\"potentialAction\":[{\"@type\":\"SearchAction\",\"target\":{\"@type\":\"EntryPoint\",\"urlTemplate\":\"https:\\\/\\\/www.yvar-bregeant.com\\\/pt-pt\\\/?s={search_term_string}\"},\"query-input\":{\"@type\":\"PropertyValueSpecification\",\"valueRequired\":true,\"valueName\":\"search_term_string\"}}],\"inLanguage\":\"pt-PT\"},{\"@type\":\"Organization\",\"@id\":\"https:\\\/\\\/www.yvar-bregeant.com\\\/pt-pt\\\/#organization\",\"name\":\"Yvar Bregeant\",\"url\":\"https:\\\/\\\/www.yvar-bregeant.com\\\/pt-pt\\\/\",\"logo\":{\"@type\":\"ImageObject\",\"inLanguage\":\"pt-PT\",\"@id\":\"https:\\\/\\\/www.yvar-bregeant.com\\\/pt-pt\\\/#\\\/schema\\\/logo\\\/image\\\/\",\"url\":\"https:\\\/\\\/www.yvar-bregeant.com\\\/wp-content\\\/uploads\\\/2023\\\/12\\\/Logo-de-presentation-onglet-structuration-russe.jpg\",\"contentUrl\":\"https:\\\/\\\/www.yvar-bregeant.com\\\/wp-content\\\/uploads\\\/2023\\\/12\\\/Logo-de-presentation-onglet-structuration-russe.jpg\",\"width\":612,\"height\":586,\"caption\":\"Yvar Bregeant\"},\"image\":{\"@id\":\"https:\\\/\\\/www.yvar-bregeant.com\\\/pt-pt\\\/#\\\/schema\\\/logo\\\/image\\\/\"},\"sameAs\":[\"https:\\\/\\\/www.facebook.com\\\/profile.php?id=61553731625098\"]}]}<\/script>\n<!-- \/ Yoast SEO plugin. -->","yoast_head_json":{"title":"Descobrir os livros de Yvar Bregeant","description":"Leia a pol\u00edtica de Yvar Bregeant sobre a disponibiliza\u00e7\u00e3o de sua pesquisa na forma de livros digitais, v\u00eddeos e artigos on-line.","robots":{"index":"index","follow":"follow","max-snippet":"max-snippet:-1","max-image-preview":"max-image-preview:large","max-video-preview":"max-video-preview:-1"},"canonical":"https:\/\/www.yvar-bregeant.com\/pt-pt\/livros-ja-publicados-2\/","og_locale":"pt_PT","og_type":"article","og_title":"Descobrir os livros de Yvar Bregeant","og_description":"Leia a pol\u00edtica de Yvar Bregeant sobre a disponibiliza\u00e7\u00e3o de sua pesquisa na forma de livros digitais, v\u00eddeos e artigos on-line.","og_url":"https:\/\/www.yvar-bregeant.com\/pt-pt\/livros-ja-publicados-2\/","og_site_name":"Yvar Bregeant","article_publisher":"https:\/\/www.facebook.com\/profile.php?id=61553731625098","article_modified_time":"2025-04-04T17:26:43+00:00","og_image":[{"width":612,"height":586,"url":"https:\/\/www.yvar-bregeant.com\/wp-content\/uploads\/2023\/12\/Logo-de-presentation-onglet-structuration-1.jpg","type":"image\/jpeg"}],"twitter_card":"summary_large_image","schema":{"@context":"https:\/\/schema.org","@graph":[{"@type":"WebPage","@id":"https:\/\/www.yvar-bregeant.com\/pt-pt\/livros-ja-publicados-2\/","url":"https:\/\/www.yvar-bregeant.com\/pt-pt\/livros-ja-publicados-2\/","name":"Descobrir os livros de Yvar Bregeant","isPartOf":{"@id":"https:\/\/www.yvar-bregeant.com\/pt-pt\/#website"},"primaryImageOfPage":{"@id":"https:\/\/www.yvar-bregeant.com\/pt-pt\/livros-ja-publicados-2\/#primaryimage"},"image":{"@id":"https:\/\/www.yvar-bregeant.com\/pt-pt\/livros-ja-publicados-2\/#primaryimage"},"thumbnailUrl":"https:\/\/www.yvar-bregeant.com\/wp-content\/uploads\/2023\/12\/Logo-de-presentation-onglet-structuration-1.jpg","datePublished":"2024-03-28T18:43:41+00:00","dateModified":"2025-04-04T17:26:43+00:00","description":"Leia a pol\u00edtica de Yvar Bregeant sobre a disponibiliza\u00e7\u00e3o de sua pesquisa na forma de livros digitais, v\u00eddeos e artigos on-line.","breadcrumb":{"@id":"https:\/\/www.yvar-bregeant.com\/pt-pt\/livros-ja-publicados-2\/#breadcrumb"},"inLanguage":"pt-PT","potentialAction":[{"@type":"ReadAction","target":["https:\/\/www.yvar-bregeant.com\/pt-pt\/livros-ja-publicados-2\/"]}]},{"@type":"ImageObject","inLanguage":"pt-PT","@id":"https:\/\/www.yvar-bregeant.com\/pt-pt\/livros-ja-publicados-2\/#primaryimage","url":"https:\/\/www.yvar-bregeant.com\/wp-content\/uploads\/2023\/12\/Logo-de-presentation-onglet-structuration-1.jpg","contentUrl":"https:\/\/www.yvar-bregeant.com\/wp-content\/uploads\/2023\/12\/Logo-de-presentation-onglet-structuration-1.jpg","width":612,"height":586},{"@type":"BreadcrumbList","@id":"https:\/\/www.yvar-bregeant.com\/pt-pt\/livros-ja-publicados-2\/#breadcrumb","itemListElement":[{"@type":"ListItem","position":1,"name":"Accueil","item":"https:\/\/www.yvar-bregeant.com\/pt-pt\/"},{"@type":"ListItem","position":2,"name":"Minha pol\u00edtica de disponibiliza\u00e7\u00e3o da minha pesquisa"}]},{"@type":"WebSite","@id":"https:\/\/www.yvar-bregeant.com\/pt-pt\/#website","url":"https:\/\/www.yvar-bregeant.com\/pt-pt\/","name":"Yvar Bregeant","description":"","publisher":{"@id":"https:\/\/www.yvar-bregeant.com\/pt-pt\/#organization"},"potentialAction":[{"@type":"SearchAction","target":{"@type":"EntryPoint","urlTemplate":"https:\/\/www.yvar-bregeant.com\/pt-pt\/?s={search_term_string}"},"query-input":{"@type":"PropertyValueSpecification","valueRequired":true,"valueName":"search_term_string"}}],"inLanguage":"pt-PT"},{"@type":"Organization","@id":"https:\/\/www.yvar-bregeant.com\/pt-pt\/#organization","name":"Yvar Bregeant","url":"https:\/\/www.yvar-bregeant.com\/pt-pt\/","logo":{"@type":"ImageObject","inLanguage":"pt-PT","@id":"https:\/\/www.yvar-bregeant.com\/pt-pt\/#\/schema\/logo\/image\/","url":"https:\/\/www.yvar-bregeant.com\/wp-content\/uploads\/2023\/12\/Logo-de-presentation-onglet-structuration-russe.jpg","contentUrl":"https:\/\/www.yvar-bregeant.com\/wp-content\/uploads\/2023\/12\/Logo-de-presentation-onglet-structuration-russe.jpg","width":612,"height":586,"caption":"Yvar Bregeant"},"image":{"@id":"https:\/\/www.yvar-bregeant.com\/pt-pt\/#\/schema\/logo\/image\/"},"sameAs":["https:\/\/www.facebook.com\/profile.php?id=61553731625098"]}]}},"_links":{"self":[{"href":"https:\/\/www.yvar-bregeant.com\/pt-pt\/wp-json\/wp\/v2\/pages\/18489","targetHints":{"allow":["GET"]}}],"collection":[{"href":"https:\/\/www.yvar-bregeant.com\/pt-pt\/wp-json\/wp\/v2\/pages"}],"about":[{"href":"https:\/\/www.yvar-bregeant.com\/pt-pt\/wp-json\/wp\/v2\/types\/page"}],"author":[{"embeddable":true,"href":"https:\/\/www.yvar-bregeant.com\/pt-pt\/wp-json\/wp\/v2\/users\/4"}],"replies":[{"embeddable":true,"href":"https:\/\/www.yvar-bregeant.com\/pt-pt\/wp-json\/wp\/v2\/comments?post=18489"}],"version-history":[{"count":2,"href":"https:\/\/www.yvar-bregeant.com\/pt-pt\/wp-json\/wp\/v2\/pages\/18489\/revisions"}],"predecessor-version":[{"id":39057,"href":"https:\/\/www.yvar-bregeant.com\/pt-pt\/wp-json\/wp\/v2\/pages\/18489\/revisions\/39057"}],"wp:featuredmedia":[{"embeddable":true,"href":"https:\/\/www.yvar-bregeant.com\/pt-pt\/wp-json\/wp\/v2\/media\/4705"}],"wp:attachment":[{"href":"https:\/\/www.yvar-bregeant.com\/pt-pt\/wp-json\/wp\/v2\/media?parent=18489"}],"curies":[{"name":"wp","href":"https:\/\/api.w.org\/{rel}","templated":true}]}}