{"id":19068,"date":"2024-04-01T16:14:47","date_gmt":"2024-04-01T15:14:47","guid":{"rendered":"https:\/\/www.yvar-bregeant.com\/equity-crowdfunding-meus-agradecimentos-a-todos-os-meus-patrocinadores\/"},"modified":"2024-04-01T17:00:31","modified_gmt":"2024-04-01T17:00:31","slug":"equity-crowdfunding-meus-agradecimentos-a-todos-os-meus-patrocinadores","status":"publish","type":"page","link":"https:\/\/www.yvar-bregeant.com\/pt-pt\/equity-crowdfunding-meus-agradecimentos-a-todos-os-meus-patrocinadores\/","title":{"rendered":"Agradecimentos aos patrocinadores"},"content":{"rendered":"\t\t<div data-elementor-type=\"wp-page\" data-elementor-id=\"19068\" class=\"elementor elementor-19068\" data-elementor-post-type=\"page\">\n\t\t\t\t<div class=\"elementor-element elementor-element-3e6cace e-flex e-con-boxed e-con e-parent\" data-id=\"3e6cace\" data-element_type=\"container\" data-e-type=\"container\">\n\t\t\t\t\t<div class=\"e-con-inner\">\n\t\t\t\t<div class=\"elementor-element elementor-element-0a2acfe elementor-widget elementor-widget-text-editor\" data-id=\"0a2acfe\" data-element_type=\"widget\" data-e-type=\"widget\" data-widget_type=\"text-editor.default\">\n\t\t\t\t<div class=\"elementor-widget-container\">\n\t\t\t\t\t\t\t\t\t<p><span style=\"color: #000000;\">De acordo com minha pol\u00edtica de disponibilizar minha pesquisa na forma de livros, artigos e v\u00eddeos, que convido voc\u00ea a reler neste link: <\/span><\/p>\n<p><span style=\"color: #3366ff;\"><strong><a style=\"color: #3366ff;\" href=\"https:\/\/www.yvar-bregeant.com\/pt-pt\/livros-ja-publicados-2\/\" target=\"_blank\" rel=\"noopener\">Minha pol\u00edtica de disponibiliza\u00e7\u00e3o da minha pesquisa<\/a><\/strong><\/span><\/p>\n<p><span style=\"color: #000000;\">Isso significa disponibilizar todo o meu trabalho para o maior n\u00famero poss\u00edvel de pessoas, independentemente de cor, ra\u00e7a, credo, classe social e, na medida do poss\u00edvel, idioma (meu site pretende ser totalmente traduzido para 10 idiomas); e <\/span><span style=\"color: #000000;\">conceder-me apenas 3 meios para tentar garantir um m\u00ednimo de autonomia financeira para acelerar minha produ\u00e7\u00e3o e distribu\u00ed-la mais amplamente:<\/span><\/p>\n<p><span style=\"color: #000000;\">Venda de livros digitais<\/span><\/p>\n<p><span style=\"color: #000000;\">Financiamento participativo<\/span><\/p>\n<p><span style=\"color: #000000;\">Receita de publicidade do meu canal no YouTube<\/span><\/p>\n<p><span style=\"color: #000000;\">Esta p\u00e1gina, como o pr\u00f3prio nome sugere, \u00e9 dedicada a agradecer nominalmente a todos os meus patrocinadores em todo o mundo que, por meio de v\u00e1rias plataformas (principalmente o Quickstarter), ajudaram a me apoiar e sem os quais, sem d\u00favida, eu n\u00e3o teria conseguido fazer tudo no pouco tempo que me resta.<\/span><\/p>\n<p><span style=\"color: #000000;\">Veja abaixo a lista, em ordem alfab\u00e9tica, de todos os meus patrocinadores e doadores, com um enorme agradecimento da minha parte pela confian\u00e7a e apoio: <\/span><\/p><\/p>\n\t\t\t\t\t\t\t\t<\/div>\n\t\t\t\t<\/div>\n\t\t\t\t\t<\/div>\n\t\t\t\t<\/div>\n\t\t\t\t<\/div>\n\t\t","protected":false},"excerpt":{"rendered":"<p>De acordo com minha pol\u00edtica de disponibilizar minha pesquisa na forma de livros, artigos e v\u00eddeos, que convido voc\u00ea a reler neste link: Minha pol\u00edtica de disponibiliza\u00e7\u00e3o da minha pesquisa Isso significa disponibilizar todo o meu trabalho para o maior n\u00famero poss\u00edvel de pessoas, independentemente de cor, ra\u00e7a, credo, classe social e, na medida do [&hellip;]<\/p>\n","protected":false},"author":4,"featured_media":0,"parent":0,"menu_order":0,"comment_status":"closed","ping_status":"closed","template":"","meta":{"footnotes":""},"class_list":["post-19068","page","type-page","status-publish","hentry"],"yoast_head":"<!-- This site is optimized with the Yoast SEO plugin v27.5 - https:\/\/yoast.com\/product\/yoast-seo-wordpress\/ -->\n<title>Agradecimentos aos patrocinadores - Yvar Bregeant<\/title>\n<meta name=\"description\" content=\"Nesta p\u00e1gina, gostaria de agradecer nominalmente a todos os patrocinadores de todo o mundo que acreditaram em mim e me apoiaram em meu projeto.\" \/>\n<meta name=\"robots\" content=\"index, follow, max-snippet:-1, max-image-preview:large, max-video-preview:-1\" \/>\n<link rel=\"canonical\" href=\"https:\/\/www.yvar-bregeant.com\/pt-pt\/equity-crowdfunding-meus-agradecimentos-a-todos-os-meus-patrocinadores\/\" \/>\n<meta property=\"og:locale\" content=\"pt_PT\" \/>\n<meta property=\"og:type\" content=\"article\" \/>\n<meta property=\"og:title\" content=\"Agradecimentos aos patrocinadores - Yvar Bregeant\" \/>\n<meta property=\"og:description\" content=\"Nesta p\u00e1gina, gostaria de agradecer nominalmente a todos os patrocinadores de todo o mundo que acreditaram em mim e me apoiaram em meu projeto.\" \/>\n<meta property=\"og:url\" content=\"https:\/\/www.yvar-bregeant.com\/pt-pt\/equity-crowdfunding-meus-agradecimentos-a-todos-os-meus-patrocinadores\/\" \/>\n<meta property=\"og:site_name\" content=\"Yvar Bregeant\" \/>\n<meta property=\"article:publisher\" content=\"https:\/\/www.facebook.com\/profile.php?id=61553731625098\" \/>\n<meta property=\"article:modified_time\" content=\"2024-04-01T17:00:31+00:00\" \/>\n<meta name=\"twitter:card\" content=\"summary_large_image\" \/>\n<meta name=\"twitter:label1\" content=\"Tempo estimado de leitura\" \/>\n\t<meta name=\"twitter:data1\" content=\"1 minuto\" \/>\n<script type=\"application\/ld+json\" class=\"yoast-schema-graph\">{\"@context\":\"https:\\\/\\\/schema.org\",\"@graph\":[{\"@type\":\"WebPage\",\"@id\":\"https:\\\/\\\/www.yvar-bregeant.com\\\/pt-pt\\\/equity-crowdfunding-meus-agradecimentos-a-todos-os-meus-patrocinadores\\\/\",\"url\":\"https:\\\/\\\/www.yvar-bregeant.com\\\/pt-pt\\\/equity-crowdfunding-meus-agradecimentos-a-todos-os-meus-patrocinadores\\\/\",\"name\":\"Agradecimentos aos patrocinadores - Yvar Bregeant\",\"isPartOf\":{\"@id\":\"https:\\\/\\\/www.yvar-bregeant.com\\\/pt-pt\\\/#website\"},\"datePublished\":\"2024-04-01T15:14:47+00:00\",\"dateModified\":\"2024-04-01T17:00:31+00:00\",\"description\":\"Nesta p\u00e1gina, gostaria de agradecer nominalmente a todos os patrocinadores de todo o mundo que acreditaram em mim e me apoiaram em meu projeto.\",\"breadcrumb\":{\"@id\":\"https:\\\/\\\/www.yvar-bregeant.com\\\/pt-pt\\\/equity-crowdfunding-meus-agradecimentos-a-todos-os-meus-patrocinadores\\\/#breadcrumb\"},\"inLanguage\":\"pt-PT\",\"potentialAction\":[{\"@type\":\"ReadAction\",\"target\":[\"https:\\\/\\\/www.yvar-bregeant.com\\\/pt-pt\\\/equity-crowdfunding-meus-agradecimentos-a-todos-os-meus-patrocinadores\\\/\"]}]},{\"@type\":\"BreadcrumbList\",\"@id\":\"https:\\\/\\\/www.yvar-bregeant.com\\\/pt-pt\\\/equity-crowdfunding-meus-agradecimentos-a-todos-os-meus-patrocinadores\\\/#breadcrumb\",\"itemListElement\":[{\"@type\":\"ListItem\",\"position\":1,\"name\":\"Accueil\",\"item\":\"https:\\\/\\\/www.yvar-bregeant.com\\\/pt-pt\\\/\"},{\"@type\":\"ListItem\",\"position\":2,\"name\":\"Agradecimentos aos patrocinadores\"}]},{\"@type\":\"WebSite\",\"@id\":\"https:\\\/\\\/www.yvar-bregeant.com\\\/pt-pt\\\/#website\",\"url\":\"https:\\\/\\\/www.yvar-bregeant.com\\\/pt-pt\\\/\",\"name\":\"Yvar Bregeant\",\"description\":\"\",\"publisher\":{\"@id\":\"https:\\\/\\\/www.yvar-bregeant.com\\\/pt-pt\\\/#organization\"},\"potentialAction\":[{\"@type\":\"SearchAction\",\"target\":{\"@type\":\"EntryPoint\",\"urlTemplate\":\"https:\\\/\\\/www.yvar-bregeant.com\\\/pt-pt\\\/?s={search_term_string}\"},\"query-input\":{\"@type\":\"PropertyValueSpecification\",\"valueRequired\":true,\"valueName\":\"search_term_string\"}}],\"inLanguage\":\"pt-PT\"},{\"@type\":\"Organization\",\"@id\":\"https:\\\/\\\/www.yvar-bregeant.com\\\/pt-pt\\\/#organization\",\"name\":\"Yvar Bregeant\",\"url\":\"https:\\\/\\\/www.yvar-bregeant.com\\\/pt-pt\\\/\",\"logo\":{\"@type\":\"ImageObject\",\"inLanguage\":\"pt-PT\",\"@id\":\"https:\\\/\\\/www.yvar-bregeant.com\\\/pt-pt\\\/#\\\/schema\\\/logo\\\/image\\\/\",\"url\":\"https:\\\/\\\/www.yvar-bregeant.com\\\/wp-content\\\/uploads\\\/2023\\\/12\\\/Logo-de-presentation-onglet-structuration-russe.jpg\",\"contentUrl\":\"https:\\\/\\\/www.yvar-bregeant.com\\\/wp-content\\\/uploads\\\/2023\\\/12\\\/Logo-de-presentation-onglet-structuration-russe.jpg\",\"width\":612,\"height\":586,\"caption\":\"Yvar Bregeant\"},\"image\":{\"@id\":\"https:\\\/\\\/www.yvar-bregeant.com\\\/pt-pt\\\/#\\\/schema\\\/logo\\\/image\\\/\"},\"sameAs\":[\"https:\\\/\\\/www.facebook.com\\\/profile.php?id=61553731625098\"]}]}<\/script>\n<!-- \/ Yoast SEO plugin. -->","yoast_head_json":{"title":"Agradecimentos aos patrocinadores - Yvar Bregeant","description":"Nesta p\u00e1gina, gostaria de agradecer nominalmente a todos os patrocinadores de todo o mundo que acreditaram em mim e me apoiaram em meu projeto.","robots":{"index":"index","follow":"follow","max-snippet":"max-snippet:-1","max-image-preview":"max-image-preview:large","max-video-preview":"max-video-preview:-1"},"canonical":"https:\/\/www.yvar-bregeant.com\/pt-pt\/equity-crowdfunding-meus-agradecimentos-a-todos-os-meus-patrocinadores\/","og_locale":"pt_PT","og_type":"article","og_title":"Agradecimentos aos patrocinadores - Yvar Bregeant","og_description":"Nesta p\u00e1gina, gostaria de agradecer nominalmente a todos os patrocinadores de todo o mundo que acreditaram em mim e me apoiaram em meu projeto.","og_url":"https:\/\/www.yvar-bregeant.com\/pt-pt\/equity-crowdfunding-meus-agradecimentos-a-todos-os-meus-patrocinadores\/","og_site_name":"Yvar Bregeant","article_publisher":"https:\/\/www.facebook.com\/profile.php?id=61553731625098","article_modified_time":"2024-04-01T17:00:31+00:00","twitter_card":"summary_large_image","twitter_misc":{"Tempo estimado de leitura":"1 minuto"},"schema":{"@context":"https:\/\/schema.org","@graph":[{"@type":"WebPage","@id":"https:\/\/www.yvar-bregeant.com\/pt-pt\/equity-crowdfunding-meus-agradecimentos-a-todos-os-meus-patrocinadores\/","url":"https:\/\/www.yvar-bregeant.com\/pt-pt\/equity-crowdfunding-meus-agradecimentos-a-todos-os-meus-patrocinadores\/","name":"Agradecimentos aos patrocinadores - Yvar Bregeant","isPartOf":{"@id":"https:\/\/www.yvar-bregeant.com\/pt-pt\/#website"},"datePublished":"2024-04-01T15:14:47+00:00","dateModified":"2024-04-01T17:00:31+00:00","description":"Nesta p\u00e1gina, gostaria de agradecer nominalmente a todos os patrocinadores de todo o mundo que acreditaram em mim e me apoiaram em meu projeto.","breadcrumb":{"@id":"https:\/\/www.yvar-bregeant.com\/pt-pt\/equity-crowdfunding-meus-agradecimentos-a-todos-os-meus-patrocinadores\/#breadcrumb"},"inLanguage":"pt-PT","potentialAction":[{"@type":"ReadAction","target":["https:\/\/www.yvar-bregeant.com\/pt-pt\/equity-crowdfunding-meus-agradecimentos-a-todos-os-meus-patrocinadores\/"]}]},{"@type":"BreadcrumbList","@id":"https:\/\/www.yvar-bregeant.com\/pt-pt\/equity-crowdfunding-meus-agradecimentos-a-todos-os-meus-patrocinadores\/#breadcrumb","itemListElement":[{"@type":"ListItem","position":1,"name":"Accueil","item":"https:\/\/www.yvar-bregeant.com\/pt-pt\/"},{"@type":"ListItem","position":2,"name":"Agradecimentos aos patrocinadores"}]},{"@type":"WebSite","@id":"https:\/\/www.yvar-bregeant.com\/pt-pt\/#website","url":"https:\/\/www.yvar-bregeant.com\/pt-pt\/","name":"Yvar Bregeant","description":"","publisher":{"@id":"https:\/\/www.yvar-bregeant.com\/pt-pt\/#organization"},"potentialAction":[{"@type":"SearchAction","target":{"@type":"EntryPoint","urlTemplate":"https:\/\/www.yvar-bregeant.com\/pt-pt\/?s={search_term_string}"},"query-input":{"@type":"PropertyValueSpecification","valueRequired":true,"valueName":"search_term_string"}}],"inLanguage":"pt-PT"},{"@type":"Organization","@id":"https:\/\/www.yvar-bregeant.com\/pt-pt\/#organization","name":"Yvar Bregeant","url":"https:\/\/www.yvar-bregeant.com\/pt-pt\/","logo":{"@type":"ImageObject","inLanguage":"pt-PT","@id":"https:\/\/www.yvar-bregeant.com\/pt-pt\/#\/schema\/logo\/image\/","url":"https:\/\/www.yvar-bregeant.com\/wp-content\/uploads\/2023\/12\/Logo-de-presentation-onglet-structuration-russe.jpg","contentUrl":"https:\/\/www.yvar-bregeant.com\/wp-content\/uploads\/2023\/12\/Logo-de-presentation-onglet-structuration-russe.jpg","width":612,"height":586,"caption":"Yvar Bregeant"},"image":{"@id":"https:\/\/www.yvar-bregeant.com\/pt-pt\/#\/schema\/logo\/image\/"},"sameAs":["https:\/\/www.facebook.com\/profile.php?id=61553731625098"]}]}},"_links":{"self":[{"href":"https:\/\/www.yvar-bregeant.com\/pt-pt\/wp-json\/wp\/v2\/pages\/19068","targetHints":{"allow":["GET"]}}],"collection":[{"href":"https:\/\/www.yvar-bregeant.com\/pt-pt\/wp-json\/wp\/v2\/pages"}],"about":[{"href":"https:\/\/www.yvar-bregeant.com\/pt-pt\/wp-json\/wp\/v2\/types\/page"}],"author":[{"embeddable":true,"href":"https:\/\/www.yvar-bregeant.com\/pt-pt\/wp-json\/wp\/v2\/users\/4"}],"replies":[{"embeddable":true,"href":"https:\/\/www.yvar-bregeant.com\/pt-pt\/wp-json\/wp\/v2\/comments?post=19068"}],"version-history":[{"count":2,"href":"https:\/\/www.yvar-bregeant.com\/pt-pt\/wp-json\/wp\/v2\/pages\/19068\/revisions"}],"predecessor-version":[{"id":19087,"href":"https:\/\/www.yvar-bregeant.com\/pt-pt\/wp-json\/wp\/v2\/pages\/19068\/revisions\/19087"}],"wp:attachment":[{"href":"https:\/\/www.yvar-bregeant.com\/pt-pt\/wp-json\/wp\/v2\/media?parent=19068"}],"curies":[{"name":"wp","href":"https:\/\/api.w.org\/{rel}","templated":true}]}}