{"id":18492,"date":"2024-03-28T19:43:41","date_gmt":"2024-03-28T18:43:41","guid":{"rendered":"https:\/\/www.yvar-bregeant.com\/?page_id=18492"},"modified":"2025-04-04T18:36:35","modified_gmt":"2025-04-04T17:36:35","slug":"halihazirda-yayinlanmis-kitaplar-2","status":"publish","type":"page","link":"https:\/\/www.yvar-bregeant.com\/tr\/halihazirda-yayinlanmis-kitaplar-2\/","title":{"rendered":"Ara\u015ft\u0131rmalar\u0131m\u0131 eri\u015fime a\u00e7ma politikam"},"content":{"rendered":"\t\t<div data-elementor-type=\"wp-page\" data-elementor-id=\"18492\" class=\"elementor elementor-18492 elementor-18484\" data-elementor-post-type=\"page\">\n\t\t\t\t\t\t<section class=\"elementor-section elementor-top-section elementor-element elementor-element-4135eb54 elementor-section-boxed elementor-section-height-default elementor-section-height-default\" data-id=\"4135eb54\" data-element_type=\"section\" data-e-type=\"section\" data-settings=\"{&quot;background_background&quot;:&quot;classic&quot;}\">\n\t\t\t\t\t\t\t<div class=\"elementor-background-overlay\"><\/div>\n\t\t\t\t\t\t\t<div class=\"elementor-container elementor-column-gap-default\">\n\t\t\t\t\t<div class=\"elementor-column elementor-col-100 elementor-top-column elementor-element elementor-element-43041edf\" data-id=\"43041edf\" data-element_type=\"column\" data-e-type=\"column\">\n\t\t\t<div class=\"elementor-widget-wrap elementor-element-populated\">\n\t\t\t\t\t\t<div class=\"elementor-element elementor-element-792a7221 elementor-widget elementor-widget-heading\" data-id=\"792a7221\" data-element_type=\"widget\" data-e-type=\"widget\" data-widget_type=\"heading.default\">\n\t\t\t\t<div class=\"elementor-widget-container\">\n\t\t\t\t\t<h1 class=\"elementor-heading-title elementor-size-default\">Ara\u015ft\u0131rmalar\u0131m\u0131 eri\u015fime a\u00e7ma politikam<\/h1>\t\t\t\t<\/div>\n\t\t\t\t<\/div>\n\t\t\t\t<div class=\"elementor-element elementor-element-6a323ba elementor-widget elementor-widget-spacer\" data-id=\"6a323ba\" data-element_type=\"widget\" data-e-type=\"widget\" data-widget_type=\"spacer.default\">\n\t\t\t\t<div class=\"elementor-widget-container\">\n\t\t\t\t\t\t\t<div class=\"elementor-spacer\">\n\t\t\t<div class=\"elementor-spacer-inner\"><\/div>\n\t\t<\/div>\n\t\t\t\t\t\t<\/div>\n\t\t\t\t<\/div>\n\t\t\t\t<div class=\"elementor-element elementor-element-054249f elementor-widget elementor-widget-spacer\" data-id=\"054249f\" data-element_type=\"widget\" data-e-type=\"widget\" data-widget_type=\"spacer.default\">\n\t\t\t\t<div class=\"elementor-widget-container\">\n\t\t\t\t\t\t\t<div class=\"elementor-spacer\">\n\t\t\t<div class=\"elementor-spacer-inner\"><\/div>\n\t\t<\/div>\n\t\t\t\t\t\t<\/div>\n\t\t\t\t<\/div>\n\t\t\t\t\t<\/div>\n\t\t<\/div>\n\t\t\t\t\t<\/div>\n\t\t<\/section>\n\t\t\t\t<section class=\"elementor-section elementor-top-section elementor-element elementor-element-9993bf9 elementor-section-boxed elementor-section-height-default elementor-section-height-default\" data-id=\"9993bf9\" data-element_type=\"section\" data-e-type=\"section\" data-settings=\"{&quot;background_background&quot;:&quot;gradient&quot;}\">\n\t\t\t\t\t\t<div class=\"elementor-container elementor-column-gap-no\">\n\t\t\t\t\t<div class=\"elementor-column elementor-col-100 elementor-top-column elementor-element elementor-element-22ab6e5\" data-id=\"22ab6e5\" data-element_type=\"column\" data-e-type=\"column\">\n\t\t\t<div class=\"elementor-widget-wrap elementor-element-populated\">\n\t\t\t\t\t\t<div class=\"elementor-element elementor-element-2893092 elementor-widget elementor-widget-html\" data-id=\"2893092\" data-element_type=\"widget\" data-e-type=\"widget\" data-widget_type=\"html.default\">\n\t\t\t\t<div class=\"elementor-widget-container\">\n\t\t\t\t\t<a href=\"https:\/\/fr.tipeee.com\/yvar-bregeant\" class=\"tipeee-goal-block\" data-color=\"blue\">Suporte a yvar bregeant no Tipeee<\/a>\r\n<script async=\"\" src=\"https:\/\/plugin.tipeee.com\/widget.js\" charset=\"utf-8\"><\/script>\t\t\t\t<\/div>\n\t\t\t\t<\/div>\n\t\t<div class=\"elementor-element elementor-element-0f2954c e-con-full e-flex e-con e-parent\" data-id=\"0f2954c\" data-element_type=\"container\" data-e-type=\"container\" data-settings=\"{&quot;background_background&quot;:&quot;classic&quot;}\">\n\t\t\t\t<div class=\"elementor-element elementor-element-1f03338 elementor-widget elementor-widget-text-editor\" data-id=\"1f03338\" data-element_type=\"widget\" data-e-type=\"widget\" data-widget_type=\"text-editor.default\">\n\t\t\t\t<div class=\"elementor-widget-container\">\n\t\t\t\t\t\t\t\t\t<p>Y\u00fcr\u00fctt\u00fc\u011f\u00fcm ara\u015ft\u0131rman\u0131n kamu yarar\u0131na oldu\u011funa ve bu nedenle ki\u015fisel \u00e7\u0131karlar\u0131m\u0131n \u00e7ok \u00f6tesine ge\u00e7ti\u011fine inan\u0131yorum.<\/p><p>Bu nedenle t\u00fcm yay\u0131nlar\u0131m\u0131 (kitaplar, makaleler ve videolar) internet \u00fczerinden \u00fccretsiz olarak eri\u015filebilir k\u0131lmak istedim.<\/p><p>Tarihimizi, k\u00f6kenlerimizi ve inan\u00e7lar\u0131m\u0131z\u0131 anlamak i\u00e7in \u00e7ok yararl\u0131 oldu\u011funa inand\u0131\u011f\u0131m bilgileri payla\u015fmak i\u00e7in i\u00e7ten bir arzu duyuyorum.<\/p><p>Bu nedenle ge\u00e7mi\u015fte t\u00fcm kitaplar\u0131m\u0131 b\u00f6l\u00fcmlere ayr\u0131lm\u0131\u015f makaleler \u015feklinde internete koymak i\u00e7in samimi bir \u00e7aba sarf ettim. <br>&#8216;yi ziyaret ederek bunu kendiniz de g\u00f6rebilirsiniz:<\/p><p><strong><a href=\"https:\/\/www.yvar-bregeant.com\/tr\/cevrimici-okuyun\/\">MAKALELER <\/a><\/strong><\/p><p>Ancak, herkes gibi ben de finansal k\u0131s\u0131tlamalarla ve t\u00fcm ara\u015ft\u0131rmam tamamlanm\u0131\u015f ve \u015fimdi sadece bir araya getirme meselesi olmas\u0131na ra\u011fmen t\u00fcm projemi tamamlamak i\u00e7in zaman eksikli\u011fiyle kar\u015f\u0131 kar\u015f\u0131yay\u0131m.<\/p><p>Bu i\u015fe devam edebilmemin tek yolunun kitaplar\u0131m\u0131n sat\u0131\u015f\u0131yla finanse etmek oldu\u011fu sonucuna vard\u0131m.<\/p><p>Ayr\u0131ca yak\u0131nda sayg\u0131n bir yay\u0131nc\u0131 bulmay\u0131 umuyorum, b\u00f6ylece \u00e7al\u0131\u015fmalar\u0131m \u00e7ok daha yayg\u0131n bir \u015fekilde da\u011f\u0131t\u0131labilir.<\/p><p>Bu bak\u0131mdan 2. Cilt ve 10 kitab\u0131n her birinin b\u00fcy\u00fck ilgi uyand\u0131raca\u011f\u0131na kesinlikle inan\u0131yorum.<\/p><p>Bu arada, pratik de\u011feri a\u00e7\u0131s\u0131ndan hi\u00e7bir \u015feyi de\u011fi\u015ftirmeyece\u011fi i\u00e7in dijital kitab\u0131 okuman\u0131z\u0131 \u015fiddetle tavsiye ederim:<\/p><ul><li>Dijital kitap \u00f6zeti, kitab\u0131n ilginizi \u00e7eken b\u00f6l\u00fcm\u00fcne an\u0131nda eri\u015fmenizi sa\u011flar.<\/li><li>Metinde geli\u015ftirilen arg\u00fcmanlar\u0131 destekleyen \u00e7ok say\u0131da referans ve dipnota hiper metin ba\u011flant\u0131lar\u0131 arac\u0131l\u0131\u011f\u0131yla an\u0131nda eri\u015fim. Bu, okumay\u0131 ve gezinmeyi \u00e7ok daha kolay hale getirir.<\/li><li>Hiyeroglif resimleri dijital kitaplarda da mevcut, ancak \u00e7evrimi\u00e7i makalelerde bu her zaman m\u00fcmk\u00fcn olmuyor \u00e7\u00fcnk\u00fc bunlar\u0131 tek tek elle eklemem \u00e7ok uzun s\u00fcr\u00fcyor. Sonunda, \u00e7evrimi\u00e7i makalelere yaln\u0131zca logogramlar\u0131 veya hiyerogliflerin transliterasyonlar\u0131n\u0131 ekleyebilece\u011fim. Bu da bas\u0131l\u0131 kitab\u0131n zor olmas\u0131n\u0131n bir ba\u015fka nedeni, \u00e7\u00fcnk\u00fc hiyeroglifleri eklemek mizanpaj\u0131 daha karma\u015f\u0131k hale getiriyor.  <\/li><\/ul>\t\t\t\t\t\t\t\t<\/div>\n\t\t\t\t<\/div>\n\t\t\t\t<\/div>\n\t\t\t\t<div class=\"elementor-element elementor-element-a86f541 elementor-widget__width-initial elementor-widget elementor-widget-text-editor\" data-id=\"a86f541\" data-element_type=\"widget\" data-e-type=\"widget\" data-widget_type=\"text-editor.default\">\n\t\t\t\t<div class=\"elementor-widget-container\">\n\t\t\t\t\t\t\t\t\t<p>D\u00fckkan\u0131m\u0131 ziyaret edin <a href=\"https:\/\/www.yvar-bregeant.com\/tr\/halihazirda-yayinlanmis-kitaplar\/\">K\u0130TAPLAR<\/a>  <\/p><p>Facebook sayfama ve Youtube kanal\u0131ma abone olarak beni desteklemeyi unutmay\u0131n!<\/p><p><strong>\u015e\u0130MD\u0130 ABONE OLUN! <\/strong>(A\u015eA\u011eIDAKI IKONLARA TIKLAYIN)<\/p>\t\t\t\t\t\t\t\t<\/div>\n\t\t\t\t<\/div>\n\t\t\t\t<div class=\"elementor-element elementor-element-90769be elementor-shape-rounded elementor-grid-0 e-grid-align-center elementor-widget elementor-widget-social-icons\" data-id=\"90769be\" data-element_type=\"widget\" data-e-type=\"widget\" data-widget_type=\"social-icons.default\">\n\t\t\t\t<div class=\"elementor-widget-container\">\n\t\t\t\t\t\t\t<div class=\"elementor-social-icons-wrapper elementor-grid\" role=\"list\">\n\t\t\t\t\t\t\t<span class=\"elementor-grid-item\" role=\"listitem\">\n\t\t\t\t\t<a class=\"elementor-icon elementor-social-icon elementor-social-icon-facebook elementor-repeater-item-caf1fcc\" href=\"https:\/\/www.facebook.com\/profile.php?id=61553731625098\" target=\"_blank\">\n\t\t\t\t\t\t<span class=\"elementor-screen-only\">Facebook<\/span>\n\t\t\t\t\t\t<i aria-hidden=\"true\" class=\"fab fa-facebook\"><\/i>\t\t\t\t\t<\/a>\n\t\t\t\t<\/span>\n\t\t\t\t\t\t\t<span class=\"elementor-grid-item\" role=\"listitem\">\n\t\t\t\t\t<a class=\"elementor-icon elementor-social-icon elementor-social-icon-youtube elementor-repeater-item-04c1fda\" href=\"https:\/\/www.youtube.com\/channel\/UCghMOgQ5pn4mzwHvtYhrmnw\" target=\"_blank\">\n\t\t\t\t\t\t<span class=\"elementor-screen-only\">Youtube<\/span>\n\t\t\t\t\t\t<i aria-hidden=\"true\" class=\"fab fa-youtube\"><\/i>\t\t\t\t\t<\/a>\n\t\t\t\t<\/span>\n\t\t\t\t\t\t\t<span class=\"elementor-grid-item\" role=\"listitem\">\n\t\t\t\t\t<a class=\"elementor-icon elementor-social-icon elementor-social-icon-jki-shopping-cart1-light elementor-repeater-item-c4f3672\" href=\"https:\/\/laveritablehistoiredesreligionsdelhumanite.myshopify.com\/\" target=\"_blank\">\n\t\t\t\t\t\t<span class=\"elementor-screen-only\">Jki-shopping-cart1-light<\/span>\n\t\t\t\t\t\t<i aria-hidden=\"true\" class=\"jki jki-shopping-cart1-light\"><\/i>\t\t\t\t\t<\/a>\n\t\t\t\t<\/span>\n\t\t\t\t\t\t\t<span class=\"elementor-grid-item\" role=\"listitem\">\n\t\t\t\t\t<a class=\"elementor-icon elementor-social-icon elementor-social-icon-instagram elementor-repeater-item-f3c3a00\" href=\"https:\/\/www.instagram.com\/yvarbregeant\/\" target=\"_blank\">\n\t\t\t\t\t\t<span class=\"elementor-screen-only\">Instagram<\/span>\n\t\t\t\t\t\t<i aria-hidden=\"true\" class=\"fab fa-instagram\"><\/i>\t\t\t\t\t<\/a>\n\t\t\t\t<\/span>\n\t\t\t\t\t<\/div>\n\t\t\t\t\t\t<\/div>\n\t\t\t\t<\/div>\n\t\t\t\t<div class=\"elementor-element elementor-element-b900286 elementor-widget elementor-widget-text-editor\" data-id=\"b900286\" data-element_type=\"widget\" data-e-type=\"widget\" data-widget_type=\"text-editor.default\">\n\t\t\t\t<div class=\"elementor-widget-container\">\n\t\t\t\t\t\t\t\t\t<p>Son olarak, kitaplar\u0131m\u0131n \u00f6nemli bir b\u00f6l\u00fcm\u00fcn\u00fc ve hatta baz\u0131lar\u0131n\u0131 \u015fimdilik tamam\u0131n\u0131 bu sitede \u00fccretsiz olarak kullan\u0131ma sunmam\u0131n, bunlar\u0131n kamu mal\u0131 oldu\u011fu anlam\u0131na gelmedi\u011fini l\u00fctfen unutmay\u0131n. <br>Her hal\u00fckarda, telif haklar\u0131m\u0131n tek sahibi olmaya devam ediyorum ve bu nedenle sizden en az\u0131ndan, \u00f6rne\u011fin kendi yaz\u0131lar\u0131n\u0131zda \u00e7al\u0131\u015fmam\u0131n bir k\u0131sm\u0131ndan bahsedecek olursan\u0131z, olas\u0131 al\u0131nt\u0131lar yoluyla eme\u011fimin meyvelerini kabul etmenizi rica ediyorum. <br>Bir referans yazardan her al\u0131nt\u0131 yapt\u0131\u011f\u0131mda i\u00e7tenlikle yapmaya \u00e7al\u0131\u015ft\u0131\u011f\u0131m \u015fey budur. Bunu dipnotlar\u0131mda ve kaynak\u00e7amda g\u00f6rebilirsiniz. <\/p><p>Ve b\u00f6ylece, eski bir deyi\u015fin dedi\u011fi gibi:<\/p><p>Frans\u0131z Fikri M\u00fclkiyet Kanunu, toplu kullan\u0131m i\u00e7in kopyalamalar\u0131 veya \u00e7o\u011faltmalar\u0131 yasaklamaktad\u0131r. Eser sahibinin veya haleflerinin izni olmadan herhangi bir i\u015flemle tamamen veya k\u0131smen temsil edilmesi yasa d\u0131\u015f\u0131d\u0131r ve Frans\u0131z Fikri M\u00fclkiyet Kanunu&#8217;nun L335-2 ve devam\u0131 maddeleri uyar\u0131nca cezaland\u0131r\u0131labilir bir ihlal te\u015fkil eder.<\/p><p>Bunu s\u00f6yledikten sonra, umar\u0131m okurken keyif al\u0131rs\u0131n\u0131z ve elinizden gelen her t\u00fcrl\u00fc deste\u011finiz i\u00e7in \u015fimdiden te\u015fekk\u00fcr ederim!<\/p><p>Yvar<\/p>\t\t\t\t\t\t\t\t<\/div>\n\t\t\t\t<\/div>\n\t\t\t\t\t<\/div>\n\t\t<\/div>\n\t\t\t\t\t<\/div>\n\t\t<\/section>\n\t\t\t\t<\/div>\n\t\t","protected":false},"excerpt":{"rendered":"<p>Ara\u015ft\u0131rmalar\u0131m\u0131 eri\u015fime a\u00e7ma politikam Suporte a yvar bregeant no Tipeee Y\u00fcr\u00fctt\u00fc\u011f\u00fcm ara\u015ft\u0131rman\u0131n kamu yarar\u0131na oldu\u011funa ve bu nedenle ki\u015fisel \u00e7\u0131karlar\u0131m\u0131n \u00e7ok \u00f6tesine ge\u00e7ti\u011fine inan\u0131yorum. Bu nedenle t\u00fcm yay\u0131nlar\u0131m\u0131 (kitaplar, makaleler ve videolar) internet \u00fczerinden \u00fccretsiz olarak eri\u015filebilir k\u0131lmak istedim. Tarihimizi, k\u00f6kenlerimizi ve inan\u00e7lar\u0131m\u0131z\u0131 anlamak i\u00e7in \u00e7ok yararl\u0131 oldu\u011funa inand\u0131\u011f\u0131m bilgileri payla\u015fmak i\u00e7in i\u00e7ten bir arzu [&hellip;]<\/p>\n","protected":false},"author":4,"featured_media":4708,"parent":0,"menu_order":0,"comment_status":"closed","ping_status":"closed","template":"elementor_header_footer","meta":{"footnotes":""},"class_list":["post-18492","page","type-page","status-publish","has-post-thumbnail","hentry"],"yoast_head":"<!-- This site is optimized with the Yoast SEO plugin v27.5 - https:\/\/yoast.com\/product\/yoast-seo-wordpress\/ -->\n<title>Yvar Bregeant adl\u0131 kullan\u0131c\u0131n\u0131n kitaplar\u0131n\u0131 ke\u015ffedin<\/title>\n<meta name=\"description\" content=\"Yvar Bregeant&#039;\u0131n ara\u015ft\u0131rmalar\u0131n\u0131 dijital kitaplar, videolar ve \u00e7evrimi\u00e7i makaleler \u015feklinde kullan\u0131ma sunma politikas\u0131n\u0131 okuyun.\" \/>\n<meta name=\"robots\" content=\"index, follow, max-snippet:-1, max-image-preview:large, max-video-preview:-1\" \/>\n<link rel=\"canonical\" href=\"https:\/\/www.yvar-bregeant.com\/tr\/halihazirda-yayinlanmis-kitaplar-2\/\" \/>\n<meta property=\"og:locale\" content=\"tr_TR\" \/>\n<meta property=\"og:type\" content=\"article\" \/>\n<meta property=\"og:title\" content=\"Yvar Bregeant adl\u0131 kullan\u0131c\u0131n\u0131n kitaplar\u0131n\u0131 ke\u015ffedin\" \/>\n<meta property=\"og:description\" content=\"Yvar Bregeant&#039;\u0131n ara\u015ft\u0131rmalar\u0131n\u0131 dijital kitaplar, videolar ve \u00e7evrimi\u00e7i makaleler \u015feklinde kullan\u0131ma sunma politikas\u0131n\u0131 okuyun.\" \/>\n<meta property=\"og:url\" content=\"https:\/\/www.yvar-bregeant.com\/tr\/halihazirda-yayinlanmis-kitaplar-2\/\" \/>\n<meta property=\"og:site_name\" content=\"Yvar Bregeant\" \/>\n<meta property=\"article:publisher\" content=\"https:\/\/www.facebook.com\/profile.php?id=61553731625098\" \/>\n<meta property=\"article:modified_time\" content=\"2025-04-04T17:36:35+00:00\" \/>\n<meta property=\"og:image\" content=\"https:\/\/www.yvar-bregeant.com\/wp-content\/uploads\/2023\/12\/Logo-de-presentation-onglet-structuration-1.jpg\" \/>\n\t<meta property=\"og:image:width\" content=\"612\" \/>\n\t<meta property=\"og:image:height\" content=\"586\" \/>\n\t<meta property=\"og:image:type\" content=\"image\/jpeg\" \/>\n<meta name=\"twitter:card\" content=\"summary_large_image\" \/>\n<meta name=\"twitter:label1\" content=\"Tahmini okuma s\u00fcresi\" \/>\n\t<meta name=\"twitter:data1\" content=\"4 dakika\" \/>\n<script type=\"application\/ld+json\" class=\"yoast-schema-graph\">{\"@context\":\"https:\\\/\\\/schema.org\",\"@graph\":[{\"@type\":\"WebPage\",\"@id\":\"https:\\\/\\\/www.yvar-bregeant.com\\\/tr\\\/halihazirda-yayinlanmis-kitaplar-2\\\/\",\"url\":\"https:\\\/\\\/www.yvar-bregeant.com\\\/tr\\\/halihazirda-yayinlanmis-kitaplar-2\\\/\",\"name\":\"Yvar Bregeant adl\u0131 kullan\u0131c\u0131n\u0131n kitaplar\u0131n\u0131 ke\u015ffedin\",\"isPartOf\":{\"@id\":\"https:\\\/\\\/www.yvar-bregeant.com\\\/tr\\\/#website\"},\"primaryImageOfPage\":{\"@id\":\"https:\\\/\\\/www.yvar-bregeant.com\\\/tr\\\/halihazirda-yayinlanmis-kitaplar-2\\\/#primaryimage\"},\"image\":{\"@id\":\"https:\\\/\\\/www.yvar-bregeant.com\\\/tr\\\/halihazirda-yayinlanmis-kitaplar-2\\\/#primaryimage\"},\"thumbnailUrl\":\"https:\\\/\\\/www.yvar-bregeant.com\\\/wp-content\\\/uploads\\\/2023\\\/12\\\/Logo-de-presentation-onglet-structuration-1.jpg\",\"datePublished\":\"2024-03-28T18:43:41+00:00\",\"dateModified\":\"2025-04-04T17:36:35+00:00\",\"description\":\"Yvar Bregeant'\u0131n ara\u015ft\u0131rmalar\u0131n\u0131 dijital kitaplar, videolar ve \u00e7evrimi\u00e7i makaleler \u015feklinde kullan\u0131ma sunma politikas\u0131n\u0131 okuyun.\",\"breadcrumb\":{\"@id\":\"https:\\\/\\\/www.yvar-bregeant.com\\\/tr\\\/halihazirda-yayinlanmis-kitaplar-2\\\/#breadcrumb\"},\"inLanguage\":\"tr\",\"potentialAction\":[{\"@type\":\"ReadAction\",\"target\":[\"https:\\\/\\\/www.yvar-bregeant.com\\\/tr\\\/halihazirda-yayinlanmis-kitaplar-2\\\/\"]}]},{\"@type\":\"ImageObject\",\"inLanguage\":\"tr\",\"@id\":\"https:\\\/\\\/www.yvar-bregeant.com\\\/tr\\\/halihazirda-yayinlanmis-kitaplar-2\\\/#primaryimage\",\"url\":\"https:\\\/\\\/www.yvar-bregeant.com\\\/wp-content\\\/uploads\\\/2023\\\/12\\\/Logo-de-presentation-onglet-structuration-1.jpg\",\"contentUrl\":\"https:\\\/\\\/www.yvar-bregeant.com\\\/wp-content\\\/uploads\\\/2023\\\/12\\\/Logo-de-presentation-onglet-structuration-1.jpg\",\"width\":612,\"height\":586},{\"@type\":\"BreadcrumbList\",\"@id\":\"https:\\\/\\\/www.yvar-bregeant.com\\\/tr\\\/halihazirda-yayinlanmis-kitaplar-2\\\/#breadcrumb\",\"itemListElement\":[{\"@type\":\"ListItem\",\"position\":1,\"name\":\"Accueil\",\"item\":\"https:\\\/\\\/www.yvar-bregeant.com\\\/tr\\\/\"},{\"@type\":\"ListItem\",\"position\":2,\"name\":\"Ara\u015ft\u0131rmalar\u0131m\u0131 eri\u015fime a\u00e7ma politikam\"}]},{\"@type\":\"WebSite\",\"@id\":\"https:\\\/\\\/www.yvar-bregeant.com\\\/tr\\\/#website\",\"url\":\"https:\\\/\\\/www.yvar-bregeant.com\\\/tr\\\/\",\"name\":\"Yvar Bregeant\",\"description\":\"\",\"publisher\":{\"@id\":\"https:\\\/\\\/www.yvar-bregeant.com\\\/tr\\\/#organization\"},\"potentialAction\":[{\"@type\":\"SearchAction\",\"target\":{\"@type\":\"EntryPoint\",\"urlTemplate\":\"https:\\\/\\\/www.yvar-bregeant.com\\\/tr\\\/?s={search_term_string}\"},\"query-input\":{\"@type\":\"PropertyValueSpecification\",\"valueRequired\":true,\"valueName\":\"search_term_string\"}}],\"inLanguage\":\"tr\"},{\"@type\":\"Organization\",\"@id\":\"https:\\\/\\\/www.yvar-bregeant.com\\\/tr\\\/#organization\",\"name\":\"Yvar Bregeant\",\"url\":\"https:\\\/\\\/www.yvar-bregeant.com\\\/tr\\\/\",\"logo\":{\"@type\":\"ImageObject\",\"inLanguage\":\"tr\",\"@id\":\"https:\\\/\\\/www.yvar-bregeant.com\\\/tr\\\/#\\\/schema\\\/logo\\\/image\\\/\",\"url\":\"https:\\\/\\\/www.yvar-bregeant.com\\\/wp-content\\\/uploads\\\/2023\\\/12\\\/Logo-de-presentation-onglet-structuration-russe.jpg\",\"contentUrl\":\"https:\\\/\\\/www.yvar-bregeant.com\\\/wp-content\\\/uploads\\\/2023\\\/12\\\/Logo-de-presentation-onglet-structuration-russe.jpg\",\"width\":612,\"height\":586,\"caption\":\"Yvar Bregeant\"},\"image\":{\"@id\":\"https:\\\/\\\/www.yvar-bregeant.com\\\/tr\\\/#\\\/schema\\\/logo\\\/image\\\/\"},\"sameAs\":[\"https:\\\/\\\/www.facebook.com\\\/profile.php?id=61553731625098\"]}]}<\/script>\n<!-- \/ Yoast SEO plugin. -->","yoast_head_json":{"title":"Yvar Bregeant adl\u0131 kullan\u0131c\u0131n\u0131n kitaplar\u0131n\u0131 ke\u015ffedin","description":"Yvar Bregeant'\u0131n ara\u015ft\u0131rmalar\u0131n\u0131 dijital kitaplar, videolar ve \u00e7evrimi\u00e7i makaleler \u015feklinde kullan\u0131ma sunma politikas\u0131n\u0131 okuyun.","robots":{"index":"index","follow":"follow","max-snippet":"max-snippet:-1","max-image-preview":"max-image-preview:large","max-video-preview":"max-video-preview:-1"},"canonical":"https:\/\/www.yvar-bregeant.com\/tr\/halihazirda-yayinlanmis-kitaplar-2\/","og_locale":"tr_TR","og_type":"article","og_title":"Yvar Bregeant adl\u0131 kullan\u0131c\u0131n\u0131n kitaplar\u0131n\u0131 ke\u015ffedin","og_description":"Yvar Bregeant'\u0131n ara\u015ft\u0131rmalar\u0131n\u0131 dijital kitaplar, videolar ve \u00e7evrimi\u00e7i makaleler \u015feklinde kullan\u0131ma sunma politikas\u0131n\u0131 okuyun.","og_url":"https:\/\/www.yvar-bregeant.com\/tr\/halihazirda-yayinlanmis-kitaplar-2\/","og_site_name":"Yvar Bregeant","article_publisher":"https:\/\/www.facebook.com\/profile.php?id=61553731625098","article_modified_time":"2025-04-04T17:36:35+00:00","og_image":[{"width":612,"height":586,"url":"https:\/\/www.yvar-bregeant.com\/wp-content\/uploads\/2023\/12\/Logo-de-presentation-onglet-structuration-1.jpg","type":"image\/jpeg"}],"twitter_card":"summary_large_image","twitter_misc":{"Tahmini okuma s\u00fcresi":"4 dakika"},"schema":{"@context":"https:\/\/schema.org","@graph":[{"@type":"WebPage","@id":"https:\/\/www.yvar-bregeant.com\/tr\/halihazirda-yayinlanmis-kitaplar-2\/","url":"https:\/\/www.yvar-bregeant.com\/tr\/halihazirda-yayinlanmis-kitaplar-2\/","name":"Yvar Bregeant adl\u0131 kullan\u0131c\u0131n\u0131n kitaplar\u0131n\u0131 ke\u015ffedin","isPartOf":{"@id":"https:\/\/www.yvar-bregeant.com\/tr\/#website"},"primaryImageOfPage":{"@id":"https:\/\/www.yvar-bregeant.com\/tr\/halihazirda-yayinlanmis-kitaplar-2\/#primaryimage"},"image":{"@id":"https:\/\/www.yvar-bregeant.com\/tr\/halihazirda-yayinlanmis-kitaplar-2\/#primaryimage"},"thumbnailUrl":"https:\/\/www.yvar-bregeant.com\/wp-content\/uploads\/2023\/12\/Logo-de-presentation-onglet-structuration-1.jpg","datePublished":"2024-03-28T18:43:41+00:00","dateModified":"2025-04-04T17:36:35+00:00","description":"Yvar Bregeant'\u0131n ara\u015ft\u0131rmalar\u0131n\u0131 dijital kitaplar, videolar ve \u00e7evrimi\u00e7i makaleler \u015feklinde kullan\u0131ma sunma politikas\u0131n\u0131 okuyun.","breadcrumb":{"@id":"https:\/\/www.yvar-bregeant.com\/tr\/halihazirda-yayinlanmis-kitaplar-2\/#breadcrumb"},"inLanguage":"tr","potentialAction":[{"@type":"ReadAction","target":["https:\/\/www.yvar-bregeant.com\/tr\/halihazirda-yayinlanmis-kitaplar-2\/"]}]},{"@type":"ImageObject","inLanguage":"tr","@id":"https:\/\/www.yvar-bregeant.com\/tr\/halihazirda-yayinlanmis-kitaplar-2\/#primaryimage","url":"https:\/\/www.yvar-bregeant.com\/wp-content\/uploads\/2023\/12\/Logo-de-presentation-onglet-structuration-1.jpg","contentUrl":"https:\/\/www.yvar-bregeant.com\/wp-content\/uploads\/2023\/12\/Logo-de-presentation-onglet-structuration-1.jpg","width":612,"height":586},{"@type":"BreadcrumbList","@id":"https:\/\/www.yvar-bregeant.com\/tr\/halihazirda-yayinlanmis-kitaplar-2\/#breadcrumb","itemListElement":[{"@type":"ListItem","position":1,"name":"Accueil","item":"https:\/\/www.yvar-bregeant.com\/tr\/"},{"@type":"ListItem","position":2,"name":"Ara\u015ft\u0131rmalar\u0131m\u0131 eri\u015fime a\u00e7ma politikam"}]},{"@type":"WebSite","@id":"https:\/\/www.yvar-bregeant.com\/tr\/#website","url":"https:\/\/www.yvar-bregeant.com\/tr\/","name":"Yvar Bregeant","description":"","publisher":{"@id":"https:\/\/www.yvar-bregeant.com\/tr\/#organization"},"potentialAction":[{"@type":"SearchAction","target":{"@type":"EntryPoint","urlTemplate":"https:\/\/www.yvar-bregeant.com\/tr\/?s={search_term_string}"},"query-input":{"@type":"PropertyValueSpecification","valueRequired":true,"valueName":"search_term_string"}}],"inLanguage":"tr"},{"@type":"Organization","@id":"https:\/\/www.yvar-bregeant.com\/tr\/#organization","name":"Yvar Bregeant","url":"https:\/\/www.yvar-bregeant.com\/tr\/","logo":{"@type":"ImageObject","inLanguage":"tr","@id":"https:\/\/www.yvar-bregeant.com\/tr\/#\/schema\/logo\/image\/","url":"https:\/\/www.yvar-bregeant.com\/wp-content\/uploads\/2023\/12\/Logo-de-presentation-onglet-structuration-russe.jpg","contentUrl":"https:\/\/www.yvar-bregeant.com\/wp-content\/uploads\/2023\/12\/Logo-de-presentation-onglet-structuration-russe.jpg","width":612,"height":586,"caption":"Yvar Bregeant"},"image":{"@id":"https:\/\/www.yvar-bregeant.com\/tr\/#\/schema\/logo\/image\/"},"sameAs":["https:\/\/www.facebook.com\/profile.php?id=61553731625098"]}]}},"_links":{"self":[{"href":"https:\/\/www.yvar-bregeant.com\/tr\/wp-json\/wp\/v2\/pages\/18492","targetHints":{"allow":["GET"]}}],"collection":[{"href":"https:\/\/www.yvar-bregeant.com\/tr\/wp-json\/wp\/v2\/pages"}],"about":[{"href":"https:\/\/www.yvar-bregeant.com\/tr\/wp-json\/wp\/v2\/types\/page"}],"author":[{"embeddable":true,"href":"https:\/\/www.yvar-bregeant.com\/tr\/wp-json\/wp\/v2\/users\/4"}],"replies":[{"embeddable":true,"href":"https:\/\/www.yvar-bregeant.com\/tr\/wp-json\/wp\/v2\/comments?post=18492"}],"version-history":[{"count":2,"href":"https:\/\/www.yvar-bregeant.com\/tr\/wp-json\/wp\/v2\/pages\/18492\/revisions"}],"predecessor-version":[{"id":39062,"href":"https:\/\/www.yvar-bregeant.com\/tr\/wp-json\/wp\/v2\/pages\/18492\/revisions\/39062"}],"wp:featuredmedia":[{"embeddable":true,"href":"https:\/\/www.yvar-bregeant.com\/tr\/wp-json\/wp\/v2\/media\/4708"}],"wp:attachment":[{"href":"https:\/\/www.yvar-bregeant.com\/tr\/wp-json\/wp\/v2\/media?parent=18492"}],"curies":[{"name":"wp","href":"https:\/\/api.w.org\/{rel}","templated":true}]}}