{"id":19074,"date":"2024-04-01T16:14:47","date_gmt":"2024-04-01T15:14:47","guid":{"rendered":"https:\/\/www.yvar-bregeant.com\/hisse-senedi-kitlesel-fonlamasi-tum-sponsorlarima-tesekkur-ederim\/"},"modified":"2024-04-01T17:02:07","modified_gmt":"2024-04-01T17:02:07","slug":"hisse-senedi-kitlesel-fonlamasi-tum-sponsorlarima-tesekkur-ederim","status":"publish","type":"page","link":"https:\/\/www.yvar-bregeant.com\/tr\/hisse-senedi-kitlesel-fonlamasi-tum-sponsorlarima-tesekkur-ederim\/","title":{"rendered":"Sponsorlar\u0131m\u0131za te\u015fekk\u00fcrler"},"content":{"rendered":"\t\t<div data-elementor-type=\"wp-page\" data-elementor-id=\"19074\" class=\"elementor elementor-19074\" data-elementor-post-type=\"page\">\n\t\t\t\t<div class=\"elementor-element elementor-element-3e6cace e-flex e-con-boxed e-con e-parent\" data-id=\"3e6cace\" data-element_type=\"container\" data-e-type=\"container\">\n\t\t\t\t\t<div class=\"e-con-inner\">\n\t\t\t\t<div class=\"elementor-element elementor-element-0a2acfe elementor-widget elementor-widget-text-editor\" data-id=\"0a2acfe\" data-element_type=\"widget\" data-e-type=\"widget\" data-widget_type=\"text-editor.default\">\n\t\t\t\t<div class=\"elementor-widget-container\">\n\t\t\t\t\t\t\t\t\t<p><span style=\"color: #000000;\">Ara\u015ft\u0131rmalar\u0131m\u0131 kitap, makale ve video olarak sunma politikam \u00e7er\u00e7evesinde, sizi bu ba\u011flant\u0131dan tekrar okumaya davet ediyorum: <\/span><\/p>\n<p><span style=\"color: #3366ff;\"><strong><a style=\"color: #3366ff;\" href=\"https:\/\/www.yvar-bregeant.com\/tr\/halihazirda-yayinlanmis-kitaplar-2\/\" target=\"_blank\" rel=\"noopener\">Ara\u015ft\u0131rmalar\u0131m\u0131 eri\u015fime a\u00e7ma politikam<\/a><\/strong><\/span><\/p>\n<p><span style=\"color: #000000;\">Bu, t\u00fcm \u00e7al\u0131\u015fmalar\u0131m\u0131 renk, \u0131rk, inan\u00e7, sosyal s\u0131n\u0131f ve m\u00fcmk\u00fcn oldu\u011funca dil (sitem 10 dile tam olarak \u00e7evrilmeyi hedeflemektedir) g\u00f6zetmeksizin m\u00fcmk\u00fcn oldu\u011funca \u00e7ok insan\u0131n eri\u015fimine sunmak anlam\u0131na gelir; ve <\/span><span style=\"color: #000000;\">\u00dcretimimi h\u0131zland\u0131rmak ve daha yayg\u0131n bir \u015fekilde da\u011f\u0131tmak i\u00e7in asgari bir mali \u00f6zerklik sa\u011flamaya \u00e7al\u0131\u015fmak i\u00e7in bana sadece 3 ara\u00e7 vermek:<\/span><\/p>\n<p><span style=\"color: #000000;\">Dijital kitap sat\u0131\u015f\u0131<\/span><\/p>\n<p><span style=\"color: #000000;\">Kat\u0131l\u0131mc\u0131 finansman<\/span><\/p>\n<p><span style=\"color: #000000;\">You tube kanal\u0131mdan elde etti\u011fim reklam geliri<\/span><\/p>\n<p><span style=\"color: #000000;\">Bu sayfa, ad\u0131ndan da anla\u015f\u0131laca\u011f\u0131 \u00fczere, \u00e7e\u015fitli platformlar (\u00f6zellikle Quickstarter) arac\u0131l\u0131\u011f\u0131yla beni desteklemeye yard\u0131mc\u0131 olan ve onlar olmadan, hi\u00e7 \u015f\u00fcphesiz, kalan k\u0131sa s\u00fcrede her \u015feyi yapamayaca\u011f\u0131m d\u00fcnyan\u0131n d\u00f6rt bir yan\u0131ndaki t\u00fcm sponsorlar\u0131ma ismen te\u015fekk\u00fcr etmeye adanm\u0131\u015ft\u0131r.<\/span><\/p>\n<p><span style=\"color: #000000;\">L\u00fctfen a\u015fa\u011f\u0131da alfabetik s\u0131rayla t\u00fcm sponsorlar\u0131m\u0131n ve ba\u011f\u0131\u015f\u00e7\u0131lar\u0131m\u0131n listesini bulabilir, g\u00fcvenleri ve destekleri i\u00e7in kendilerine \u00e7ok te\u015fekk\u00fcr ederim: <\/span><\/p><\/p>\n\t\t\t\t\t\t\t\t<\/div>\n\t\t\t\t<\/div>\n\t\t\t\t\t<\/div>\n\t\t\t\t<\/div>\n\t\t\t\t<\/div>\n\t\t","protected":false},"excerpt":{"rendered":"<p>Ara\u015ft\u0131rmalar\u0131m\u0131 kitap, makale ve video olarak sunma politikam \u00e7er\u00e7evesinde, sizi bu ba\u011flant\u0131dan tekrar okumaya davet ediyorum: Ara\u015ft\u0131rmalar\u0131m\u0131 eri\u015fime a\u00e7ma politikam Bu, t\u00fcm \u00e7al\u0131\u015fmalar\u0131m\u0131 renk, \u0131rk, inan\u00e7, sosyal s\u0131n\u0131f ve m\u00fcmk\u00fcn oldu\u011funca dil (sitem 10 dile tam olarak \u00e7evrilmeyi hedeflemektedir) g\u00f6zetmeksizin m\u00fcmk\u00fcn oldu\u011funca \u00e7ok insan\u0131n eri\u015fimine sunmak anlam\u0131na gelir; ve \u00dcretimimi h\u0131zland\u0131rmak ve daha yayg\u0131n bir [&hellip;]<\/p>\n","protected":false},"author":4,"featured_media":0,"parent":0,"menu_order":0,"comment_status":"closed","ping_status":"closed","template":"","meta":{"footnotes":""},"class_list":["post-19074","page","type-page","status-publish","hentry"],"yoast_head":"<!-- This site is optimized with the Yoast SEO plugin v27.5 - https:\/\/yoast.com\/product\/yoast-seo-wordpress\/ -->\n<title>Sponsorlar\u0131m\u0131za te\u015fekk\u00fcrler - Yvar Bregeant<\/title>\n<meta name=\"description\" content=\"Bu sayfada, d\u00fcnyan\u0131n d\u00f6rt bir yan\u0131ndan bana inanan ve projemde bana destek olan t\u00fcm sponsorlara isimleriyle te\u015fekk\u00fcr etmek istiyorum.\" \/>\n<meta name=\"robots\" content=\"index, follow, max-snippet:-1, max-image-preview:large, max-video-preview:-1\" \/>\n<link rel=\"canonical\" href=\"https:\/\/www.yvar-bregeant.com\/tr\/hisse-senedi-kitlesel-fonlamasi-tum-sponsorlarima-tesekkur-ederim\/\" \/>\n<meta property=\"og:locale\" content=\"tr_TR\" \/>\n<meta property=\"og:type\" content=\"article\" \/>\n<meta property=\"og:title\" content=\"Sponsorlar\u0131m\u0131za te\u015fekk\u00fcrler - Yvar Bregeant\" \/>\n<meta property=\"og:description\" content=\"Bu sayfada, d\u00fcnyan\u0131n d\u00f6rt bir yan\u0131ndan bana inanan ve projemde bana destek olan t\u00fcm sponsorlara isimleriyle te\u015fekk\u00fcr etmek istiyorum.\" \/>\n<meta property=\"og:url\" content=\"https:\/\/www.yvar-bregeant.com\/tr\/hisse-senedi-kitlesel-fonlamasi-tum-sponsorlarima-tesekkur-ederim\/\" \/>\n<meta property=\"og:site_name\" content=\"Yvar Bregeant\" \/>\n<meta property=\"article:publisher\" content=\"https:\/\/www.facebook.com\/profile.php?id=61553731625098\" \/>\n<meta property=\"article:modified_time\" content=\"2024-04-01T17:02:07+00:00\" \/>\n<meta name=\"twitter:card\" content=\"summary_large_image\" \/>\n<meta name=\"twitter:label1\" content=\"Tahmini okuma s\u00fcresi\" \/>\n\t<meta name=\"twitter:data1\" content=\"1 dakika\" \/>\n<script type=\"application\/ld+json\" class=\"yoast-schema-graph\">{\"@context\":\"https:\\\/\\\/schema.org\",\"@graph\":[{\"@type\":\"WebPage\",\"@id\":\"https:\\\/\\\/www.yvar-bregeant.com\\\/tr\\\/hisse-senedi-kitlesel-fonlamasi-tum-sponsorlarima-tesekkur-ederim\\\/\",\"url\":\"https:\\\/\\\/www.yvar-bregeant.com\\\/tr\\\/hisse-senedi-kitlesel-fonlamasi-tum-sponsorlarima-tesekkur-ederim\\\/\",\"name\":\"Sponsorlar\u0131m\u0131za te\u015fekk\u00fcrler - Yvar Bregeant\",\"isPartOf\":{\"@id\":\"https:\\\/\\\/www.yvar-bregeant.com\\\/tr\\\/#website\"},\"datePublished\":\"2024-04-01T15:14:47+00:00\",\"dateModified\":\"2024-04-01T17:02:07+00:00\",\"description\":\"Bu sayfada, d\u00fcnyan\u0131n d\u00f6rt bir yan\u0131ndan bana inanan ve projemde bana destek olan t\u00fcm sponsorlara isimleriyle te\u015fekk\u00fcr etmek istiyorum.\",\"breadcrumb\":{\"@id\":\"https:\\\/\\\/www.yvar-bregeant.com\\\/tr\\\/hisse-senedi-kitlesel-fonlamasi-tum-sponsorlarima-tesekkur-ederim\\\/#breadcrumb\"},\"inLanguage\":\"tr\",\"potentialAction\":[{\"@type\":\"ReadAction\",\"target\":[\"https:\\\/\\\/www.yvar-bregeant.com\\\/tr\\\/hisse-senedi-kitlesel-fonlamasi-tum-sponsorlarima-tesekkur-ederim\\\/\"]}]},{\"@type\":\"BreadcrumbList\",\"@id\":\"https:\\\/\\\/www.yvar-bregeant.com\\\/tr\\\/hisse-senedi-kitlesel-fonlamasi-tum-sponsorlarima-tesekkur-ederim\\\/#breadcrumb\",\"itemListElement\":[{\"@type\":\"ListItem\",\"position\":1,\"name\":\"Accueil\",\"item\":\"https:\\\/\\\/www.yvar-bregeant.com\\\/tr\\\/\"},{\"@type\":\"ListItem\",\"position\":2,\"name\":\"Sponsorlar\u0131m\u0131za te\u015fekk\u00fcrler\"}]},{\"@type\":\"WebSite\",\"@id\":\"https:\\\/\\\/www.yvar-bregeant.com\\\/tr\\\/#website\",\"url\":\"https:\\\/\\\/www.yvar-bregeant.com\\\/tr\\\/\",\"name\":\"Yvar Bregeant\",\"description\":\"\",\"publisher\":{\"@id\":\"https:\\\/\\\/www.yvar-bregeant.com\\\/tr\\\/#organization\"},\"potentialAction\":[{\"@type\":\"SearchAction\",\"target\":{\"@type\":\"EntryPoint\",\"urlTemplate\":\"https:\\\/\\\/www.yvar-bregeant.com\\\/tr\\\/?s={search_term_string}\"},\"query-input\":{\"@type\":\"PropertyValueSpecification\",\"valueRequired\":true,\"valueName\":\"search_term_string\"}}],\"inLanguage\":\"tr\"},{\"@type\":\"Organization\",\"@id\":\"https:\\\/\\\/www.yvar-bregeant.com\\\/tr\\\/#organization\",\"name\":\"Yvar Bregeant\",\"url\":\"https:\\\/\\\/www.yvar-bregeant.com\\\/tr\\\/\",\"logo\":{\"@type\":\"ImageObject\",\"inLanguage\":\"tr\",\"@id\":\"https:\\\/\\\/www.yvar-bregeant.com\\\/tr\\\/#\\\/schema\\\/logo\\\/image\\\/\",\"url\":\"https:\\\/\\\/www.yvar-bregeant.com\\\/wp-content\\\/uploads\\\/2023\\\/12\\\/Logo-de-presentation-onglet-structuration-russe.jpg\",\"contentUrl\":\"https:\\\/\\\/www.yvar-bregeant.com\\\/wp-content\\\/uploads\\\/2023\\\/12\\\/Logo-de-presentation-onglet-structuration-russe.jpg\",\"width\":612,\"height\":586,\"caption\":\"Yvar Bregeant\"},\"image\":{\"@id\":\"https:\\\/\\\/www.yvar-bregeant.com\\\/tr\\\/#\\\/schema\\\/logo\\\/image\\\/\"},\"sameAs\":[\"https:\\\/\\\/www.facebook.com\\\/profile.php?id=61553731625098\"]}]}<\/script>\n<!-- \/ Yoast SEO plugin. -->","yoast_head_json":{"title":"Sponsorlar\u0131m\u0131za te\u015fekk\u00fcrler - Yvar Bregeant","description":"Bu sayfada, d\u00fcnyan\u0131n d\u00f6rt bir yan\u0131ndan bana inanan ve projemde bana destek olan t\u00fcm sponsorlara isimleriyle te\u015fekk\u00fcr etmek istiyorum.","robots":{"index":"index","follow":"follow","max-snippet":"max-snippet:-1","max-image-preview":"max-image-preview:large","max-video-preview":"max-video-preview:-1"},"canonical":"https:\/\/www.yvar-bregeant.com\/tr\/hisse-senedi-kitlesel-fonlamasi-tum-sponsorlarima-tesekkur-ederim\/","og_locale":"tr_TR","og_type":"article","og_title":"Sponsorlar\u0131m\u0131za te\u015fekk\u00fcrler - Yvar Bregeant","og_description":"Bu sayfada, d\u00fcnyan\u0131n d\u00f6rt bir yan\u0131ndan bana inanan ve projemde bana destek olan t\u00fcm sponsorlara isimleriyle te\u015fekk\u00fcr etmek istiyorum.","og_url":"https:\/\/www.yvar-bregeant.com\/tr\/hisse-senedi-kitlesel-fonlamasi-tum-sponsorlarima-tesekkur-ederim\/","og_site_name":"Yvar Bregeant","article_publisher":"https:\/\/www.facebook.com\/profile.php?id=61553731625098","article_modified_time":"2024-04-01T17:02:07+00:00","twitter_card":"summary_large_image","twitter_misc":{"Tahmini okuma s\u00fcresi":"1 dakika"},"schema":{"@context":"https:\/\/schema.org","@graph":[{"@type":"WebPage","@id":"https:\/\/www.yvar-bregeant.com\/tr\/hisse-senedi-kitlesel-fonlamasi-tum-sponsorlarima-tesekkur-ederim\/","url":"https:\/\/www.yvar-bregeant.com\/tr\/hisse-senedi-kitlesel-fonlamasi-tum-sponsorlarima-tesekkur-ederim\/","name":"Sponsorlar\u0131m\u0131za te\u015fekk\u00fcrler - Yvar Bregeant","isPartOf":{"@id":"https:\/\/www.yvar-bregeant.com\/tr\/#website"},"datePublished":"2024-04-01T15:14:47+00:00","dateModified":"2024-04-01T17:02:07+00:00","description":"Bu sayfada, d\u00fcnyan\u0131n d\u00f6rt bir yan\u0131ndan bana inanan ve projemde bana destek olan t\u00fcm sponsorlara isimleriyle te\u015fekk\u00fcr etmek istiyorum.","breadcrumb":{"@id":"https:\/\/www.yvar-bregeant.com\/tr\/hisse-senedi-kitlesel-fonlamasi-tum-sponsorlarima-tesekkur-ederim\/#breadcrumb"},"inLanguage":"tr","potentialAction":[{"@type":"ReadAction","target":["https:\/\/www.yvar-bregeant.com\/tr\/hisse-senedi-kitlesel-fonlamasi-tum-sponsorlarima-tesekkur-ederim\/"]}]},{"@type":"BreadcrumbList","@id":"https:\/\/www.yvar-bregeant.com\/tr\/hisse-senedi-kitlesel-fonlamasi-tum-sponsorlarima-tesekkur-ederim\/#breadcrumb","itemListElement":[{"@type":"ListItem","position":1,"name":"Accueil","item":"https:\/\/www.yvar-bregeant.com\/tr\/"},{"@type":"ListItem","position":2,"name":"Sponsorlar\u0131m\u0131za te\u015fekk\u00fcrler"}]},{"@type":"WebSite","@id":"https:\/\/www.yvar-bregeant.com\/tr\/#website","url":"https:\/\/www.yvar-bregeant.com\/tr\/","name":"Yvar Bregeant","description":"","publisher":{"@id":"https:\/\/www.yvar-bregeant.com\/tr\/#organization"},"potentialAction":[{"@type":"SearchAction","target":{"@type":"EntryPoint","urlTemplate":"https:\/\/www.yvar-bregeant.com\/tr\/?s={search_term_string}"},"query-input":{"@type":"PropertyValueSpecification","valueRequired":true,"valueName":"search_term_string"}}],"inLanguage":"tr"},{"@type":"Organization","@id":"https:\/\/www.yvar-bregeant.com\/tr\/#organization","name":"Yvar Bregeant","url":"https:\/\/www.yvar-bregeant.com\/tr\/","logo":{"@type":"ImageObject","inLanguage":"tr","@id":"https:\/\/www.yvar-bregeant.com\/tr\/#\/schema\/logo\/image\/","url":"https:\/\/www.yvar-bregeant.com\/wp-content\/uploads\/2023\/12\/Logo-de-presentation-onglet-structuration-russe.jpg","contentUrl":"https:\/\/www.yvar-bregeant.com\/wp-content\/uploads\/2023\/12\/Logo-de-presentation-onglet-structuration-russe.jpg","width":612,"height":586,"caption":"Yvar Bregeant"},"image":{"@id":"https:\/\/www.yvar-bregeant.com\/tr\/#\/schema\/logo\/image\/"},"sameAs":["https:\/\/www.facebook.com\/profile.php?id=61553731625098"]}]}},"_links":{"self":[{"href":"https:\/\/www.yvar-bregeant.com\/tr\/wp-json\/wp\/v2\/pages\/19074","targetHints":{"allow":["GET"]}}],"collection":[{"href":"https:\/\/www.yvar-bregeant.com\/tr\/wp-json\/wp\/v2\/pages"}],"about":[{"href":"https:\/\/www.yvar-bregeant.com\/tr\/wp-json\/wp\/v2\/types\/page"}],"author":[{"embeddable":true,"href":"https:\/\/www.yvar-bregeant.com\/tr\/wp-json\/wp\/v2\/users\/4"}],"replies":[{"embeddable":true,"href":"https:\/\/www.yvar-bregeant.com\/tr\/wp-json\/wp\/v2\/comments?post=19074"}],"version-history":[{"count":2,"href":"https:\/\/www.yvar-bregeant.com\/tr\/wp-json\/wp\/v2\/pages\/19074\/revisions"}],"predecessor-version":[{"id":19093,"href":"https:\/\/www.yvar-bregeant.com\/tr\/wp-json\/wp\/v2\/pages\/19074\/revisions\/19093"}],"wp:attachment":[{"href":"https:\/\/www.yvar-bregeant.com\/tr\/wp-json\/wp\/v2\/media?parent=19074"}],"curies":[{"name":"wp","href":"https:\/\/api.w.org\/{rel}","templated":true}]}}